{"id":462687,"date":"2025-06-13T05:30:31","date_gmt":"2025-06-13T03:30:31","guid":{"rendered":"https:\/\/lucacastelli.com\/prodotto\/radialer-trennschleifer\/"},"modified":"2025-08-14T12:51:42","modified_gmt":"2025-08-14T10:51:42","slug":"radialer-trennschleifer","status":"publish","type":"product","link":"https:\/\/lucacastelli.com\/de\/produkt\/radialer-trennschleifer\/","title":{"rendered":"Milwaukee Radialer Trennschleifer"},"content":{"rendered":"<p>Milwaukee\u00ae POWERSTATE\u2122 b\u00fcrstenloser Motor mit bis zu 2x l\u00e4ngerer Lebensdauer und 25% mehr Leistung&lt;br&gt;  Das intelligente REDLINK PLUS\u2122 System bietet einen fortschrittlichen digitalen \u00dcberlastungsschutz f\u00fcr Werkzeuge und Batterien und verbessert die Leistung der Werkzeuge unter Last erheblich&lt;br&gt;  Der REDLITHIUM\u2122-Akku bietet eine \u00fcberlegene Akku-Konstruktion, Elektronik und gleichbleibende Leistung, um mehr Reichweite und mehr Arbeit \u00fcber die gesamte Lebensdauer des Akkus zu erm\u00f6glichen&lt;br&gt;  190 mm Klinge f\u00fcr extrem pr\u00e4zise Schnitte&lt;br&gt;  Schnellverschluss f\u00fcr einfache Einstellung des linken und rechten Winkels&lt;br&gt;  Verschiebbare und hohe seitliche Holzauflagen f\u00fcr Stabilit\u00e4t und Schnittgenauigkeit&lt;br&gt;  Bis zu 299 Schnitte in Weichholz 38 x 89 mm mit einem 5,0 Ah Akku&lt;br&gt;  Extrem leicht zu tragen, nur 12,7 kg&lt;br&gt;  Integrierter Tragegriff&lt;br&gt;  Stahlplatte mit Winkelangabe und vordefinierten Winkeln&lt;br&gt;  Integriertes LED-Licht zur Beleuchtung der Schnittlinie&lt;br&gt;  Funktioniert mit allen M18 Akkus<\/p>\n<p>BARCODE: 4058546027919<\/p>\n<p>Technische Daten<br \/>\n215,5 x 39,3<\/p>\n<p>Lieferung ohne Batterien, Lieferung ohne Ladeger\u00e4t, Lieferung ohne Kitbox oder Tasche, Klinge, Klemme, Staubbeutel<\/p>\n","protected":false},"excerpt":{"rendered":"<p>Milwaukee\u00ae POWERSTATE\u2122 b\u00fcrstenloser Motor mit bis zu 2x l\u00e4ngerer Lebensdauer und 25% mehr Leistung&lt;br&gt; Das intelligente REDLINK PLUS\u2122 System bietet<\/p>\n","protected":false},"featured_media":455693,"template":"","meta":{"_seopress_robots_primary_cat":"","_seopress_titles_title":"","_seopress_titles_desc":"","_seopress_robots_index":""},"product_brand":[3407],"product_cat":[29,514],"product_tag":[3270],"class_list":{"0":"post-462687","1":"product","2":"type-product","3":"status-publish","4":"has-post-thumbnail","6":"product_brand-milwaukee","7":"product_cat-macchinari","8":"product_cat-altri-dispositivi","9":"product_tag-import-milwau","10":"sws-gruppo-macchinari-de","11":"sws-conto-ricavi-merci-rivendita-macchinari-de","12":"sws-gruppo-iva-iva81-de","14":"first","15":"onbackorder","16":"sale","17":"purchasable","18":"product-type-simple"},"_links":{"self":[{"href":"https:\/\/lucacastelli.com\/de\/wp-json\/wp\/v2\/product\/462687","targetHints":{"allow":["GET"]}}],"collection":[{"href":"https:\/\/lucacastelli.com\/de\/wp-json\/wp\/v2\/product"}],"about":[{"href":"https:\/\/lucacastelli.com\/de\/wp-json\/wp\/v2\/types\/product"}],"wp:featuredmedia":[{"embeddable":true,"href":"https:\/\/lucacastelli.com\/de\/wp-json\/wp\/v2\/media\/455693"}],"wp:attachment":[{"href":"https:\/\/lucacastelli.com\/de\/wp-json\/wp\/v2\/media?parent=462687"}],"wp:term":[{"taxonomy":"product_brand","embeddable":true,"href":"https:\/\/lucacastelli.com\/de\/wp-json\/wp\/v2\/product_brand?post=462687"},{"taxonomy":"product_cat","embeddable":true,"href":"https:\/\/lucacastelli.com\/de\/wp-json\/wp\/v2\/product_cat?post=462687"},{"taxonomy":"product_tag","embeddable":true,"href":"https:\/\/lucacastelli.com\/de\/wp-json\/wp\/v2\/product_tag?post=462687"}],"curies":[{"name":"wp","href":"https:\/\/api.w.org\/{rel}","templated":true}]}}