{"id":462674,"date":"2025-06-14T02:33:10","date_gmt":"2025-06-14T00:33:10","guid":{"rendered":"https:\/\/lucacastelli.com\/prodotto\/gerade-saege-4\/"},"modified":"2025-06-29T07:41:02","modified_gmt":"2025-06-29T05:41:02","slug":"gerade-saege-4","status":"publish","type":"product","link":"https:\/\/lucacastelli.com\/de\/produkt\/gerade-saege-4\/","title":{"rendered":"MILWAUKEE Gerads\u00e4ge"},"content":{"rendered":"<p>Mit einer L\u00e4nge von nur 375 mm ist er ideal f\u00fcr Arbeiten in engen R\u00e4umen, auch mit nur einer Hand&lt;Br&gt;  REDLINK\u2122 &#8211; \u00dcberlastschutztechnologie sowohl f\u00fcr das Ger\u00e4t als auch f\u00fcr den Akku f\u00fcr maximale Haltbarkeit&lt;Br&gt;  Ganzmetall-Getriebe f\u00fcr maximale Leistung und Haltbarkeit&lt;Br&gt;  Klingenbefestigung ohne Chavi dank des patentierten FIXTEC-Systems&lt;Br&gt;  20 mm Hubl\u00e4nge f\u00fcr maximale Schnittgeschwindigkeit und bis zu 3000 H\u00fcben pro Minute&lt;Br&gt;  \u00dcberwachung der einzelnen Batteriezellen, um einen homogenen Verbrauch des Batteriepacks sowie eine gr\u00f6\u00dfere Autonomie und Haltbarkeit im Laufe der Zeit zu gew\u00e4hrleisten&lt;Br&gt;  Anzeige des Ladezustands des Akkus&lt;Br&gt;  LEDs zur Ausleuchtung des Arbeitsbereichs&lt;Br&gt;  Die REDLITHIUM-Batterie\u2122 bietet eine \u00fcberlegene Konstruktion des Akkupacks, Elektronik und gleichbleibende Leistung, um mehr Laufzeit und mehr Arbeit \u00fcber die Lebensdauer der Batterie zu liefern&lt;Br&gt;  Funktioniert mit allen Milwaukee M18\u2122 18V Plattform-Akkus<\/p>\n<p>BARCODE: 4002395237982<\/p>\n<p>Technische<br \/>\nDaten 0<\/p>\n<p>Lieferung ohne Batterien, Lieferung ohne Ladeger\u00e4t, Lieferung ohne Kitbox oder Tasche<\/p>\n","protected":false},"excerpt":{"rendered":"<p>Mit einer L\u00e4nge von nur 375 mm ist er ideal f\u00fcr Arbeiten in engen R\u00e4umen, auch mit nur einer Hand&lt;Br&gt;<\/p>\n","protected":false},"featured_media":456484,"template":"","meta":{"_seopress_robots_primary_cat":"","_seopress_titles_title":"","_seopress_titles_desc":"","_seopress_robots_index":""},"product_brand":[3656],"product_cat":[169,1454,1535],"product_tag":[3272],"class_list":{"0":"post-462674","1":"product","2":"type-product","3":"status-publish","4":"has-post-thumbnail","6":"product_brand-milwaukee-de","7":"product_cat-maschinen","8":"product_cat-andere-gerate","9":"product_cat-sagen","10":"product_tag-import-milwau-de","11":"sws-gruppo-macchinari-de","12":"sws-conto-ricavi-merci-rivendita-macchinari-de","13":"sws-gruppo-iva-iva81-de","15":"first","16":"onbackorder","17":"sale","18":"purchasable","19":"product-type-simple"},"_links":{"self":[{"href":"https:\/\/lucacastelli.com\/de\/wp-json\/wp\/v2\/product\/462674","targetHints":{"allow":["GET"]}}],"collection":[{"href":"https:\/\/lucacastelli.com\/de\/wp-json\/wp\/v2\/product"}],"about":[{"href":"https:\/\/lucacastelli.com\/de\/wp-json\/wp\/v2\/types\/product"}],"wp:featuredmedia":[{"embeddable":true,"href":"https:\/\/lucacastelli.com\/de\/wp-json\/wp\/v2\/media\/456484"}],"wp:attachment":[{"href":"https:\/\/lucacastelli.com\/de\/wp-json\/wp\/v2\/media?parent=462674"}],"wp:term":[{"taxonomy":"product_brand","embeddable":true,"href":"https:\/\/lucacastelli.com\/de\/wp-json\/wp\/v2\/product_brand?post=462674"},{"taxonomy":"product_cat","embeddable":true,"href":"https:\/\/lucacastelli.com\/de\/wp-json\/wp\/v2\/product_cat?post=462674"},{"taxonomy":"product_tag","embeddable":true,"href":"https:\/\/lucacastelli.com\/de\/wp-json\/wp\/v2\/product_tag?post=462674"}],"curies":[{"name":"wp","href":"https:\/\/api.w.org\/{rel}","templated":true}]}}