{"id":462668,"date":"2025-06-14T02:30:43","date_gmt":"2025-06-14T00:30:43","guid":{"rendered":"https:\/\/lucacastelli.com\/prodotto\/gerade-saege-2\/"},"modified":"2025-06-29T07:40:56","modified_gmt":"2025-06-29T05:40:56","slug":"gerade-saege-2","status":"publish","type":"product","link":"https:\/\/lucacastelli.com\/de\/produkt\/gerade-saege-2\/","title":{"rendered":"MILWAUKEE Gerads\u00e4ge"},"content":{"rendered":"<p>POWERSTATE\u2122 b\u00fcrstenloser Motor, der die Produktivit\u00e4t erh\u00f6ht, l\u00e4nger h\u00e4lt und maximale Leistung liefert&lt;Br&gt;  Das intelligente REDLINK PLUS \u2122 System bietet einen fortschrittlichen digitalen \u00dcberlastungsschutz f\u00fcr Werkzeuge und Akkus und verbessert die Leistung der Werkzeuge unter Last erheblich&lt;Br&gt;  Die REDLITHIUM-Batterie\u2122 bietet eine \u00fcberlegene Konstruktion des Akkupacks, Elektronik und gleichbleibende Leistung, um mehr Laufzeit und mehr Arbeit \u00fcber die Lebensdauer der Batterie zu liefern&lt;Br&gt;  Klingenhub 22 mm und bis zu 3000 U\/min&lt;Br&gt;  Schwenkbarer Schuh, um die Ausf\u00fchrung des Schnitts zu optimieren&lt;Br&gt;  Integriertes LED-Licht f\u00fcr bessere Sichtbarkeit bei schlechten Lichtverh\u00e4ltnissen&lt;Br&gt;  Patentierter Milwaukee\u00ae FIXTEC\u2122-Aufsatz f\u00fcr schnellen Klingenwechsel&lt;Br&gt;  Funktioniert mit allen Milwaukee M18\u2122 Akkus  <\/p>\n<p>BARCODE: 4058546030575<\/p>\n<p>Technische Daten<br \/>\n22<\/p>\n<p>2 x M18 B5 Akku-Pack, M12-18 FC Ladeger\u00e4t, HeavyDuty Koffer<\/p>\n","protected":false},"excerpt":{"rendered":"<p>POWERSTATE\u2122 b\u00fcrstenloser Motor, der die Produktivit\u00e4t erh\u00f6ht, l\u00e4nger h\u00e4lt und maximale Leistung liefert&lt;Br&gt; Das intelligente REDLINK PLUS \u2122 System bietet<\/p>\n","protected":false},"featured_media":456442,"template":"","meta":{"_seopress_robots_primary_cat":"","_seopress_titles_title":"","_seopress_titles_desc":"","_seopress_robots_index":""},"product_brand":[3407],"product_cat":[29,514,558],"product_tag":[3270],"class_list":{"0":"post-462668","1":"product","2":"type-product","3":"status-publish","4":"has-post-thumbnail","6":"product_brand-milwaukee","7":"product_cat-macchinari","8":"product_cat-altri-dispositivi","9":"product_cat-seghe-accessori-vari","10":"product_tag-import-milwau","11":"sws-gruppo-macchinari-de","12":"sws-conto-ricavi-merci-rivendita-macchinari-de","13":"sws-gruppo-iva-iva81-de","15":"first","16":"onbackorder","17":"sale","18":"purchasable","19":"product-type-simple"},"_links":{"self":[{"href":"https:\/\/lucacastelli.com\/de\/wp-json\/wp\/v2\/product\/462668","targetHints":{"allow":["GET"]}}],"collection":[{"href":"https:\/\/lucacastelli.com\/de\/wp-json\/wp\/v2\/product"}],"about":[{"href":"https:\/\/lucacastelli.com\/de\/wp-json\/wp\/v2\/types\/product"}],"wp:featuredmedia":[{"embeddable":true,"href":"https:\/\/lucacastelli.com\/de\/wp-json\/wp\/v2\/media\/456442"}],"wp:attachment":[{"href":"https:\/\/lucacastelli.com\/de\/wp-json\/wp\/v2\/media?parent=462668"}],"wp:term":[{"taxonomy":"product_brand","embeddable":true,"href":"https:\/\/lucacastelli.com\/de\/wp-json\/wp\/v2\/product_brand?post=462668"},{"taxonomy":"product_cat","embeddable":true,"href":"https:\/\/lucacastelli.com\/de\/wp-json\/wp\/v2\/product_cat?post=462668"},{"taxonomy":"product_tag","embeddable":true,"href":"https:\/\/lucacastelli.com\/de\/wp-json\/wp\/v2\/product_tag?post=462668"}],"curies":[{"name":"wp","href":"https:\/\/api.w.org\/{rel}","templated":true}]}}