{"id":462665,"date":"2025-06-14T02:24:46","date_gmt":"2025-06-14T00:24:46","guid":{"rendered":"https:\/\/lucacastelli.com\/prodotto\/gerade-saege\/"},"modified":"2025-06-29T07:41:16","modified_gmt":"2025-06-29T05:41:16","slug":"gerade-saege","status":"publish","type":"product","link":"https:\/\/lucacastelli.com\/de\/produkt\/gerade-saege\/","title":{"rendered":"MILWAUKEE Gerads\u00e4ge"},"content":{"rendered":"<p>Der 4-polige Milwaukee\u00ae-Motor liefert eine hohe Leistung und maximiert das Verh\u00e4ltnis von Leistung zu Gewicht&lt;Br&gt;  REDLINK\u2122-Elektronik sch\u00fctzt Motor und Akku vor \u00dcberlastung und verbessert die Leistung des Ger\u00e4ts&lt;Br&gt;  Schneller FIXTEC\u2122 Klingenwechsel ohne Werkzeug dank des patentierten Milwaukee\u00ae Systems&lt;Br&gt;  Vibrationsreduzierung von 15,2 m\/s\u00b2 beim Schneiden von Holz&lt;Br&gt;  28,6 mm Klingenhub und 3000 H\u00fcbe\/min f\u00fcr pr\u00e4zise Schnitte&lt;Br&gt;  Anzeige des Ladezustands des Akkus&lt;Br&gt;  Die REDLITHIUM-Batterie\u2122 bietet eine \u00fcberlegene Konstruktion des Akkupacks, Elektronik und gleichbleibende Leistung, um mehr Laufzeit und mehr Arbeit \u00fcber die Lebensdauer der Batterie zu liefern&lt;Br&gt;  Funktioniert mit allen Milwaukee M18\u2122 18V Plattform-Akkus<\/p>\n<p>BARCODE: 4002395006120<\/p>\n<p>Technische<br \/>\nDaten 20<\/p>\n<p>2 x M18 B4 Akku-Pack, M12-18 C Ladeger\u00e4t, Transportkoffer<\/p>\n","protected":false},"excerpt":{"rendered":"<p>Der 4-polige Milwaukee\u00ae-Motor liefert eine hohe Leistung und maximiert das Verh\u00e4ltnis von Leistung zu Gewicht&lt;Br&gt; REDLINK\u2122-Elektronik sch\u00fctzt Motor und Akku<\/p>\n","protected":false},"featured_media":456404,"template":"","meta":{"_seopress_robots_primary_cat":"","_seopress_titles_title":"","_seopress_titles_desc":"","_seopress_robots_index":""},"product_brand":[3407],"product_cat":[29,514,558],"product_tag":[3270],"class_list":{"0":"post-462665","1":"product","2":"type-product","3":"status-publish","4":"has-post-thumbnail","6":"product_brand-milwaukee","7":"product_cat-macchinari","8":"product_cat-altri-dispositivi","9":"product_cat-seghe-accessori-vari","10":"product_tag-import-milwau","11":"sws-gruppo-macchinari-de","12":"sws-conto-ricavi-merci-rivendita-macchinari-de","13":"sws-gruppo-iva-iva81-de","15":"first","16":"onbackorder","17":"sale","18":"purchasable","19":"product-type-simple"},"_links":{"self":[{"href":"https:\/\/lucacastelli.com\/de\/wp-json\/wp\/v2\/product\/462665","targetHints":{"allow":["GET"]}}],"collection":[{"href":"https:\/\/lucacastelli.com\/de\/wp-json\/wp\/v2\/product"}],"about":[{"href":"https:\/\/lucacastelli.com\/de\/wp-json\/wp\/v2\/types\/product"}],"wp:featuredmedia":[{"embeddable":true,"href":"https:\/\/lucacastelli.com\/de\/wp-json\/wp\/v2\/media\/456404"}],"wp:attachment":[{"href":"https:\/\/lucacastelli.com\/de\/wp-json\/wp\/v2\/media?parent=462665"}],"wp:term":[{"taxonomy":"product_brand","embeddable":true,"href":"https:\/\/lucacastelli.com\/de\/wp-json\/wp\/v2\/product_brand?post=462665"},{"taxonomy":"product_cat","embeddable":true,"href":"https:\/\/lucacastelli.com\/de\/wp-json\/wp\/v2\/product_cat?post=462665"},{"taxonomy":"product_tag","embeddable":true,"href":"https:\/\/lucacastelli.com\/de\/wp-json\/wp\/v2\/product_tag?post=462665"}],"curies":[{"name":"wp","href":"https:\/\/api.w.org\/{rel}","templated":true}]}}