{"id":462664,"date":"2025-06-14T02:55:18","date_gmt":"2025-06-14T00:55:18","guid":{"rendered":"https:\/\/lucacastelli.com\/prodotto\/multifunktionales-werkzeug-2\/"},"modified":"2025-06-29T07:39:47","modified_gmt":"2025-06-29T05:39:47","slug":"multifunktionales-werkzeug-2","status":"publish","type":"product","link":"https:\/\/lucacastelli.com\/de\/produkt\/multifunktionales-werkzeug-2\/","title":{"rendered":"MILWAUKEE Multifunktionswerkzeug"},"content":{"rendered":"<p>Ideale und vielseitige L\u00f6sung f\u00fcr Entnahme- und Schneidanwendungen&lt;Br&gt;  Intelligente REDLINK\u2122 Elektronik erm\u00f6glicht maximalen Schutz von Batterie und Motor vor \u00dcberlastung&lt;Br&gt;  12 Geschwindigkeitsstufen (12.000-18.000 Umdrehungen\/Min.) und 3,4\u00b0 Oszillationsgrad erm\u00f6glichen eine schnelle und pr\u00e4zise Bearbeitung von verschiedenen Materialien wie Metall, Holz und Kunststoff&lt;Br&gt;  Dank des Adapters mit dem Zubeh\u00f6r anderer Hersteller kompatibel&lt;Br&gt;  \u00dcberwachung der einzelnen Batteriezellen, um einen homogenen Verbrauch des Batteriepacks sowie eine gr\u00f6\u00dfere Autonomie und Haltbarkeit im Laufe der Zeit zu gew\u00e4hrleisten&lt;Br&gt;  Werkzeugloser Wechsel des Zubeh\u00f6rs dank des FIXTEC\u2122-Systems, Universaladapter inklusive&lt;Br&gt;  Anzeige des Ladezustands des Akkus&lt;Br&gt;  LED-Licht zur Ausleuchtung des Arbeitsbereichs&lt;Br&gt;  Die REDLITHIUM-Batterie\u2122 bietet eine \u00fcberlegene Konstruktion des Akkupacks, Elektronik und gleichbleibende Leistung, um mehr Laufzeit und mehr Arbeit \u00fcber die Lebensdauer der Batterie zu liefern&lt;Br&gt;  18V Batterieplattform: Funktioniert mit allen MILWAUKEE\u00ae M18\u2122 Akkus<\/p>\n<p>BARCODE: 4002395004911<\/p>\n<p>Technische Daten<br \/>\n1 x 4.0\/ 1 x 2.0<\/p>\n<p>1 x M18 B4, 1 x M18 B2 Akkupack, M12-18 C Ladeger\u00e4t, Transportkoffer, Messer, Schleifteller, Adapter, 5 Schleifpapiere, Absaugvorrichtung, Tiefenstab, Schutzkappe<\/p>\n","protected":false},"excerpt":{"rendered":"<p>Ideale und vielseitige L\u00f6sung f\u00fcr Entnahme- und Schneidanwendungen&lt;Br&gt; Intelligente REDLINK\u2122 Elektronik erm\u00f6glicht maximalen Schutz von Batterie und Motor vor \u00dcberlastung&lt;Br&gt;<\/p>\n","protected":false},"featured_media":456666,"template":"","meta":{"_seopress_robots_primary_cat":"","_seopress_titles_title":"","_seopress_titles_desc":"","_seopress_robots_index":""},"product_brand":[3407],"product_cat":[29,514],"product_tag":[3270],"class_list":{"0":"post-462664","1":"product","2":"type-product","3":"status-publish","4":"has-post-thumbnail","6":"product_brand-milwaukee","7":"product_cat-macchinari","8":"product_cat-altri-dispositivi","9":"product_tag-import-milwau","10":"sws-gruppo-macchinari-de","11":"sws-conto-ricavi-merci-rivendita-macchinari-de","12":"sws-gruppo-iva-iva81-de","14":"first","15":"onbackorder","16":"sale","17":"purchasable","18":"product-type-simple"},"_links":{"self":[{"href":"https:\/\/lucacastelli.com\/de\/wp-json\/wp\/v2\/product\/462664","targetHints":{"allow":["GET"]}}],"collection":[{"href":"https:\/\/lucacastelli.com\/de\/wp-json\/wp\/v2\/product"}],"about":[{"href":"https:\/\/lucacastelli.com\/de\/wp-json\/wp\/v2\/types\/product"}],"wp:featuredmedia":[{"embeddable":true,"href":"https:\/\/lucacastelli.com\/de\/wp-json\/wp\/v2\/media\/456666"}],"wp:attachment":[{"href":"https:\/\/lucacastelli.com\/de\/wp-json\/wp\/v2\/media?parent=462664"}],"wp:term":[{"taxonomy":"product_brand","embeddable":true,"href":"https:\/\/lucacastelli.com\/de\/wp-json\/wp\/v2\/product_brand?post=462664"},{"taxonomy":"product_cat","embeddable":true,"href":"https:\/\/lucacastelli.com\/de\/wp-json\/wp\/v2\/product_cat?post=462664"},{"taxonomy":"product_tag","embeddable":true,"href":"https:\/\/lucacastelli.com\/de\/wp-json\/wp\/v2\/product_tag?post=462664"}],"curies":[{"name":"wp","href":"https:\/\/api.w.org\/{rel}","templated":true}]}}