{"id":462660,"date":"2025-06-14T02:50:29","date_gmt":"2025-06-14T00:50:29","guid":{"rendered":"https:\/\/lucacastelli.com\/prodotto\/multifunktionswerkzeug\/"},"modified":"2025-06-29T07:39:39","modified_gmt":"2025-06-29T05:39:39","slug":"multifunktionswerkzeug","status":"publish","type":"product","link":"https:\/\/lucacastelli.com\/de\/produkt\/multifunktionswerkzeug\/","title":{"rendered":"MILWAUKEE Multifunktionswerkzeug"},"content":{"rendered":"<p>POWERSTATE\u2122 b\u00fcrstenloser Motor, 2,1\u00b0 (rechts\/links) Oszillationswinkel und 10.000-20.000 Umdrehungen\/min f\u00fcr eine der schnellsten Schnittgeschwindigkeiten unter den Werkzeugen auf dem Markt&lt;Br&gt;  Ideale und vielseitige L\u00f6sung f\u00fcr Entnahme- und Schneidanwendungen&lt;Br&gt;  10 Geschwindigkeitsstufen zur einfachen Anpassung an die Art der auszuf\u00fchrenden Anwendung&lt;Br&gt;  FIXTEC-System\u2122 f\u00fcr werkzeuglosen Zubeh\u00f6rwechsel, mit Universaladapter, um es mit den meisten Zubeh\u00f6rteilen auf dem Markt kompatibel zu machen&lt;Br&gt;  180\u00b0 LED-Licht zur Ausleuchtung des Arbeitsbereichs&lt;Br&gt;  Lieferung mit 1 OPEN-LOK Universal-S\u00e4geblatt f\u00fcr Holz, 1 Schleifteller, 5 Schleifbl\u00e4ttern (1&#215;60, 1&#215;80, 2&#215;120, 1&#215;240)&lt;Br&gt;  Die FUEL-Technologie\u2122 definiert kabellose Elektrowerkzeuge neu. B\u00fcrstenloser Motor, REDLINK PLUS-Elektronik\u2122 und REDLITHIUM-Akku\u2122 bieten \u00fcberlegene&lt;Leistung und Haltbarkeit br&gt; Funktioniert mit allen MILWAUKEE\u00ae M18-Akkus\u2122 <\/p>\n<p>BARCODE: 4058546346850<\/p>\n<p>Technische<br \/>\nDaten 18<\/p>\n<p>2 x M18 B5 Akkupack, M12-18 FC Ladeger\u00e4t, HeavyDuty Koffer, 1 OPEN-LOK Universalmesser f\u00fcr Holz, 1 St\u00fctzteller, 5 Schleifbl\u00e4tter (1&#215;60, 1&#215;80, 2&#215;120, 1&#215;240)<\/p>\n","protected":false},"excerpt":{"rendered":"<p>POWERSTATE\u2122 b\u00fcrstenloser Motor, 2,1\u00b0 (rechts\/links) Oszillationswinkel und 10.000-20.000 Umdrehungen\/min f\u00fcr eine der schnellsten Schnittgeschwindigkeiten unter den Werkzeugen auf dem Markt&lt;Br&gt;<\/p>\n","protected":false},"featured_media":441661,"template":"","meta":{"_seopress_robots_primary_cat":"","_seopress_titles_title":"","_seopress_titles_desc":"","_seopress_robots_index":""},"product_brand":[3407],"product_cat":[29,514],"product_tag":[3270],"class_list":{"0":"post-462660","1":"product","2":"type-product","3":"status-publish","4":"has-post-thumbnail","6":"product_brand-milwaukee","7":"product_cat-macchinari","8":"product_cat-altri-dispositivi","9":"product_tag-import-milwau","10":"sws-gruppo-macchinari-de","11":"sws-conto-ricavi-merci-rivendita-macchinari-de","12":"sws-gruppo-iva-iva81-de","14":"first","15":"onbackorder","16":"sale","17":"purchasable","18":"product-type-simple"},"_links":{"self":[{"href":"https:\/\/lucacastelli.com\/de\/wp-json\/wp\/v2\/product\/462660","targetHints":{"allow":["GET"]}}],"collection":[{"href":"https:\/\/lucacastelli.com\/de\/wp-json\/wp\/v2\/product"}],"about":[{"href":"https:\/\/lucacastelli.com\/de\/wp-json\/wp\/v2\/types\/product"}],"wp:featuredmedia":[{"embeddable":true,"href":"https:\/\/lucacastelli.com\/de\/wp-json\/wp\/v2\/media\/441661"}],"wp:attachment":[{"href":"https:\/\/lucacastelli.com\/de\/wp-json\/wp\/v2\/media?parent=462660"}],"wp:term":[{"taxonomy":"product_brand","embeddable":true,"href":"https:\/\/lucacastelli.com\/de\/wp-json\/wp\/v2\/product_brand?post=462660"},{"taxonomy":"product_cat","embeddable":true,"href":"https:\/\/lucacastelli.com\/de\/wp-json\/wp\/v2\/product_cat?post=462660"},{"taxonomy":"product_tag","embeddable":true,"href":"https:\/\/lucacastelli.com\/de\/wp-json\/wp\/v2\/product_tag?post=462660"}],"curies":[{"name":"wp","href":"https:\/\/api.w.org\/{rel}","templated":true}]}}