{"id":462497,"date":"2022-05-31T11:19:49","date_gmt":"2022-05-31T09:19:49","guid":{"rendered":"https:\/\/lucacastelli.com\/?post_type=product&#038;p=462497"},"modified":"2026-02-17T21:42:00","modified_gmt":"2026-02-17T20:42:00","slug":"la-sportiva-bushido-ii","status":"publish","type":"product","link":"https:\/\/lucacastelli.com\/de\/produkt\/la-sportiva-bushido-ii\/","title":{"rendered":"LA SPORTIVA Bushido II"},"content":{"rendered":"<p>Technisch und \u00e4sthetisch auf dem neuesten Stand der Technik und \u00c4sthetik in der Welt der Berglaufschuhe. Bushido II ist der Wettkampfschuh, der der Welt der Skyraces-Rennen gewidmet ist: superleicht, griffig, aggressiv, er wurde entwickelt, um perfekte Stabilit\u00e4t auf allen Arten von Offroad-Gel\u00e4nde zu gew\u00e4hrleisten. <\/p>\n<p>BESCHREIBUNG:<br \/>\nTechnische\/\u00e4sthetische Weiterentwicklung von Bushido, Wettkampfschuh f\u00fcr das Skyrunning: superleicht, griffig, aggressiv, so konzipiert, dass er perfekte Stabilit\u00e4t auf allen Arten von Offroad-Gel\u00e4nde gew\u00e4hrleistet. Dank der STB Control-Konstruktion senkt sich das seitlich auf dem Obermaterial platzierte TPU-Skelett ab, um die Zwischensohle in den medialen Teil einzuh\u00fcllen und den Schuh zu stabilisieren. Diese L\u00f6sung erm\u00f6glicht eine engere Passform und eine gr\u00f6\u00dfere allgemeine Stabilit\u00e4t dank der synergetischen Arbeit von Ober- und Zwischensohle sowie eine Aufhellung des Produkts, wodurch das Einsetzen von schweren Stabilisatoreins\u00e4tzen im mittleren Teil des Schuhs vermieden wird. Die Bi-Compound-Sohle FriXion Red verf\u00fcgt \u00fcber differenzierte Auflagefl\u00e4chen: Die abgerundete Form der \u00e4u\u00dferen Stollen, die seitlich ansteigen, um die Zwischensohle zu ber\u00fchren, schafft einen allm\u00e4hlichen St\u00fctzwinkel mit dem Boden und beh\u00e4lt die Stabilit\u00e4t auch bei extremem Verdrehen des Fu\u00dfes bei. So k\u00f6nnen Sie auch auf technischstem Gel\u00e4nde in Gegenwart von Wurzeln, Steinen und \u00c4sten sicher laufen. Maximale Unterst\u00fctzung und Bandage im medialen Teil des Fu\u00dfes, Bewegungsfreiheit und Komfort im Zehenbereich. Das Ergebnis ist ein Schuh, der im reinen La Sportiva-Stil neue L\u00f6sungen f\u00fcr die Anforderungen der anspruchsvollsten L\u00e4ufer bietet und die Spielregeln mit einer Konstruktion neu schreibt, die es bei Trailrunning-Schuhen noch nie gegeben hat. Bushido II: die neue Strecke f\u00fcr Trailrunner.       <\/p>\n<p>Obermaterial:<br \/>\n Atmungsaktives Air-Mesh, thermoplastische Folienverst\u00e4rkungen, HF TPU mediales Skelett auf Rip-Stop-Paneelen aufgebracht<\/p>\n<p>Futter: Atmungsaktives,<br \/>\n rutschfestes Mesh<\/p>\n<p>Zwischensohle:<br \/>\n Kompressions-EVA und Stabilit\u00e4tskontrollsystem<\/p>\n<p>Sohle:<br \/>\n Frixion Rot<\/p>\n<p>Fu\u00dfbett:<br \/>\n Ortholite Ergonomisch 4mm<\/p>\n<p>Tropfen:<br \/>\n6<\/p>\n<p>D\u00e4mpfung:<br \/>\n7<\/p>\n<p>Gewicht:<br \/>\n 300 g (halbes Paar, Gr\u00f6\u00dfe 42)<\/p>\n<p>Gr\u00f6\u00dfen:<br \/>\n 38-47,5 (einschlie\u00dflich halber Gr\u00f6\u00dfen)<\/p>\n","protected":false},"excerpt":{"rendered":"<p>Technisch und \u00e4sthetisch auf dem neuesten Stand der Technik und \u00c4sthetik in der Welt der Berglaufschuhe. Bushido II ist der<\/p>\n","protected":false},"featured_media":58667,"template":"","meta":{"_seopress_robots_primary_cat":"","_seopress_titles_title":"","_seopress_titles_desc":"","_seopress_robots_index":""},"product_brand":[3419],"product_cat":[28,568,569],"product_tag":[],"class_list":{"0":"post-462497","1":"product","2":"type-product","3":"status-publish","4":"has-post-thumbnail","6":"product_brand-la-sportiva","7":"product_cat-calzature","8":"product_cat-calzature-per-il-tempo-libero","9":"product_cat-calzature-da-uomo","10":"sws-gruppo-abb-libero-de","11":"sws-conto-ricavi-merci-rivendita-abbigliamento","12":"sws-gruppo-iva-iva81","14":"first","15":"instock","16":"shipping-taxable","17":"purchasable","18":"product-type-variable"},"_links":{"self":[{"href":"https:\/\/lucacastelli.com\/de\/wp-json\/wp\/v2\/product\/462497","targetHints":{"allow":["GET"]}}],"collection":[{"href":"https:\/\/lucacastelli.com\/de\/wp-json\/wp\/v2\/product"}],"about":[{"href":"https:\/\/lucacastelli.com\/de\/wp-json\/wp\/v2\/types\/product"}],"wp:featuredmedia":[{"embeddable":true,"href":"https:\/\/lucacastelli.com\/de\/wp-json\/wp\/v2\/media\/58667"}],"wp:attachment":[{"href":"https:\/\/lucacastelli.com\/de\/wp-json\/wp\/v2\/media?parent=462497"}],"wp:term":[{"taxonomy":"product_brand","embeddable":true,"href":"https:\/\/lucacastelli.com\/de\/wp-json\/wp\/v2\/product_brand?post=462497"},{"taxonomy":"product_cat","embeddable":true,"href":"https:\/\/lucacastelli.com\/de\/wp-json\/wp\/v2\/product_cat?post=462497"},{"taxonomy":"product_tag","embeddable":true,"href":"https:\/\/lucacastelli.com\/de\/wp-json\/wp\/v2\/product_tag?post=462497"}],"curies":[{"name":"wp","href":"https:\/\/api.w.org\/{rel}","templated":true}]}}