{"id":462446,"date":"2025-09-25T19:56:16","date_gmt":"2025-09-25T17:56:16","guid":{"rendered":"https:\/\/lucacastelli.com\/?post_type=product&#038;p=462446"},"modified":"2026-04-14T02:49:48","modified_gmt":"2026-04-14T00:49:48","slug":"la-sportiva-txs-gtx","status":"publish","type":"product","link":"https:\/\/lucacastelli.com\/de\/produkt\/la-sportiva-txs-gtx\/","title":{"rendered":"LA SPORTIVA TXS GTX"},"content":{"rendered":"<p>Technischer Hiking- und Backpacking-Schuh, auch f\u00fcr schwere Lasten, ideal f\u00fcr Klettersteige und technische Zustiege auf hartem und felsigem Gel\u00e4nde. Komfortabel, leicht, wasserdicht und atmungsaktiv. <\/p>\n<p>BESCHREIBUNG:<br \/>\nDer TX S GTX ist ein technischer Hiking- und Backpacking-Schuh, auch f\u00fcr voll beladene Rucks\u00e4cke, ideal f\u00fcr Klettersteige und Zustiege in hartem, felsigem Gel\u00e4nde. Komfortabel, leicht, wasserdicht und atmungsaktiv dank Gore-Tex Extended Comfort Membran. Der Look &amp; Feel der TX-Serie aus dem Approach-Bereich ist dank des hoch abriebfesten Mesh-Obermaterials sehr leicht und bequem. Der abriebfeste Schutzrand und die sto\u00dffeste Gummikappe garantieren maximalen Schutz, w\u00e4hrend das 3D Flex System am Kn\u00f6chel f\u00fcr maximale Beweglichkeit und Trittsicherheit sorgt. Der TX S ist dank der stabilisierenden Brandsohle ein strukturierter und sch\u00fctzender Schuh f\u00fcr lange Eins\u00e4tze. Die extrem griffige Vibram Megagrip-Sohle mit ausgepr\u00e4gtem Absatz und differenzierten Hiking-Oriented-Stollen unterst\u00fctzt das Bremsen bergab und den Halt bergauf. Das perfekte Produkt f\u00fcr anspruchsvolle Wanderer.    <\/p>\n<p>Obermaterial:<br \/>\nHoch abriebfestes Mesh<\/p>\n<p>Futter:<br \/>\nGore-Tex\u00ae Extended Comfort\u00ae<\/p>\n<p>Einlegesohle:<br \/>\nOrtholite\u00ae approach 4 mm<\/p>\n<p>Brandsohle:<br \/>\nPPE 2,5 mm<\/p>\n<p>Zwischensohle:<br \/>\nStabilisierende Brandsohle und d\u00e4mpfende, eingespritzte EVA-Zwischensohle mit STB Control-Eins\u00e4tzen<\/p>\n<p>Gewicht:<br \/>\n 510 g halbes Paar, Gr\u00f6\u00dfe 42<\/p>\n<p>Sohle:<br \/>\nVibram MegaGrip<\/p>\n<p>Gr\u00f6\u00dfen:<br \/>\n37 \u2013 47,5 einschlie\u00dflich halber Gr\u00f6\u00dfen<\/p>\n","protected":false},"excerpt":{"rendered":"<p>Technischer Hiking- und Backpacking-Schuh, auch f\u00fcr schwere Lasten, ideal f\u00fcr Klettersteige und technische Zustiege auf hartem und felsigem Gel\u00e4nde. Komfortabel,<\/p>\n","protected":false},"featured_media":59864,"template":"","meta":{"_seopress_robots_primary_cat":"none","_seopress_titles_title":"","_seopress_titles_desc":"","_seopress_robots_index":""},"product_brand":[3649],"product_cat":[1419,1431,175],"product_tag":[],"class_list":{"0":"post-462446","1":"product","2":"type-product","3":"status-publish","4":"has-post-thumbnail","6":"product_brand-la-sportiva-de","7":"product_cat-freizeitschuhe","8":"product_cat-herrenschuhe","9":"product_cat-schuhe","10":"sws-gruppo-abb-libero-de","11":"sws-conto-ricavi-merci-rivendita-abbigliamento-de","12":"sws-gruppo-iva-iva81-de","14":"first","15":"instock","16":"shipping-taxable","17":"purchasable","18":"product-type-variable","19":"has-default-attributes"},"_links":{"self":[{"href":"https:\/\/lucacastelli.com\/de\/wp-json\/wp\/v2\/product\/462446","targetHints":{"allow":["GET"]}}],"collection":[{"href":"https:\/\/lucacastelli.com\/de\/wp-json\/wp\/v2\/product"}],"about":[{"href":"https:\/\/lucacastelli.com\/de\/wp-json\/wp\/v2\/types\/product"}],"wp:featuredmedia":[{"embeddable":true,"href":"https:\/\/lucacastelli.com\/de\/wp-json\/wp\/v2\/media\/59864"}],"wp:attachment":[{"href":"https:\/\/lucacastelli.com\/de\/wp-json\/wp\/v2\/media?parent=462446"}],"wp:term":[{"taxonomy":"product_brand","embeddable":true,"href":"https:\/\/lucacastelli.com\/de\/wp-json\/wp\/v2\/product_brand?post=462446"},{"taxonomy":"product_cat","embeddable":true,"href":"https:\/\/lucacastelli.com\/de\/wp-json\/wp\/v2\/product_cat?post=462446"},{"taxonomy":"product_tag","embeddable":true,"href":"https:\/\/lucacastelli.com\/de\/wp-json\/wp\/v2\/product_tag?post=462446"}],"curies":[{"name":"wp","href":"https:\/\/api.w.org\/{rel}","templated":true}]}}