{"id":462410,"date":"2022-05-31T14:10:56","date_gmt":"2022-05-31T12:10:56","guid":{"rendered":"https:\/\/lucacastelli.com\/?post_type=product&#038;p=462410"},"modified":"2026-04-18T01:33:05","modified_gmt":"2026-04-17T23:33:05","slug":"montura-badia-gtx-frau","status":"publish","type":"product","link":"https:\/\/lucacastelli.com\/de\/produkt\/montura-badia-gtx-frau\/","title":{"rendered":"MONTURA Badia GTX Woman"},"content":{"rendered":"<p>Technisches Datenblatt<\/p>\n<p>\u2022 EMPFOHLEN F\u00dcR: Winterlicher Lifestyle-Schuh f\u00fcr die Freizeit<br \/>\n\u2022 PASSFORM: Comfort Fit, erh\u00f6ht den allgemeinen Gehkomfort<br \/>\n\u2022 OBERMATERIAL: Wasserabweisendes Veloursleder + Gummischutzrand<br \/>\n\u2022 FUTTER: GORE-TEX Performance Comfort f\u00fcr optimalen Komfort zu jeder Jahreszeit<br \/>\n\u2022 SCHN\u00dcRUNG: Schn\u00fcrsenkel f\u00fcr eine perfekte Volumenregulierung und eine optimale Passform<br \/>\n\u2022 EINLEGESOHLE: Ergo-Insole, Fussbett (2 mm)<br \/>\n\u2022 ZWISCHENSOHLE: Eva Lite + Ess 1,5 Anti-Torsion erh\u00f6ht den allgemeinen Komfort, Gewichtsreduzierung<br \/>\n\u2022 SOHLE: Montura &#8220;URBAN ROCK&#8221; &#8211; Vibram\u00ae, Megagrip-Mischung, optimaler Grip und Traktion auf jedem Untergrund<br \/>\n\u2022 GEWICHT: 440 g (GR. 5 &#8211; 1\/2 PAAR)<br \/>\n\u2022 EXTRA EINLEGESOHLE: SSGU00X Narrow Fit St\u00e4rke 3 mm UA036<br \/>\nGewicht: 0,88 kg<\/p>\n","protected":false},"excerpt":{"rendered":"<p>Technisches Datenblatt \u2022 EMPFOHLEN F\u00dcR: Winterlicher Lifestyle-Schuh f\u00fcr die Freizeit \u2022 PASSFORM: Comfort Fit, erh\u00f6ht den allgemeinen Gehkomfort \u2022 OBERMATERIAL:<\/p>\n","protected":false},"featured_media":59898,"template":"","meta":{"_seopress_robots_primary_cat":"none","_seopress_titles_title":"","_seopress_titles_desc":"","_seopress_robots_index":""},"product_brand":[4460],"product_cat":[1430,1419,175],"product_tag":[],"class_list":{"0":"post-462410","1":"product","2":"type-product","3":"status-publish","4":"has-post-thumbnail","6":"product_brand-montura-de","7":"product_cat-damen-schuhe","8":"product_cat-freizeitschuhe","9":"product_cat-schuhe","10":"sws-gruppo-abb-libero-de","11":"sws-conto-ricavi-merci-rivendita-abbigliamento-de","12":"sws-gruppo-iva-iva81-de","14":"first","15":"instock","16":"shipping-taxable","17":"purchasable","18":"product-type-variable"},"_links":{"self":[{"href":"https:\/\/lucacastelli.com\/de\/wp-json\/wp\/v2\/product\/462410","targetHints":{"allow":["GET"]}}],"collection":[{"href":"https:\/\/lucacastelli.com\/de\/wp-json\/wp\/v2\/product"}],"about":[{"href":"https:\/\/lucacastelli.com\/de\/wp-json\/wp\/v2\/types\/product"}],"wp:featuredmedia":[{"embeddable":true,"href":"https:\/\/lucacastelli.com\/de\/wp-json\/wp\/v2\/media\/59898"}],"wp:attachment":[{"href":"https:\/\/lucacastelli.com\/de\/wp-json\/wp\/v2\/media?parent=462410"}],"wp:term":[{"taxonomy":"product_brand","embeddable":true,"href":"https:\/\/lucacastelli.com\/de\/wp-json\/wp\/v2\/product_brand?post=462410"},{"taxonomy":"product_cat","embeddable":true,"href":"https:\/\/lucacastelli.com\/de\/wp-json\/wp\/v2\/product_cat?post=462410"},{"taxonomy":"product_tag","embeddable":true,"href":"https:\/\/lucacastelli.com\/de\/wp-json\/wp\/v2\/product_tag?post=462410"}],"curies":[{"name":"wp","href":"https:\/\/api.w.org\/{rel}","templated":true}]}}