{"id":462385,"date":"2026-03-04T07:07:02","date_gmt":"2026-03-04T06:07:02","guid":{"rendered":"https:\/\/lucacastelli.com\/?post_type=product&#038;p=462385"},"modified":"2025-07-29T09:08:49","modified_gmt":"2025-07-29T07:08:49","slug":"la-sportiva-nepal-trek-evo-damen-gtx","status":"publish","type":"product","link":"https:\/\/lucacastelli.com\/de\/produkt\/la-sportiva-nepal-trek-evo-damen-gtx\/","title":{"rendered":"LA SPORTIVA Nepal Trek Evo Damen GTX"},"content":{"rendered":"<p>Der Stiefel wird f\u00fcr traditionelles Bergsteigen und anspruchsvolles Trekking empfohlen.<br \/>\nEs ist eine Weiterentwicklung des Nepal Trek-Modells und \u00fcbernimmt das Obermaterial des Nepal Evo-Modells in Kombination mit einer weniger steifen und leichteren Struktur. Ideal f\u00fcr traditionelles Bergsteigen, anspruchsvolles Trekking und f\u00fcr Wanderprofis, die immer maximale Leistung verlangen, unter allen Einsatzbedingungen. Durch die Verwendung von Gore-Tex-Futter\u00ae ist es vollst\u00e4ndig wasserdicht und atmungsaktiv. Schnitt des Obermaterials mit &#8220;3D Flex System&#8221;-Gelenk, innovativem multidirektionalem Sprunggelenkssystem. Neue eng anliegende und bequeme Form. Neue Zwischensohle mit unterschiedlichen St\u00e4rken aus sto\u00dfd\u00e4mpfendem PU in den Bereichen unterhalb der Ferse und der Fu\u00dfsohle. Exklusive Sohle mit IBS-Technologie (Impact Brake System), die in Zusammenarbeit mit Vibram\u00ae entwickelt wurde, um den Aufprall auf hartem Gel\u00e4nde zu reduzieren. Die abnehmbare Zunge mit eingebautem Bel\u00fcftungssystem bietet die M\u00f6glichkeit, die Passform f\u00fcr jeden Fu\u00df individuell anzupassen. Die EZ OUT-Gurtbandschlaufe (patentiert) erleichtert das L\u00f6sen des Schn\u00fcrsenkelverschlusses. Das neue Modell wiegt nur 1700 g.         <\/p>\n<p>Obermaterial: Wasserabweisendes Hydro-Perwanger-Leder\u00ae 3+ mm<br \/>\nFutter: Gore-Tex\u00ae Insulated Comfort.<br \/>\nEinlegesohle: Ibi-Thermo 6 mm<br \/>\nisolierend Sohle: Vibram\u00ae Impact Brake System.<br \/>\nPatent: Eingetragenes Design.<br \/>\nGr\u00f6\u00dfen: 37 &#8211; 48 (auch halbe Gr\u00f6\u00dfen)<br \/>\nGewicht: 1.600 g (Paar, Gr\u00f6\u00dfe 38)<\/p>\n","protected":false},"excerpt":{"rendered":"<p>Der Stiefel wird f\u00fcr traditionelles Bergsteigen und anspruchsvolles Trekking empfohlen. Es ist eine Weiterentwicklung des Nepal Trek-Modells und \u00fcbernimmt das<\/p>\n","protected":false},"featured_media":59786,"template":"","meta":{"_seopress_robots_primary_cat":"","_seopress_titles_title":"","_seopress_titles_desc":"","_seopress_robots_index":""},"product_brand":[3649],"product_cat":[1430,1419,175],"product_tag":[],"class_list":{"0":"post-462385","1":"product","2":"type-product","3":"status-publish","4":"has-post-thumbnail","6":"product_brand-la-sportiva-de","7":"product_cat-damen-schuhe","8":"product_cat-freizeitschuhe","9":"product_cat-schuhe","10":"sws-gruppo-abb-libero-de","11":"sws-conto-ricavi-merci-rivendita-abbigliamento-de","12":"sws-gruppo-iva-iva81-de","14":"first","15":"instock","16":"shipping-taxable","17":"purchasable","18":"product-type-variable"},"_links":{"self":[{"href":"https:\/\/lucacastelli.com\/de\/wp-json\/wp\/v2\/product\/462385","targetHints":{"allow":["GET"]}}],"collection":[{"href":"https:\/\/lucacastelli.com\/de\/wp-json\/wp\/v2\/product"}],"about":[{"href":"https:\/\/lucacastelli.com\/de\/wp-json\/wp\/v2\/types\/product"}],"wp:featuredmedia":[{"embeddable":true,"href":"https:\/\/lucacastelli.com\/de\/wp-json\/wp\/v2\/media\/59786"}],"wp:attachment":[{"href":"https:\/\/lucacastelli.com\/de\/wp-json\/wp\/v2\/media?parent=462385"}],"wp:term":[{"taxonomy":"product_brand","embeddable":true,"href":"https:\/\/lucacastelli.com\/de\/wp-json\/wp\/v2\/product_brand?post=462385"},{"taxonomy":"product_cat","embeddable":true,"href":"https:\/\/lucacastelli.com\/de\/wp-json\/wp\/v2\/product_cat?post=462385"},{"taxonomy":"product_tag","embeddable":true,"href":"https:\/\/lucacastelli.com\/de\/wp-json\/wp\/v2\/product_tag?post=462385"}],"curies":[{"name":"wp","href":"https:\/\/api.w.org\/{rel}","templated":true}]}}