{"id":462375,"date":"2022-05-31T13:07:29","date_gmt":"2022-05-31T11:07:29","guid":{"rendered":"https:\/\/lucacastelli.com\/?post_type=product&#038;p=462375"},"modified":"2026-04-18T01:31:39","modified_gmt":"2026-04-17T23:31:39","slug":"la-sportiva-ultra-raptor-ii-leder-gtx","status":"publish","type":"product","link":"https:\/\/lucacastelli.com\/de\/produkt\/la-sportiva-ultra-raptor-ii-leder-gtx\/","title":{"rendered":"LA SPORTIVA Ultra Raptor II Leather GTX"},"content":{"rendered":"<p>Version 2.0 mit Nubuk-Lederobermaterial des bekannten Modells Ultra Raptor, perfekt f\u00fcr den Einsatz auf Off-Road-Gel\u00e4nde und Bergwanderungen auch \u00fcber lange Distanzen. Atmungsaktiv und wasserdicht wie ein Wanderschuh dank Gore-Tex\u00ae Extended Comfort Membran. <\/p>\n<p>Ultra Raptor II Leather GTX ist die Version 2.0 mit Lederobermaterial des bekannten Modells Ultra Raptor, perfekt f\u00fcr den Einsatz auf Off-Road-Gel\u00e4nde und Bergwanderungen auch \u00fcber lange Distanzen. Atmungsaktiv und wasserdicht wie ein Wanderschuh dank Gore-Tex\u00ae Extended Comfort Membran verf\u00fcgt der Schuh \u00fcber einen weichen &#8220;Comfort Collar&#8221; Schaftrand zum Schutz des Kn\u00f6chels vor eindringenden Steinen oder Schlamm und integriert den Easy-Fit-Spoiler f\u00fcr maximalen Tragekomfort. Das Obermaterial besteht aus Nubuk-Leder, verst\u00e4rkt mit Kompressionslinien, die eine Umschlie\u00dfung des Fu\u00dfes und hohe Stabilit\u00e4t gew\u00e4hrleisten. Maximale Abriebfestigkeit und Atmungsaktivit\u00e4t machen ihn perfekt f\u00fcr Wanderungen. Ultra Raptor II Leather GTX ist auch in einer Comfort-Wide-Fit-Version f\u00fcr Wanderer mit breitem Fu\u00df erh\u00e4ltlich. Das Ergebnis ist ein Schuh, der viele Stunden am St\u00fcck getragen werden kann und f\u00fcr Off-Road-Eins\u00e4tze auf jedem Gel\u00e4nde geeignet ist. Raptorize yourself, again.      <\/p>\n<p>Obermaterial:<br \/>\naus Nubuk-Leder mit Verst\u00e4rkungsband aus Mikrofaser mit Abriebschutz-Beschichtung<\/p>\n<p>Futter:<br \/>\nGore-Tex\u00ae Extended Comfort<\/p>\n<p>Einlegesohle:<br \/>\nOrtholite Mountain Running<\/p>\n<p>Zwischensohle:<br \/>\nd\u00e4mpfende Memlex Eva Spritzguss-Zwischensohle<\/p>\n<p>Sohle:<br \/>\nFriXion\u2122 Blue Sohle aus hochabriebfester Gummimischung, Impact Brake System und integrierte sto\u00dffeste Gummikappe<\/p>\n<p>Sprengung:<br \/>\n9 mm<\/p>\n<p>Gewicht:<br \/>\n420 g<\/p>\n","protected":false},"excerpt":{"rendered":"<p>Version 2.0 mit Nubuk-Lederobermaterial des bekannten Modells Ultra Raptor, perfekt f\u00fcr den Einsatz auf Off-Road-Gel\u00e4nde und Bergwanderungen auch \u00fcber lange<\/p>\n","protected":false},"featured_media":59603,"template":"","meta":{"_seopress_robots_primary_cat":"none","_seopress_titles_title":"","_seopress_titles_desc":"","_seopress_robots_index":""},"product_brand":[3649],"product_cat":[1419,1431,175],"product_tag":[],"class_list":{"0":"post-462375","1":"product","2":"type-product","3":"status-publish","4":"has-post-thumbnail","6":"product_brand-la-sportiva-de","7":"product_cat-freizeitschuhe","8":"product_cat-herrenschuhe","9":"product_cat-schuhe","10":"sws-gruppo-abb-libero-de","11":"sws-conto-ricavi-merci-rivendita-abbigliamento-de","12":"sws-gruppo-iva-iva81-de","14":"first","15":"instock","16":"shipping-taxable","17":"purchasable","18":"product-type-variable"},"_links":{"self":[{"href":"https:\/\/lucacastelli.com\/de\/wp-json\/wp\/v2\/product\/462375","targetHints":{"allow":["GET"]}}],"collection":[{"href":"https:\/\/lucacastelli.com\/de\/wp-json\/wp\/v2\/product"}],"about":[{"href":"https:\/\/lucacastelli.com\/de\/wp-json\/wp\/v2\/types\/product"}],"wp:featuredmedia":[{"embeddable":true,"href":"https:\/\/lucacastelli.com\/de\/wp-json\/wp\/v2\/media\/59603"}],"wp:attachment":[{"href":"https:\/\/lucacastelli.com\/de\/wp-json\/wp\/v2\/media?parent=462375"}],"wp:term":[{"taxonomy":"product_brand","embeddable":true,"href":"https:\/\/lucacastelli.com\/de\/wp-json\/wp\/v2\/product_brand?post=462375"},{"taxonomy":"product_cat","embeddable":true,"href":"https:\/\/lucacastelli.com\/de\/wp-json\/wp\/v2\/product_cat?post=462375"},{"taxonomy":"product_tag","embeddable":true,"href":"https:\/\/lucacastelli.com\/de\/wp-json\/wp\/v2\/product_tag?post=462375"}],"curies":[{"name":"wp","href":"https:\/\/api.w.org\/{rel}","templated":true}]}}