{"id":462285,"date":"2026-03-03T07:00:40","date_gmt":"2026-03-03T06:00:40","guid":{"rendered":"https:\/\/lucacastelli.com\/?post_type=product&#038;p=462285"},"modified":"2026-04-13T22:03:14","modified_gmt":"2026-04-13T20:03:14","slug":"la-sportiva-nepal-trek-evo-gtx","status":"publish","type":"product","link":"https:\/\/lucacastelli.com\/de\/produkt\/la-sportiva-nepal-trek-evo-gtx\/","title":{"rendered":"LA SPORTIVA Nepal Trek Evo GTX"},"content":{"rendered":"<p>Der empfohlene Bergschuh f\u00fcr traditionelles Bergsteigen und anspruchsvolles Trekking.<\/p>\n<p>Als Weiterentwicklung des Nepal Trek nutzt dieses Modell den Schaft des Nepal Evo, kombiniert mit einer flexibleren und leichteren Struktur. Ideal f\u00fcr klassisches Bergsteigen, anspruchsvolles Trekking und Profi-Wanderer, die maximale Leistung unter allen Bedingungen erwarten. Das Gore-Tex\u00ae-Futter garantiert Wasserdichtigkeit und Atmungsaktivit\u00e4t. Schaft mit \u201e3D Flex System\u201c, einem innovativen multidirektionalen Kn\u00f6chelgelenk. Neue, umschliessende Passform. D\u00e4mpfende PU-Zwischensohle mit differenzierter St\u00e4rke im Fersen- und Ballenbereich. Exklusive Vibram\u00ae-Sohle mit Impact Brake System (IBS) zur Reduzierung von St\u00f6ssen auf hartem Untergrund. Herausnehmbare, bel\u00fcftete Zunge f\u00fcr individuelle Passform. Die patentierte EZ OUT-Zugschlaufe erleichtert das L\u00f6sen der Schn\u00fcrung. Gewicht: nur 1700 g.         <\/p>\n<p>Obermaterial: Wasserabweisendes Idro-Perwanger\u00ae Leder 3+ mm<\/p>\n<p>Futter: Gore-Tex\u00ae Insulated Comfort.<\/p>\n<p>Brandsohle: Ibi-Thermo isolierend 6 mm<\/p>\n<p>Sohle: Vibram\u00ae Impact Brake System.<\/p>\n<p>Patent: Eingetragenes Design.<\/p>\n<p>Gr\u00f6\u00dfen: 37 \u2013 48 (einschlie\u00dflich halber Gr\u00f6\u00dfen)<\/p>\n<p>Gewicht: 1.700 g (pro Paar, Gr\u00f6sse 42)<\/p>\n","protected":false},"excerpt":{"rendered":"<p>Der empfohlene Bergschuh f\u00fcr traditionelles Bergsteigen und anspruchsvolles Trekking. Als Weiterentwicklung des Nepal Trek nutzt dieses Modell den Schaft des<\/p>\n","protected":false},"featured_media":59681,"template":"","meta":{"_seopress_robots_primary_cat":"none","_seopress_titles_title":"","_seopress_titles_desc":"","_seopress_robots_index":""},"product_brand":[3649],"product_cat":[1419,1431,175],"product_tag":[],"class_list":{"0":"post-462285","1":"product","2":"type-product","3":"status-publish","4":"has-post-thumbnail","6":"product_brand-la-sportiva-de","7":"product_cat-freizeitschuhe","8":"product_cat-herrenschuhe","9":"product_cat-schuhe","10":"sws-gruppo-abb-libero-de","11":"sws-conto-ricavi-merci-rivendita-abbigliamento-de","12":"sws-gruppo-iva-iva81-de","14":"first","15":"instock","16":"shipping-taxable","17":"purchasable","18":"product-type-variable","19":"has-default-attributes"},"_links":{"self":[{"href":"https:\/\/lucacastelli.com\/de\/wp-json\/wp\/v2\/product\/462285","targetHints":{"allow":["GET"]}}],"collection":[{"href":"https:\/\/lucacastelli.com\/de\/wp-json\/wp\/v2\/product"}],"about":[{"href":"https:\/\/lucacastelli.com\/de\/wp-json\/wp\/v2\/types\/product"}],"wp:featuredmedia":[{"embeddable":true,"href":"https:\/\/lucacastelli.com\/de\/wp-json\/wp\/v2\/media\/59681"}],"wp:attachment":[{"href":"https:\/\/lucacastelli.com\/de\/wp-json\/wp\/v2\/media?parent=462285"}],"wp:term":[{"taxonomy":"product_brand","embeddable":true,"href":"https:\/\/lucacastelli.com\/de\/wp-json\/wp\/v2\/product_brand?post=462285"},{"taxonomy":"product_cat","embeddable":true,"href":"https:\/\/lucacastelli.com\/de\/wp-json\/wp\/v2\/product_cat?post=462285"},{"taxonomy":"product_tag","embeddable":true,"href":"https:\/\/lucacastelli.com\/de\/wp-json\/wp\/v2\/product_tag?post=462285"}],"curies":[{"name":"wp","href":"https:\/\/api.w.org\/{rel}","templated":true}]}}