{"id":462158,"date":"2026-03-13T21:00:26","date_gmt":"2026-03-13T20:00:26","guid":{"rendered":"https:\/\/lucacastelli.com\/?post_type=product&#038;p=462158"},"modified":"2026-03-14T13:25:37","modified_gmt":"2026-03-14T12:25:37","slug":"la-sportiva-helios-iii-damen","status":"publish","type":"product","link":"https:\/\/lucacastelli.com\/de\/produkt\/la-sportiva-helios-iii-damen\/","title":{"rendered":"LA SPORTIVA Helios III Woman"},"content":{"rendered":"<p>Helios III ist ein \u201eDoor-to-Trail\u201c-Schuh, der f\u00fcr das Training und das Laufen auf kompaktem Offroad-Gel\u00e4nde konzipiert wurde. Dieser Schuh im Athleisure-Stil verf\u00fcgt \u00fcber ein leichtes und atmungsaktives Obermaterial aus einer exklusiven, thermogeklebten Kombination aus Ripstop-Material, Mono-Bava-Schutznetz und Sandwich-Mesh, zus\u00e4tzlich verst\u00e4rkt mit TPU. Die Passform ist extrem bequem und eng anliegend, basierend auf dem Modell Helios SR. Die Fersenkappe verhindert ein Zusammendr\u00fccken beim Anziehen, w\u00e4hrend der weiche, umschliessende Schutzkragen mit 3D-Schaumstoffpolsterung perfekten Komfort garantiert. Die Sohle besteht aus einer hochbest\u00e4ndigen FriXion Blue-Mischung und ist somit ideal f\u00fcr den Einsatz auf hartem und felsigem Untergrund. Die thermogeformte Spitze macht den Schuh leichter und sch\u00fctzt effektiv vor frontalen St\u00f6ssen. Die gespritzte EVA-Zwischensohle mit MorphoDynamic-Technologie garantiert die hohe D\u00e4mpfung, die das Modell Helios seit seiner Markteinf\u00fchrung auszeichnet. Der Cushioning Platform-Einsatz sorgt f\u00fcr zus\u00e4tzliche D\u00e4mpfung und Komfort. Helios III: time to fly, again.       <\/p>\n<h3>Technische Informationen<\/h3>\n<p><b>Obermaterial:<\/b><\/p>\n<p>Mono-Bava-Schutznetz + Ripstop-Material + Sandwich-Mesh und TPU-Verst\u00e4rkungen<\/p>\n<p><b>Futter:<\/b><\/p>\n<p>Rutschfestes Mesh<\/p>\n<p><b>Zwischensohle:<\/b><\/p>\n<p>Gespritztes MEMElex EVA und Cushioning Platform-Einsatz<\/p>\n<p><b>Einlegesohle:<\/b><\/p>\n<p>Ortholite\u00ae Mountain Running Ergonomic 4 mm<\/p>\n<p><b>Sohle:<\/b><\/p>\n<p>FriXion\u00ae Blue mit Impact Brake System<\/p>\n<p><b>Gewicht:<\/b><\/p>\n<p>175 g (pro Schuh)<\/p>\n<p><b>Sprengung:<\/b><\/p>\n<p>4 mm<\/p>\n","protected":false},"excerpt":{"rendered":"<p>Helios III ist ein \u201eDoor-to-Trail\u201c-Schuh, der f\u00fcr das Training und das Laufen auf kompaktem Offroad-Gel\u00e4nde konzipiert wurde. Dieser Schuh im<\/p>\n","protected":false},"featured_media":60806,"template":"","meta":{"_seopress_robots_primary_cat":"none","_seopress_titles_title":"","_seopress_titles_desc":"","_seopress_robots_index":""},"product_brand":[3649],"product_cat":[1430,1419,175],"product_tag":[],"class_list":{"0":"post-462158","1":"product","2":"type-product","3":"status-publish","4":"has-post-thumbnail","6":"product_brand-la-sportiva-de","7":"product_cat-damen-schuhe","8":"product_cat-freizeitschuhe","9":"product_cat-schuhe","10":"sws-gruppo-abb-libero-de","11":"sws-conto-ricavi-merci-rivendita-abbigliamento-de","12":"sws-gruppo-iva-iva81-de","14":"first","15":"instock","16":"sale","17":"shipping-taxable","18":"purchasable","19":"product-type-variable"},"_links":{"self":[{"href":"https:\/\/lucacastelli.com\/de\/wp-json\/wp\/v2\/product\/462158","targetHints":{"allow":["GET"]}}],"collection":[{"href":"https:\/\/lucacastelli.com\/de\/wp-json\/wp\/v2\/product"}],"about":[{"href":"https:\/\/lucacastelli.com\/de\/wp-json\/wp\/v2\/types\/product"}],"wp:featuredmedia":[{"embeddable":true,"href":"https:\/\/lucacastelli.com\/de\/wp-json\/wp\/v2\/media\/60806"}],"wp:attachment":[{"href":"https:\/\/lucacastelli.com\/de\/wp-json\/wp\/v2\/media?parent=462158"}],"wp:term":[{"taxonomy":"product_brand","embeddable":true,"href":"https:\/\/lucacastelli.com\/de\/wp-json\/wp\/v2\/product_brand?post=462158"},{"taxonomy":"product_cat","embeddable":true,"href":"https:\/\/lucacastelli.com\/de\/wp-json\/wp\/v2\/product_cat?post=462158"},{"taxonomy":"product_tag","embeddable":true,"href":"https:\/\/lucacastelli.com\/de\/wp-json\/wp\/v2\/product_tag?post=462158"}],"curies":[{"name":"wp","href":"https:\/\/api.w.org\/{rel}","templated":true}]}}