{"id":462044,"date":"2022-05-31T14:57:50","date_gmt":"2022-05-31T12:57:50","guid":{"rendered":"https:\/\/lucacastelli.com\/?post_type=product&#038;p=462044"},"modified":"2026-04-14T03:28:49","modified_gmt":"2026-04-14T01:28:49","slug":"la-sportiva-trango-trk-leder-gtx","status":"publish","type":"product","link":"https:\/\/lucacastelli.com\/de\/produkt\/la-sportiva-trango-trk-leder-gtx\/","title":{"rendered":"LA SPORTIVA Trango Trk Leder GTX"},"content":{"rendered":"<p>Trekking- und Backpacking-Stiefel mit Design und Technologie aus der Trango-Familie, ideal f\u00fcr Wege auf unbefestigten Pfaden, Waldspazierg\u00e4nge und Wanderungen mit voll beladenem Rucksack.<\/p>\n<p>Die Gore-Tex Performance Comfort Membran garantiert Atmungsaktivit\u00e4t und Wasserdichtigkeit, das am Kn\u00f6chel angebrachte 3D Flex Gelenk bietet Halt und erm\u00f6glicht maximale Kontrolle beim Auftreten auf unebenem Gel\u00e4nde. Die differenzierte Schn\u00fcrung erm\u00f6glicht eine perfekte Volumenanpassung, w\u00e4hrend die Vibram-Sohle mit Climbing Zone im Zehenbereich den Einsatz auf Klettersteigen erlaubt. Trango-Design und La Sportiva Technologie f\u00fcr Komfort, Schutz und Sicherheit in den Bergen.  <\/p>\n<p>Obermaterial:<br \/>\nLeather Idro-Perwanger 1,6 mm + Mikrofaser-Einsatz<\/p>\n<p>Futter:<br \/>\nGore-Tex Performance Comfort<\/p>\n<p>Zwischensohle:<br \/>\n Polyurethan mit EVA-Einsatz im R\u00fccken<\/p>\n<p>Sohle:<br \/>\nVibram mit Climbing Zone im Zehenbereich<\/p>\n<p>Gr\u00f6\u00dfen:<br \/>\n38 \u2013 48 einschlie\u00dflich halber Gr\u00f6\u00dfen<\/p>\n<p>Patente:<br \/>\n eingetragenes Design<\/p>\n<p>Gewicht:<br \/>\n690 gr<\/p>\n<p>Einlegesohle:<br \/>\nPPE 5 mm mit verst\u00e4rkter Dicke im hinteren Anti-Torsionsbereich<\/p>\n","protected":false},"excerpt":{"rendered":"<p>Trekking- und Backpacking-Stiefel mit Design und Technologie aus der Trango-Familie, ideal f\u00fcr Wege auf unbefestigten Pfaden, Waldspazierg\u00e4nge und Wanderungen mit<\/p>\n","protected":false},"featured_media":60534,"template":"","meta":{"_seopress_robots_primary_cat":"none","_seopress_titles_title":"","_seopress_titles_desc":"","_seopress_robots_index":""},"product_brand":[3649],"product_cat":[1419,1431,175],"product_tag":[],"class_list":{"0":"post-462044","1":"product","2":"type-product","3":"status-publish","4":"has-post-thumbnail","6":"product_brand-la-sportiva-de","7":"product_cat-freizeitschuhe","8":"product_cat-herrenschuhe","9":"product_cat-schuhe","10":"sws-gruppo-abb-libero-de","11":"sws-conto-ricavi-merci-rivendita-abbigliamento-de","12":"sws-gruppo-iva-iva81-de","14":"first","15":"instock","16":"shipping-taxable","17":"purchasable","18":"product-type-variable"},"_links":{"self":[{"href":"https:\/\/lucacastelli.com\/de\/wp-json\/wp\/v2\/product\/462044","targetHints":{"allow":["GET"]}}],"collection":[{"href":"https:\/\/lucacastelli.com\/de\/wp-json\/wp\/v2\/product"}],"about":[{"href":"https:\/\/lucacastelli.com\/de\/wp-json\/wp\/v2\/types\/product"}],"wp:featuredmedia":[{"embeddable":true,"href":"https:\/\/lucacastelli.com\/de\/wp-json\/wp\/v2\/media\/60534"}],"wp:attachment":[{"href":"https:\/\/lucacastelli.com\/de\/wp-json\/wp\/v2\/media?parent=462044"}],"wp:term":[{"taxonomy":"product_brand","embeddable":true,"href":"https:\/\/lucacastelli.com\/de\/wp-json\/wp\/v2\/product_brand?post=462044"},{"taxonomy":"product_cat","embeddable":true,"href":"https:\/\/lucacastelli.com\/de\/wp-json\/wp\/v2\/product_cat?post=462044"},{"taxonomy":"product_tag","embeddable":true,"href":"https:\/\/lucacastelli.com\/de\/wp-json\/wp\/v2\/product_tag?post=462044"}],"curies":[{"name":"wp","href":"https:\/\/api.w.org\/{rel}","templated":true}]}}