{"id":461941,"date":"2022-05-31T14:48:47","date_gmt":"2022-05-31T12:48:47","guid":{"rendered":"https:\/\/lucacastelli.com\/?post_type=product&#038;p=461941"},"modified":"2025-07-29T09:08:34","modified_gmt":"2025-07-29T07:08:34","slug":"la-sportiva-stream-gtx","status":"publish","type":"product","link":"https:\/\/lucacastelli.com\/de\/produkt\/la-sportiva-stream-gtx\/","title":{"rendered":"LA SPORTIVA Stream GTX"},"content":{"rendered":"<p>Mittelhoher schneller Wanderschuh f\u00fcr schnelles Wandern. Es \u00fcbernimmt L\u00f6sungen, die Teil der Berg-DNA von La Sportiva sind, und kombiniert sie mit Technologien und Konzepten, die aus dem Mountain Running abgeleitet sind, um dank der neuen GORE-TEX\u00ae SURROUND-Technologie\u00ae ein vielseitiges, wasserdichtes und super atmungsaktives Produkt zu erhalten. <\/p>\n<p>BESCHREIBUNG<br \/>\nStream ist der mittelhohe Wanderstiefel der neuen Generation f\u00fcr schnelles Wandern. Es \u00fcbernimmt L\u00f6sungen, die Teil der Berg-DNA von La Sportiva sind, indem es sie mit Technologien und Konzepten kombiniert, die aus dem Mountain Running abgeleitet wurden, um dank der neuen GORE-TEX\u00ae SURROUND-Technologie\u00ae ein vielseitiges, wasserdichtes und super atmungsaktives Produkt zu erhalten: eine exklusive L\u00f6sung, die dank der gr\u00f6\u00dferen Bel\u00fcftungsfl\u00e4che, die das Obermaterial, die Einlegesohle und die seitlich perforierte EVA- und TPU-Zwischensohle umfasst, eine vollst\u00e4ndige Atmungsaktivit\u00e4t erm\u00f6glicht. Die entlang des Profils der Zwischensohle sichtbaren Bel\u00fcftungskan\u00e4le sind durch ein sehr widerstandsf\u00e4higes monofilamentes Nylonnetz gesch\u00fctzt, um das Eindringen von Kieselsteinen und Verunreinigungen zu verhindern. Das mittelhohe Obermaterial besteht aus einer Nano-Cells 2.0-Struktur\u2122, die aus super atmungsaktiven Zellen besteht, die in Synergie mit der GORE-TEX\u00ae SURROUND-Membran\u00ae f\u00fcr eine beispiellos erh\u00f6hte Atmungsaktivit\u00e4t sorgen. Im unteren Teil des Schuhs ist das Stability Control System\u2122 integriert, ein Anti-Torsions-Stabilisierungssystem, das die Bel\u00fcftungsl\u00f6cher der GORE-TEX\u00ae SURROUND-Technologie\u00ae integriert. Das Profil besteht aus Vibram XS Trek-Mischung f\u00fcr hervorragenden Grip auf hartem, weichem und schlammigem Gel\u00e4nde. Atmungsaktivit\u00e4t und 360-Grad-Komfort.      <\/p>\n<p>Obermaterial:<br \/>\n Hochabriebfestes Mesh + Nano Cell 2.0-Struktur + PU TechLite Zehenkappe und Ferse<\/p>\n<p>Futter:<br \/>\n GORE-TEX\u00ae SURROUND\u00ae<\/p>\n<p>Zwischensohle:<br \/>\n Sto\u00dfd\u00e4mpfendes Kompressions-EVA mit TPU-Seitenw\u00e4nden und GORE-TEX\u00ae SURROUND-Bel\u00fcftungskan\u00e4len\u2122<\/p>\n<p>Fu\u00dfbett:<br \/>\n Ortholite Mountain Hiking 5mm<\/p>\n<p>Sohle:<br \/>\n Vibram XS Trek IBS<\/p>\n<p>Gr\u00f6\u00dfen:<br \/>\n 38 \u2013 47,5 inkl. halber Gr\u00f6\u00dfen<\/p>\n<p>Gewicht:<br \/>\n 450 g im halben Paar Gr\u00f6\u00dfe 42<\/p>\n","protected":false},"excerpt":{"rendered":"<p>Mittelhoher schneller Wanderschuh f\u00fcr schnelles Wandern. Es \u00fcbernimmt L\u00f6sungen, die Teil der Berg-DNA von La Sportiva sind, und kombiniert sie<\/p>\n","protected":false},"featured_media":60327,"template":"","meta":{"_seopress_robots_primary_cat":"","_seopress_titles_title":"","_seopress_titles_desc":"","_seopress_robots_index":""},"product_brand":[3649],"product_cat":[175,1419,1431],"product_tag":[],"class_list":{"0":"post-461941","1":"product","2":"type-product","3":"status-publish","4":"has-post-thumbnail","6":"product_brand-la-sportiva-de","7":"product_cat-schuhe","8":"product_cat-freizeitschuhe","9":"product_cat-herrenschuhe","10":"sws-gruppo-abb-libero-de","11":"sws-conto-ricavi-merci-rivendita-abbigliamento-de","12":"sws-gruppo-iva-iva81-de","14":"first","15":"instock","16":"shipping-taxable","17":"purchasable","18":"product-type-variable"},"_links":{"self":[{"href":"https:\/\/lucacastelli.com\/de\/wp-json\/wp\/v2\/product\/461941","targetHints":{"allow":["GET"]}}],"collection":[{"href":"https:\/\/lucacastelli.com\/de\/wp-json\/wp\/v2\/product"}],"about":[{"href":"https:\/\/lucacastelli.com\/de\/wp-json\/wp\/v2\/types\/product"}],"wp:featuredmedia":[{"embeddable":true,"href":"https:\/\/lucacastelli.com\/de\/wp-json\/wp\/v2\/media\/60327"}],"wp:attachment":[{"href":"https:\/\/lucacastelli.com\/de\/wp-json\/wp\/v2\/media?parent=461941"}],"wp:term":[{"taxonomy":"product_brand","embeddable":true,"href":"https:\/\/lucacastelli.com\/de\/wp-json\/wp\/v2\/product_brand?post=461941"},{"taxonomy":"product_cat","embeddable":true,"href":"https:\/\/lucacastelli.com\/de\/wp-json\/wp\/v2\/product_cat?post=461941"},{"taxonomy":"product_tag","embeddable":true,"href":"https:\/\/lucacastelli.com\/de\/wp-json\/wp\/v2\/product_tag?post=461941"}],"curies":[{"name":"wp","href":"https:\/\/api.w.org\/{rel}","templated":true}]}}