{"id":461910,"date":"2022-05-31T14:54:00","date_gmt":"2022-05-31T12:54:00","guid":{"rendered":"https:\/\/lucacastelli.com\/?post_type=product&#038;p=461910"},"modified":"2026-04-14T03:28:42","modified_gmt":"2026-04-14T01:28:42","slug":"la-sportiva-karakorum-evo-gtx","status":"publish","type":"product","link":"https:\/\/lucacastelli.com\/de\/produkt\/la-sportiva-karakorum-evo-gtx\/","title":{"rendered":"LA SPORTIVA Karakorum Evo GTX"},"content":{"rendered":"<p>Steigeisenfester Bergschuh aus Leder: robust und solide, empfohlen f\u00fcr traditionelles Bergsteigen.<\/p>\n<p>Weiterentwicklung des Modells Nepal Trek; nutzt den Schaft des Nepal Evo kombiniert mit einer weniger steifen und leichteren Struktur. Ideal f\u00fcr traditionelles Bergsteigen, anspruchsvolles Trekking und f\u00fcr Profi-Wanderer, die unter allen Bedingungen maximale Leistung verlangen. Das Gore-Tex\u00ae-Futter macht ihn vollst\u00e4ndig wasserdicht und atmungsaktiv. Schaftschnitt mit \u201e3D Flex System\u201c, einem innovativen multidirektionalen Gelenksystem am Kn\u00f6chel. Neue, umschlie\u00dfende und komfortable Passform. Neue Zwischensohle mit differenzierter Dicke aus d\u00e4mpfendem PU im Fersen- und Ballenbereich. Exklusive Sohle mit IBS-Technologie (Impact Brake System), entwickelt in Zusammenarbeit mit Vibram\u00ae, um den Aufprall auf hartem Untergrund zu reduzieren. Herausnehmbare Zunge mit integriertem Bel\u00fcftungssystem erm\u00f6glicht eine individuelle Anpassung der Passform f\u00fcr jeden Fu\u00df. EZ OUT-Zugschlaufe (patentiert) erleichtert das L\u00f6sen der Schn\u00fcrung. Das neue Modell wiegt nur 1.700 g.<\/p>\n<p>Obermaterial: Idro-Perwanger Leder 2,8 mm + hoher Textilschaft.<\/p>\n<p>Futter: Gore-Tex\u00ae Performance Comfort.<\/p>\n<p>Brandsohle: 8 mm hochdichtes Nylon mit Anti-Torsions-Einlage.<\/p>\n<p>Sohle: Vibram\u00ae mit Impact Brake System.<\/p>\n<p>Gr\u00f6\u00dfen: 38 \u2013 48 (inkl. halbe Gr\u00f6\u00dfen)<\/p>\n<p>Gewicht: 1.750 g (pro Paar, Gr\u00f6\u00dfe 42)<\/p>\n","protected":false},"excerpt":{"rendered":"<p>Steigeisenfester Bergschuh aus Leder: robust und solide, empfohlen f\u00fcr traditionelles Bergsteigen. Weiterentwicklung des Modells Nepal Trek; nutzt den Schaft des<\/p>\n","protected":false},"featured_media":60455,"template":"","meta":{"_seopress_robots_primary_cat":"none","_seopress_titles_title":"","_seopress_titles_desc":"","_seopress_robots_index":""},"product_brand":[3649],"product_cat":[1419,1431,175],"product_tag":[],"class_list":{"0":"post-461910","1":"product","2":"type-product","3":"status-publish","4":"has-post-thumbnail","6":"product_brand-la-sportiva-de","7":"product_cat-freizeitschuhe","8":"product_cat-herrenschuhe","9":"product_cat-schuhe","10":"sws-gruppo-abb-libero-de","11":"sws-conto-ricavi-merci-rivendita-abbigliamento-de","12":"sws-gruppo-iva-iva81-de","14":"first","15":"instock","16":"shipping-taxable","17":"purchasable","18":"product-type-variable","19":"has-default-attributes"},"_links":{"self":[{"href":"https:\/\/lucacastelli.com\/de\/wp-json\/wp\/v2\/product\/461910","targetHints":{"allow":["GET"]}}],"collection":[{"href":"https:\/\/lucacastelli.com\/de\/wp-json\/wp\/v2\/product"}],"about":[{"href":"https:\/\/lucacastelli.com\/de\/wp-json\/wp\/v2\/types\/product"}],"wp:featuredmedia":[{"embeddable":true,"href":"https:\/\/lucacastelli.com\/de\/wp-json\/wp\/v2\/media\/60455"}],"wp:attachment":[{"href":"https:\/\/lucacastelli.com\/de\/wp-json\/wp\/v2\/media?parent=461910"}],"wp:term":[{"taxonomy":"product_brand","embeddable":true,"href":"https:\/\/lucacastelli.com\/de\/wp-json\/wp\/v2\/product_brand?post=461910"},{"taxonomy":"product_cat","embeddable":true,"href":"https:\/\/lucacastelli.com\/de\/wp-json\/wp\/v2\/product_cat?post=461910"},{"taxonomy":"product_tag","embeddable":true,"href":"https:\/\/lucacastelli.com\/de\/wp-json\/wp\/v2\/product_tag?post=461910"}],"curies":[{"name":"wp","href":"https:\/\/api.w.org\/{rel}","templated":true}]}}