{"id":461834,"date":"2022-05-31T14:18:03","date_gmt":"2022-05-31T12:18:03","guid":{"rendered":"https:\/\/lucacastelli.com\/?post_type=product&#038;p=461834"},"modified":"2026-04-18T01:26:30","modified_gmt":"2026-04-17T23:26:30","slug":"la-sportiva-trango-tower-damen-gtx","status":"publish","type":"product","link":"https:\/\/lucacastelli.com\/de\/produkt\/la-sportiva-trango-tower-damen-gtx\/","title":{"rendered":"LA SPORTIVA Trango Tower Woman GTX"},"content":{"rendered":"<p>Leichter und moderner Gore-Tex-Bergschuh mit der unverwechselbaren funktionalen \u00c4sthetik der Trango-Serie, konzipiert f\u00fcr alpines Wandern, Klettersteige und Backpacking, auch mit schwerem Gep\u00e4ck.<\/p>\n<p>Das Obermaterial besteht aus exklusivem hochfestem Gewebe mit einteiligen Verst\u00e4rkungen und differenzierter Abriebschutztechnologie Honey-Comb Guard\u2122 an den am st\u00e4rksten beanspruchten Stellen. Die charakteristische Trango-\u00c4sthetik mit minimalen N\u00e4hten tr\u00e4gt zur Gewichtsreduzierung bei, ebenso wie die von Vibram gefertigte Laufsohle mit exklusivem La Sportiva Cube-Design in reduzierter St\u00e4rke. Die Gore-Tex Performance Comfort-Membran garantiert Wasserdichtigkeit und Atmungsaktivit\u00e4t, das 3D-Flex System-Kn\u00f6chelgelenk erm\u00f6glicht bessere Kontrolle beim Auftreten. Die differenzierte Schn\u00fcrung zwischen Ober- und Unterteil erm\u00f6glicht eine perfekte Volumenanpassung f\u00fcr optimalen Tragekomfort.<br \/>\nDie Trango-Serie wird um technisch-\u00e4sthetische Inhalte erweitert, die ihrer Zeit stets voraus sind.   <\/p>\n<p>Obermaterial: Wasserabweisendes hochfestes Nylon 6.6 mit Abriebschutzzonen Honey-Comb Guard\u2122 und FlexTec 3<br \/>\nVerst\u00e4rkungen: Mikrofaser + thermoverklebtes Light PU<\/p>\n<p>Futter: Gore-Tex Performance Comfort<\/p>\n<p>Einlegesohle: Nylon 7 mm mit verst\u00e4rkter St\u00e4rke im hinteren Anti-Torsionsbereich<\/p>\n<p>Sohle: La Sportiva Cube by Vibram\u00ae mit Stollen in differenzierter St\u00e4rke, Impact Brake System an der Ferse und Kletterzone an der Spitze<\/p>\n<p>Patent: eingetragenes Design<\/p>\n<p>Gewicht: 1200 g pro Paar<\/p>\n","protected":false},"excerpt":{"rendered":"<p>Leichter und moderner Gore-Tex-Bergschuh mit der unverwechselbaren funktionalen \u00c4sthetik der Trango-Serie, konzipiert f\u00fcr alpines Wandern, Klettersteige und Backpacking, auch mit<\/p>\n","protected":false},"featured_media":59960,"template":"","meta":{"_seopress_robots_primary_cat":"none","_seopress_titles_title":"","_seopress_titles_desc":"","_seopress_robots_index":""},"product_brand":[3649],"product_cat":[1430,1419,175],"product_tag":[],"class_list":{"0":"post-461834","1":"product","2":"type-product","3":"status-publish","4":"has-post-thumbnail","6":"product_brand-la-sportiva-de","7":"product_cat-damen-schuhe","8":"product_cat-freizeitschuhe","9":"product_cat-schuhe","10":"sws-gruppo-abb-libero-de","11":"sws-conto-ricavi-merci-rivendita-abbigliamento-de","12":"sws-gruppo-iva-iva81-de","14":"first","15":"instock","16":"shipping-taxable","17":"purchasable","18":"product-type-variable"},"_links":{"self":[{"href":"https:\/\/lucacastelli.com\/de\/wp-json\/wp\/v2\/product\/461834","targetHints":{"allow":["GET"]}}],"collection":[{"href":"https:\/\/lucacastelli.com\/de\/wp-json\/wp\/v2\/product"}],"about":[{"href":"https:\/\/lucacastelli.com\/de\/wp-json\/wp\/v2\/types\/product"}],"wp:featuredmedia":[{"embeddable":true,"href":"https:\/\/lucacastelli.com\/de\/wp-json\/wp\/v2\/media\/59960"}],"wp:attachment":[{"href":"https:\/\/lucacastelli.com\/de\/wp-json\/wp\/v2\/media?parent=461834"}],"wp:term":[{"taxonomy":"product_brand","embeddable":true,"href":"https:\/\/lucacastelli.com\/de\/wp-json\/wp\/v2\/product_brand?post=461834"},{"taxonomy":"product_cat","embeddable":true,"href":"https:\/\/lucacastelli.com\/de\/wp-json\/wp\/v2\/product_cat?post=461834"},{"taxonomy":"product_tag","embeddable":true,"href":"https:\/\/lucacastelli.com\/de\/wp-json\/wp\/v2\/product_tag?post=461834"}],"curies":[{"name":"wp","href":"https:\/\/api.w.org\/{rel}","templated":true}]}}