{"id":461684,"date":"2022-05-31T21:18:00","date_gmt":"2022-05-31T19:18:00","guid":{"rendered":"https:\/\/lucacastelli.com\/?post_type=product&#038;p=461684"},"modified":"2026-03-16T08:06:49","modified_gmt":"2026-03-16T07:06:49","slug":"la-sportiva-hyper-gtx","status":"publish","type":"product","link":"https:\/\/lucacastelli.com\/de\/produkt\/la-sportiva-hyper-gtx\/","title":{"rendered":"LA SPORTIVA Hyper GTX"},"content":{"rendered":"<p>Zustiegsschuh aus Leder, hergestellt mit innovativen L\u00f6sungen in der Konstruktion des Obermaterials und des Sohlen-\/Zwischensohlensystems, das speziell von La Sportiva f\u00fcr die Zustiegswelt entwickelt wurde.<\/p>\n<p>BESCHREIBUNG<br \/>\nDie Passform ist ergonomisch und pr\u00e4zise dank des besonderen Befestigungssystems der umlaufenden Zugstange, die den Schuh um 360\u00b0 umschlie\u00dft und mit dem Schn\u00fcrsystem verbunden ist. Die Zugstange umschlie\u00dft die Zwischensohle auch auf innovative Weise an der Vorderseite und tr\u00e4gt so zur gleichm\u00e4\u00dfigen Verteilung der Spannung im Schuh bei. Dieses Konstruktionssystem basiert auf dem Know-how, das La Sportiva in der Welt der Kletterschuhe entwickelt hat. Die Zehenschutzkappe aus Gummi ist ebenfalls von Kletterschuhen abgeleitet und verf\u00fcgt \u00fcber eine Konstruktion, die eine Kontinuit\u00e4t zwischen Kante und Sohle f\u00fcr eine h\u00f6here Sensibilit\u00e4t beim Klettern erm\u00f6glicht. Die EVA-Zwischensohle verf\u00fcgt \u00fcber eine &#8220;Rock Guard&#8221;-Plattform an der Spitze und einen sto\u00dfd\u00e4mpfenden Einsatz im R\u00fccken, um die Unterst\u00fctzung des Kn\u00f6chels zu erleichtern und gleichzeitig unnat\u00fcrliches Verdrehen zu vermeiden. Die Vibram Idrogrip-Sohle wurde mit spezifischen Eigenschaften f\u00fcr den Zustieg hergestellt und ist mit einem Impact Brake System an der Ferse und innen, Saugnapfstollen an der Au\u00dfenseite und Kletterbereichen an der Spitze ausgestattet. Die ultimative La Sportiva-Technologie, die auf Zustiegsschuhe angewendet wird.      <\/p>\n<p>Obermaterial:<br \/>\n Wildleder + umlaufende PU-Leder-Zuglasche mit Lederverst\u00e4rkungen.<\/p>\n<p>Futter:<br \/>\n Gore-Tex\u00ae Extended Comfort.<\/p>\n<p>Zwischensohle:<br \/>\n Aus MEMlex EVA-Kompression mit weichem EVA-Injektionspolster + extra dichter &#8220;Rock Guard&#8221;-Plattform + Anti-Torsions- und stabilisierender TPU-Einsatz hinten.<\/p>\n<p>Form:<br \/>\n Ergonomische Sockenkonstruktion.<\/p>\n<p>Sohle:<br \/>\n Vibram\u00ae Idrogrip mit Impact Brake System + Kletterzone an der Spitze.<\/p>\n<p>Gr\u00f6\u00dfen:<br \/>\n37 &#8211; 47,5 (auch halbe Gr\u00f6\u00dfen)<\/p>\n<p>Gewicht:<br \/>\n450 g (halbes Paar, Gr\u00f6\u00dfe 42)<\/p>\n","protected":false},"excerpt":{"rendered":"<p>Zustiegsschuh aus Leder, hergestellt mit innovativen L\u00f6sungen in der Konstruktion des Obermaterials und des Sohlen-\/Zwischensohlensystems, das speziell von La Sportiva<\/p>\n","protected":false},"featured_media":61899,"template":"","meta":{"_seopress_robots_primary_cat":"","_seopress_titles_title":"","_seopress_titles_desc":"","_seopress_robots_index":""},"product_brand":[3419],"product_cat":[28,568,569],"product_tag":[],"class_list":{"0":"post-461684","1":"product","2":"type-product","3":"status-publish","4":"has-post-thumbnail","6":"product_brand-la-sportiva","7":"product_cat-calzature","8":"product_cat-calzature-per-il-tempo-libero","9":"product_cat-calzature-da-uomo","10":"sws-gruppo-abb-libero-fr","11":"sws-conto-ricavi-merci-rivendita-abbigliamento","12":"sws-gruppo-iva-iva81","14":"first","15":"instock","16":"shipping-taxable","17":"purchasable","18":"product-type-variable"},"_links":{"self":[{"href":"https:\/\/lucacastelli.com\/de\/wp-json\/wp\/v2\/product\/461684","targetHints":{"allow":["GET"]}}],"collection":[{"href":"https:\/\/lucacastelli.com\/de\/wp-json\/wp\/v2\/product"}],"about":[{"href":"https:\/\/lucacastelli.com\/de\/wp-json\/wp\/v2\/types\/product"}],"wp:featuredmedia":[{"embeddable":true,"href":"https:\/\/lucacastelli.com\/de\/wp-json\/wp\/v2\/media\/61899"}],"wp:attachment":[{"href":"https:\/\/lucacastelli.com\/de\/wp-json\/wp\/v2\/media?parent=461684"}],"wp:term":[{"taxonomy":"product_brand","embeddable":true,"href":"https:\/\/lucacastelli.com\/de\/wp-json\/wp\/v2\/product_brand?post=461684"},{"taxonomy":"product_cat","embeddable":true,"href":"https:\/\/lucacastelli.com\/de\/wp-json\/wp\/v2\/product_cat?post=461684"},{"taxonomy":"product_tag","embeddable":true,"href":"https:\/\/lucacastelli.com\/de\/wp-json\/wp\/v2\/product_tag?post=461684"}],"curies":[{"name":"wp","href":"https:\/\/api.w.org\/{rel}","templated":true}]}}