{"id":461661,"date":"2022-05-31T20:01:58","date_gmt":"2022-05-31T18:01:58","guid":{"rendered":"https:\/\/lucacastelli.com\/?post_type=product&#038;p=461661"},"modified":"2025-07-29T09:06:40","modified_gmt":"2025-07-29T07:06:40","slug":"la-sportiva-katana","status":"publish","type":"product","link":"https:\/\/lucacastelli.com\/de\/produkt\/la-sportiva-katana\/","title":{"rendered":"LA SPORTIVA Katana"},"content":{"rendered":"<p>Technischer Kletterschuh mit innovativem Verschluss, bestehend aus zwei Klettverschlussriemen mit differenzierter und entgegengesetzter Zugrichtung. Ideal f\u00fcr den vielseitigen Einsatz in den Bergen, am Fels und beim Bouldern. Die gelungene Kombination aus synthetischen und nat\u00fcrlichen Materialien bietet den besten Kompromiss zwischen Komfort, technischer Leistung und Unver\u00e4nderlichkeit im Laufe der Zeit. Eine spezielle Zwischensohle mit Griffbereich unter den Zehen bietet optimalen Halt bei Kanten und erh\u00f6ht so die Sensibilit\u00e4t.   <\/p>\n<p>Obermaterial:<br \/>\n Wildleder kombiniert mit Mikrofaser, rutschfest.<\/p>\n<p>Futter: Dentex hinten,<br \/>\n Pacific vorne.<\/p>\n<p>Zwischensohle:<br \/>\n LaSpoFlex 1,1 mm insgesamt.<\/p>\n<p>Sohle:<br \/>\nVibram XS Edge 4 mm dick<\/p>\n<p>Gr\u00f6\u00dfen:<br \/>\n33 &#8211; 46 (auch halbe Gr\u00f6\u00dfen)<\/p>\n<p>Gewicht:<br \/>\n470 g (Paar, Gr\u00f6\u00dfe 39)<\/p>\n","protected":false},"excerpt":{"rendered":"<p>Technischer Kletterschuh mit innovativem Verschluss, bestehend aus zwei Klettverschlussriemen mit differenzierter und entgegengesetzter Zugrichtung. Ideal f\u00fcr den vielseitigen Einsatz in<\/p>\n","protected":false},"featured_media":61785,"template":"","meta":{"_seopress_robots_primary_cat":"","_seopress_titles_title":"","_seopress_titles_desc":"","_seopress_robots_index":""},"product_brand":[3649],"product_cat":[1419,1431,175],"product_tag":[],"class_list":{"0":"post-461661","1":"product","2":"type-product","3":"status-publish","4":"has-post-thumbnail","6":"product_brand-la-sportiva-de","7":"product_cat-freizeitschuhe","8":"product_cat-herrenschuhe","9":"product_cat-schuhe","10":"sws-gruppo-abb-libero-fr","11":"sws-conto-ricavi-merci-rivendita-abbigliamento","12":"sws-gruppo-iva-iva81","14":"first","15":"instock","16":"shipping-taxable","17":"purchasable","18":"product-type-variable"},"_links":{"self":[{"href":"https:\/\/lucacastelli.com\/de\/wp-json\/wp\/v2\/product\/461661","targetHints":{"allow":["GET"]}}],"collection":[{"href":"https:\/\/lucacastelli.com\/de\/wp-json\/wp\/v2\/product"}],"about":[{"href":"https:\/\/lucacastelli.com\/de\/wp-json\/wp\/v2\/types\/product"}],"wp:featuredmedia":[{"embeddable":true,"href":"https:\/\/lucacastelli.com\/de\/wp-json\/wp\/v2\/media\/61785"}],"wp:attachment":[{"href":"https:\/\/lucacastelli.com\/de\/wp-json\/wp\/v2\/media?parent=461661"}],"wp:term":[{"taxonomy":"product_brand","embeddable":true,"href":"https:\/\/lucacastelli.com\/de\/wp-json\/wp\/v2\/product_brand?post=461661"},{"taxonomy":"product_cat","embeddable":true,"href":"https:\/\/lucacastelli.com\/de\/wp-json\/wp\/v2\/product_cat?post=461661"},{"taxonomy":"product_tag","embeddable":true,"href":"https:\/\/lucacastelli.com\/de\/wp-json\/wp\/v2\/product_tag?post=461661"}],"curies":[{"name":"wp","href":"https:\/\/api.w.org\/{rel}","templated":true}]}}