{"id":461531,"date":"2022-05-31T19:30:47","date_gmt":"2022-05-31T17:30:47","guid":{"rendered":"https:\/\/lucacastelli.com\/?post_type=product&#038;p=461531"},"modified":"2025-07-29T09:07:01","modified_gmt":"2025-07-29T07:07:01","slug":"la-sportiva-skwama-damen","status":"publish","type":"product","link":"https:\/\/lucacastelli.com\/de\/produkt\/la-sportiva-skwama-damen\/","title":{"rendered":"LA SPORTIVA Skwama Damen"},"content":{"rendered":"<p>Wie die Schuppen einer Schlange ist Skwama der supersensible und umh\u00fcllende Kletterschuh, der den Kletterer bei seinen technischsten Bewegungen auf \u00dcberh\u00e4ngen unterst\u00fctzen kann. (innen und au\u00dfen) und auf den Platten. Dieses Modell ist auf Leistung ausgelegt und dank der neuen Konstruktion der Sohle \u00e4u\u00dferst flexibel, was die M\u00f6glichkeit erh\u00f6ht, den auf dem Fels gespreizten Schuh homogen und gleichm\u00e4\u00dfig zu verwenden. Das Obermaterial aus Wildleder und Mikrofaser umschlie\u00dft den Fu\u00df perfekt, indem es starre Bereiche und innere Hohlr\u00e4ume eliminiert und die Torsionsstabilit\u00e4t beg\u00fcnstigt, auch dank der innovativen patentierten S-Heel-Schale \u2122, die die Stabilit\u00e4t aufrechterh\u00e4lt, indem sie die Leistung und Anpassungsf\u00e4higkeit des Schuhs bei Fersenhaken betont. Das Modell Skwama \u2122 aus sch\u00fctzendem Gummi und ultra-klebrig an der Spitze sch\u00fctzt vor Abrieb und bildet eine griffige Oberfl\u00e4che f\u00fcr Zehenhaken. Die Vibram XS-Grip2 Sohle bietet maximalen Grip auf jeder Art von Wand. Skwama: sitzt wie eine Haut, sch\u00fctzt wie eine Leiter.      <\/p>\n<p>Obermaterial:<br \/>\n Mikrofaser in Kombination mit Wildleder, r\u00f6hrenf\u00f6rmige Konstruktion.<\/p>\n<p>Futter:<br \/>\nKeine.<\/p>\n<p>Zwischensohle:<br \/>\n LaSpoFlex 0,8 mm + P3-System.<\/p>\n<p>Au\u00dfensohle:<br \/>\n3,5 mm Vibram XS Grip2<\/p>\n<p>Patente:<br \/>\n Permanent Power Platform.<\/p>\n<p>Gr\u00f6\u00dfen:<br \/>\n33 &#8211; 42 (auch halbe Gr\u00f6\u00dfen)<\/p>\n<p>Gewicht:<br \/>\n420 g (Paar, Gr\u00f6\u00dfe 39)<\/p>\n","protected":false},"excerpt":{"rendered":"<p>Wie die Schuppen einer Schlange ist Skwama der supersensible und umh\u00fcllende Kletterschuh, der den Kletterer bei seinen technischsten Bewegungen auf<\/p>\n","protected":false},"featured_media":61587,"template":"","meta":{"_seopress_robots_primary_cat":"","_seopress_titles_title":"","_seopress_titles_desc":"","_seopress_robots_index":""},"product_brand":[3649],"product_cat":[175,1419,1430],"product_tag":[],"class_list":{"0":"post-461531","1":"product","2":"type-product","3":"status-publish","4":"has-post-thumbnail","6":"product_brand-la-sportiva-de","7":"product_cat-schuhe","8":"product_cat-freizeitschuhe","9":"product_cat-damen-schuhe","10":"sws-gruppo-abb-libero-de","11":"sws-conto-ricavi-merci-rivendita-abbigliamento-de","12":"sws-gruppo-iva-iva81-de","14":"first","15":"instock","16":"shipping-taxable","17":"purchasable","18":"product-type-variable"},"_links":{"self":[{"href":"https:\/\/lucacastelli.com\/de\/wp-json\/wp\/v2\/product\/461531","targetHints":{"allow":["GET"]}}],"collection":[{"href":"https:\/\/lucacastelli.com\/de\/wp-json\/wp\/v2\/product"}],"about":[{"href":"https:\/\/lucacastelli.com\/de\/wp-json\/wp\/v2\/types\/product"}],"wp:featuredmedia":[{"embeddable":true,"href":"https:\/\/lucacastelli.com\/de\/wp-json\/wp\/v2\/media\/61587"}],"wp:attachment":[{"href":"https:\/\/lucacastelli.com\/de\/wp-json\/wp\/v2\/media?parent=461531"}],"wp:term":[{"taxonomy":"product_brand","embeddable":true,"href":"https:\/\/lucacastelli.com\/de\/wp-json\/wp\/v2\/product_brand?post=461531"},{"taxonomy":"product_cat","embeddable":true,"href":"https:\/\/lucacastelli.com\/de\/wp-json\/wp\/v2\/product_cat?post=461531"},{"taxonomy":"product_tag","embeddable":true,"href":"https:\/\/lucacastelli.com\/de\/wp-json\/wp\/v2\/product_tag?post=461531"}],"curies":[{"name":"wp","href":"https:\/\/api.w.org\/{rel}","templated":true}]}}