{"id":461509,"date":"2026-02-26T11:59:45","date_gmt":"2026-02-26T10:59:45","guid":{"rendered":"https:\/\/lucacastelli.com\/?post_type=product&#038;p=461509"},"modified":"2026-03-15T15:47:12","modified_gmt":"2026-03-15T14:47:12","slug":"la-sportiva-nepal-extreme-gelb","status":"publish","type":"product","link":"https:\/\/lucacastelli.com\/de\/produkt\/la-sportiva-nepal-extreme-gelb\/","title":{"rendered":"LA SPORTIVA Nepal Extreme Yellow"},"content":{"rendered":"<p>Der ideale Bergschuh f\u00fcr technische Eins\u00e4tze in gro\u00dfer H\u00f6he und im Eis.<\/p>\n<p>Die thermische Variante des Modells Nepal Top. Er verf\u00fcgt \u00fcber das innovative, dreilagige Synergy-Thermofutter, das maximale Atmungsaktivit\u00e4t garantiert. Die patentierte EZ OUT-Zugschlaufe erleichtert das L\u00f6sen der Schn\u00fcrung. Die HP3-Zwischensohle eliminiert durch eine neue Kombination hochleistungsf\u00e4higer technischer Materialien jegliche Verschlei\u00dfprobleme an der Fu\u00dfspitze.   <\/p>\n<p>Obermaterial: Wasserabweisendes Idro-Perwanger\u00ae Leder 3+ mm<\/p>\n<p>Futter: PrimaLoft\u00ae Gold Insulation Eco<\/p>\n<p>Zwischensohle: 6 mm Polyurethan mit Steigeisenaufnahme an der Spitze<\/p>\n<p>Brandsohle: Isolierendes Ibi-Thermo 9 mm<\/p>\n<p>Gewicht: 2.110 pro Paar<\/p>\n<p>Gr\u00f6\u00dfen: 38 &#8211; 48 (+1\/2) (49 &#8211; 50 auf Anfrage)<\/p>\n<p>Sohle: Wiederbesohlbare Vibram\u00ae Impact Brake System. Voll steigeisenfest. <\/p>\n","protected":false},"excerpt":{"rendered":"<p>Der ideale Bergschuh f\u00fcr technische Eins\u00e4tze in gro\u00dfer H\u00f6he und im Eis. Die thermische Variante des Modells Nepal Top. Er<\/p>\n","protected":false},"featured_media":61211,"template":"","meta":{"_seopress_robots_primary_cat":"none","_seopress_titles_title":"","_seopress_titles_desc":"","_seopress_robots_index":""},"product_brand":[3649],"product_cat":[1419,1431,175],"product_tag":[],"class_list":{"0":"post-461509","1":"product","2":"type-product","3":"status-publish","4":"has-post-thumbnail","6":"product_brand-la-sportiva-de","7":"product_cat-freizeitschuhe","8":"product_cat-herrenschuhe","9":"product_cat-schuhe","10":"sws-gruppo-abb-libero-de","11":"sws-conto-ricavi-merci-rivendita-abbigliamento-de","12":"sws-gruppo-iva-iva81-de","14":"first","15":"instock","16":"shipping-taxable","17":"purchasable","18":"product-type-variable","19":"has-default-attributes"},"_links":{"self":[{"href":"https:\/\/lucacastelli.com\/de\/wp-json\/wp\/v2\/product\/461509","targetHints":{"allow":["GET"]}}],"collection":[{"href":"https:\/\/lucacastelli.com\/de\/wp-json\/wp\/v2\/product"}],"about":[{"href":"https:\/\/lucacastelli.com\/de\/wp-json\/wp\/v2\/types\/product"}],"wp:featuredmedia":[{"embeddable":true,"href":"https:\/\/lucacastelli.com\/de\/wp-json\/wp\/v2\/media\/61211"}],"wp:attachment":[{"href":"https:\/\/lucacastelli.com\/de\/wp-json\/wp\/v2\/media?parent=461509"}],"wp:term":[{"taxonomy":"product_brand","embeddable":true,"href":"https:\/\/lucacastelli.com\/de\/wp-json\/wp\/v2\/product_brand?post=461509"},{"taxonomy":"product_cat","embeddable":true,"href":"https:\/\/lucacastelli.com\/de\/wp-json\/wp\/v2\/product_cat?post=461509"},{"taxonomy":"product_tag","embeddable":true,"href":"https:\/\/lucacastelli.com\/de\/wp-json\/wp\/v2\/product_tag?post=461509"}],"curies":[{"name":"wp","href":"https:\/\/api.w.org\/{rel}","templated":true}]}}