{"id":461454,"date":"2026-03-04T16:10:05","date_gmt":"2026-03-04T15:10:05","guid":{"rendered":"https:\/\/lucacastelli.com\/prodotto\/la-sportiva-nepal-extreme-arbeit\/"},"modified":"2026-04-15T22:34:47","modified_gmt":"2026-04-15T20:34:47","slug":"la-sportiva-nepal-extreme-arbeit","status":"publish","type":"product","link":"https:\/\/lucacastelli.com\/de\/produkt\/la-sportiva-nepal-extreme-arbeit\/","title":{"rendered":"LA SPORTIVA Nepal Extreme Work"},"content":{"rendered":"<p>Der Nepal Extreme Work vereint die Eigenschaften des Bergstiefel Nepal Extreme von La Sportiva f\u00fcr den professionellen Einsatz.<br \/>\nDieser universell steigeisengeeignete Schuh (automatisch, halbautomatisch, mit Riemen) wird Ihr bester Verb\u00fcndeter f\u00fcr exzellenten Schutz sein, unabh\u00e4ngig vom Einsatzbereich.<br \/>\nIdeal f\u00fcr Hochgebirge und Gletscher basiert dieser Schuh auf den Qualit\u00e4ten des Nepal Extreme und verf\u00fcgt \u00fcber ein innovatives dreilagiges Innenfutter &#8220;Synergy&#8221;: eine isolierende Schicht aus Thinsulate\u00ae, eine dampfdurchl\u00e4ssige Membran und ein wasserdichtes Material.<br \/>\nDie erste Isolierung aus Ibi-Thermo verleiht dem Schuh eine au\u00dfergew\u00f6hnliche K\u00e4lteisolierung. Nepal Extreme bietet die M\u00f6glichkeit, Schnellverschluss-Stollen zu verwenden. Die neue abnehmbare EZ FLEX Zunge (patentiert) erm\u00f6glicht eine individuelle Passform f\u00fcr jeden Fu\u00df. Der EZ OUT Textilbereich (patentiert) erleichtert das \u00d6ffnen der Schn\u00fcrung.<br \/>\nDie neue HP3 Zwischensohle bietet trotz der Steifigkeit der Sohle eine hervorragende D\u00e4mpfung. Der Nepal Extreme ist mit einer thermischen und herausnehmbaren Einlegesohle ausgestattet. Dieser Schuh wird in Italien von Hand gefertigt.<br \/>\nSeien Sie bestens ausger\u00fcstet mit dem Nepal Extreme Work.     <\/p>\n<p>Obermaterial: Hydrophobes Leder Idro-Perwanger\u00ae 3+ mm<br \/>\nFutter: Thermal Synergy<br \/>\nErste: 9 mm Ibi-Thermo Isolierung<br \/>\nSohle: Vibram\u00ae Impact Brake System besohlbar. Kompatibel mit automatischen Steigeisen<br \/>\nGewicht: 2250 g (Paar Gr\u00f6\u00dfe 42) <\/p>\n","protected":false},"excerpt":{"rendered":"<p>Der Nepal Extreme Work vereint die Eigenschaften des Bergstiefel Nepal Extreme von La Sportiva f\u00fcr den professionellen Einsatz. Dieser universell<\/p>\n","protected":false},"featured_media":767244,"template":"","meta":{"_seopress_robots_primary_cat":"none","_seopress_titles_title":"","_seopress_titles_desc":"","_seopress_robots_index":""},"product_brand":[3649],"product_cat":[175,1424],"product_tag":[],"class_list":{"0":"post-461454","1":"product","2":"type-product","3":"status-publish","4":"has-post-thumbnail","6":"product_brand-la-sportiva-de","7":"product_cat-schuhe","8":"product_cat-arbeitsschuhe","10":"first","11":"instock","12":"shipping-taxable","13":"purchasable","14":"product-type-variable"},"_links":{"self":[{"href":"https:\/\/lucacastelli.com\/de\/wp-json\/wp\/v2\/product\/461454","targetHints":{"allow":["GET"]}}],"collection":[{"href":"https:\/\/lucacastelli.com\/de\/wp-json\/wp\/v2\/product"}],"about":[{"href":"https:\/\/lucacastelli.com\/de\/wp-json\/wp\/v2\/types\/product"}],"wp:featuredmedia":[{"embeddable":true,"href":"https:\/\/lucacastelli.com\/de\/wp-json\/wp\/v2\/media\/767244"}],"wp:attachment":[{"href":"https:\/\/lucacastelli.com\/de\/wp-json\/wp\/v2\/media?parent=461454"}],"wp:term":[{"taxonomy":"product_brand","embeddable":true,"href":"https:\/\/lucacastelli.com\/de\/wp-json\/wp\/v2\/product_brand?post=461454"},{"taxonomy":"product_cat","embeddable":true,"href":"https:\/\/lucacastelli.com\/de\/wp-json\/wp\/v2\/product_cat?post=461454"},{"taxonomy":"product_tag","embeddable":true,"href":"https:\/\/lucacastelli.com\/de\/wp-json\/wp\/v2\/product_tag?post=461454"}],"curies":[{"name":"wp","href":"https:\/\/api.w.org\/{rel}","templated":true}]}}