{"id":461383,"date":"2026-03-04T07:47:14","date_gmt":"2026-03-04T06:47:14","guid":{"rendered":"https:\/\/lucacastelli.com\/prodotto\/la-sportiva-nepal-evo-arbeit-gtx\/"},"modified":"2026-04-06T22:48:53","modified_gmt":"2026-04-06T20:48:53","slug":"la-sportiva-nepal-evo-arbeit-gtx","status":"publish","type":"product","link":"https:\/\/lucacastelli.com\/de\/produkt\/la-sportiva-nepal-evo-arbeit-gtx\/","title":{"rendered":"LA SPORTIVA Nepal Evo Work GTX"},"content":{"rendered":"<p>Wir freuen uns, Ihnen exklusiv f\u00fcr das Tessin den neuen Arbeitsschuh Nepal Evo Work GTX vorzustellen.<br \/>\nIm Vergleich zum Modell Nepal Evo GTX verf\u00fcgt er \u00fcber eine widerstandsf\u00e4higere Sohle und einen widerstandsf\u00e4higeren Klebstoff.<br \/>\nIdeal f\u00fcr Steinschlagbeseitigung und Forstarbeiten.<\/p>\n<p>Obermaterial: Wasserabweisendes Leder Idro-Perwanger\u00ae 3+ mm<br \/>\nFutter: Gore-Tex\u00ae Insulated Comfort.<br \/>\nEinlegesohle: Ibi-Thermo isolierend 9 mm<br \/>\nSohle: Vibram<br \/>\nPatente: Eingetragenes Design<br \/>\nGr\u00f6\u00dfen: 37 &#8211; 48 (einschlie\u00dflich halber Gr\u00f6\u00dfen)<br \/>\nGewicht: 2.250 g (pro Paar, Gr\u00f6\u00dfe 42)<\/p>\n","protected":false},"excerpt":{"rendered":"<p>Wir freuen uns, Ihnen exklusiv f\u00fcr das Tessin den neuen Arbeitsschuh Nepal Evo Work GTX vorzustellen. Im Vergleich zum Modell<\/p>\n","protected":false},"featured_media":92162,"template":"","meta":{"_seopress_robots_primary_cat":"none","_seopress_titles_title":"","_seopress_titles_desc":"","_seopress_robots_index":""},"product_brand":[3649],"product_cat":[1424,175],"product_tag":[],"class_list":{"0":"post-461383","1":"product","2":"type-product","3":"status-publish","4":"has-post-thumbnail","6":"product_brand-la-sportiva-de","7":"product_cat-arbeitsschuhe","8":"product_cat-schuhe","10":"first","11":"instock","12":"shipping-taxable","13":"purchasable","14":"product-type-variable"},"_links":{"self":[{"href":"https:\/\/lucacastelli.com\/de\/wp-json\/wp\/v2\/product\/461383","targetHints":{"allow":["GET"]}}],"collection":[{"href":"https:\/\/lucacastelli.com\/de\/wp-json\/wp\/v2\/product"}],"about":[{"href":"https:\/\/lucacastelli.com\/de\/wp-json\/wp\/v2\/types\/product"}],"wp:featuredmedia":[{"embeddable":true,"href":"https:\/\/lucacastelli.com\/de\/wp-json\/wp\/v2\/media\/92162"}],"wp:attachment":[{"href":"https:\/\/lucacastelli.com\/de\/wp-json\/wp\/v2\/media?parent=461383"}],"wp:term":[{"taxonomy":"product_brand","embeddable":true,"href":"https:\/\/lucacastelli.com\/de\/wp-json\/wp\/v2\/product_brand?post=461383"},{"taxonomy":"product_cat","embeddable":true,"href":"https:\/\/lucacastelli.com\/de\/wp-json\/wp\/v2\/product_cat?post=461383"},{"taxonomy":"product_tag","embeddable":true,"href":"https:\/\/lucacastelli.com\/de\/wp-json\/wp\/v2\/product_tag?post=461383"}],"curies":[{"name":"wp","href":"https:\/\/api.w.org\/{rel}","templated":true}]}}