{"id":461347,"date":"2023-06-19T05:09:52","date_gmt":"2023-06-19T03:09:52","guid":{"rendered":"https:\/\/lucacastelli.com\/prodotto\/la-sportiva-nepal-cube-gtx-gelb\/"},"modified":"2026-04-14T03:29:26","modified_gmt":"2026-04-14T01:29:26","slug":"la-sportiva-nepal-cube-gtx-gelb","status":"publish","type":"product","link":"https:\/\/lucacastelli.com\/de\/produkt\/la-sportiva-nepal-cube-gtx-gelb\/","title":{"rendered":"LA SPORTIVA Nepal Cube GTX Yellow"},"content":{"rendered":"<p>Dies ist der leichteste und isolierendste technische Bergstiefel der Nepal-Familie: Er stellt den Stand der Technik auf dem Markt der technischen Stiefel dar, die f\u00fcr den Einsatz in gro\u00dfer H\u00f6he und zum Klettern mit Steigeisen in gemischtem Gel\u00e4nde konzipiert sind.<\/p>\n<p>Nepal Cube ist ein neuer Ausgangspunkt, ein neuer Standard f\u00fcr technische Bergstiefel dank des au\u00dfergew\u00f6hnlichen Gewichts (nur 825 Gramm pro Einzelschuh) und der hohen W\u00e4rmeisolierung; Eigenschaften, die durch die Gewichtsreduzierung des Sohlen-\/Zwischensohlensystems mit einer hochgradig isolierenden Einlegesohle aus wabenf\u00f6rmigem Carbon Tech und durch die Reduzierung des Gewichts der Stahlbeschl\u00e4ge erreicht wurden. Der globale Tragekomfort wird durch die Verwendung der Gore-Tex Insulated Comfort Membran gew\u00e4hrleistet, die Atmungsaktivit\u00e4t und Wasserdichtigkeit garantiert, sowie durch die EZ OUT Technologie der Zunge, die neben einer besseren Anpassung der Passform auch den Abtransport von Schwei\u00df erleichtert, indem Mesh-Gewebe verwendet wird, das \u00fcbersch\u00fcssige Feuchtigkeit nach au\u00dfen transportiert. Das Gehen wird zudem durch das multidirektionale Kn\u00f6chelgelenk 3D Flex System erleichtert, das das Gehen beg\u00fcnstigt und den Kn\u00f6chel in schwierigem Gel\u00e4nde st\u00fctzt. Die Vibram-Sohle mit Impact Brake System absorbiert St\u00f6\u00dfe, unterst\u00fctzt die Traktion und bremst dank der unterschiedlichen Stollenst\u00e4rke. Nepal Cube: der Ursprung einer neuen Art.    <\/p>\n<p>Obermaterial: Wasserabweisendes Idro-Perwanger Leder 3+ mm<\/p>\n<p>Futter: Gore-Tex Insulated Comfort.<\/p>\n<p>Einlegesohle: Isolierendes wabenf\u00f6rmiges Carbon Tech.<\/p>\n<p>Zwischensohle: Polyurethan 2 mm mit differenzierter St\u00e4rke im Zehenbereich f\u00fcr Steigeisenaufnahme.<\/p>\n<p>Sohle: Vibram Matterhorn mit Impact Brake System.<\/p>\n<p>Patent: Eingetragenes Design.<\/p>\n<p>Gr\u00f6\u00dfen: 40 \u2013 48 (inkl. halbe Gr\u00f6\u00dfen)<\/p>\n<p>Gewicht: 1788 g (pro Paar, Gr\u00f6\u00dfe 42)<\/p>\n","protected":false},"excerpt":{"rendered":"<p>Dies ist der leichteste und isolierendste technische Bergstiefel der Nepal-Familie: Er stellt den Stand der Technik auf dem Markt der<\/p>\n","protected":false},"featured_media":92099,"template":"","meta":{"_seopress_robots_primary_cat":"none","_seopress_titles_title":"","_seopress_titles_desc":"","_seopress_robots_index":""},"product_brand":[3649],"product_cat":[175,1419,1431],"product_tag":[],"class_list":{"0":"post-461347","1":"product","2":"type-product","3":"status-publish","4":"has-post-thumbnail","6":"product_brand-la-sportiva-de","7":"product_cat-schuhe","8":"product_cat-freizeitschuhe","9":"product_cat-herrenschuhe","11":"first","12":"instock","13":"shipping-taxable","14":"purchasable","15":"product-type-variable"},"_links":{"self":[{"href":"https:\/\/lucacastelli.com\/de\/wp-json\/wp\/v2\/product\/461347","targetHints":{"allow":["GET"]}}],"collection":[{"href":"https:\/\/lucacastelli.com\/de\/wp-json\/wp\/v2\/product"}],"about":[{"href":"https:\/\/lucacastelli.com\/de\/wp-json\/wp\/v2\/types\/product"}],"wp:featuredmedia":[{"embeddable":true,"href":"https:\/\/lucacastelli.com\/de\/wp-json\/wp\/v2\/media\/92099"}],"wp:attachment":[{"href":"https:\/\/lucacastelli.com\/de\/wp-json\/wp\/v2\/media?parent=461347"}],"wp:term":[{"taxonomy":"product_brand","embeddable":true,"href":"https:\/\/lucacastelli.com\/de\/wp-json\/wp\/v2\/product_brand?post=461347"},{"taxonomy":"product_cat","embeddable":true,"href":"https:\/\/lucacastelli.com\/de\/wp-json\/wp\/v2\/product_cat?post=461347"},{"taxonomy":"product_tag","embeddable":true,"href":"https:\/\/lucacastelli.com\/de\/wp-json\/wp\/v2\/product_tag?post=461347"}],"curies":[{"name":"wp","href":"https:\/\/api.w.org\/{rel}","templated":true}]}}