{"id":461334,"date":"2025-06-15T04:31:04","date_gmt":"2025-06-15T02:31:04","guid":{"rendered":"https:\/\/lucacastelli.com\/prodotto\/absaugvorrichtung-5\/"},"modified":"2025-06-29T07:38:33","modified_gmt":"2025-06-29T05:38:33","slug":"absaugvorrichtung-5","status":"publish","type":"product","link":"https:\/\/lucacastelli.com\/de\/produkt\/absaugvorrichtung-5\/","title":{"rendered":"MILWAUKEE Staubsauger"},"content":{"rendered":"<p>Kompatibel mit dem modularen Transportsystem Milwaukee PACKOUT\u2122&lt;Br&gt;  B\u00fcrstenloser POWERSTATE\u2122-Motor f\u00fcr maximale Leistung bei Geld und fl\u00fcssigen Ablagerungen&lt;Br&gt;  Kompatibel mit dem modularen Transportsystem Milwaukee PACKOUT\u2122: f\u00fcr einen effizienten Transport&lt;Br&gt;  Mobil und vielseitig: kann auch gestapelt im PACKOUT\u2122 System verwendet werden&lt;Br&gt;  HEPA-Filter mit einem Staubabscheidegrad von 99,97% (Partikel kleiner als 0,03 Mikrometer)&lt;Br&gt;  50 Minuten Laufzeit bei niedriger Intensit\u00e4t und 30 Minuten Laufzeit bei hoher Intensit\u00e4t (mit 8,0 Ah Akku)&lt;Br&gt;  Integriertes System f\u00fcr den Transport von Schlauch und Zubeh\u00f6r&lt;Br&gt;  DEK 26 Kupplung zur einfachen Befestigung an Werkzeugen&lt;Br&gt;  Bis zu 1,6 m ausziehbarer Schlauch f\u00fcr mehr Reichweite und Vielseitigkeit&lt;Br&gt;  Funktioniert mit allen MILWAUKEE\u00ae M18\u2122 Akkus<\/p>\n<p>BARCODE: 4058546341206<\/p>\n<p>Technische Daten<br \/>\nL<\/p>\n<p>Lieferung ohne Batterien, Lieferung ohne Ladeger\u00e4t, Lieferung ohne Kitbox oder Tasche, flache und verl\u00e4ngerte D\u00fcse, DEK26-Adapter, Schlauch, universeller HEPA-Filter<\/p>\n","protected":false},"excerpt":{"rendered":"<p>Kompatibel mit dem modularen Transportsystem Milwaukee PACKOUT\u2122&lt;Br&gt; B\u00fcrstenloser POWERSTATE\u2122-Motor f\u00fcr maximale Leistung bei Geld und fl\u00fcssigen Ablagerungen&lt;Br&gt; Kompatibel mit dem<\/p>\n","protected":false},"featured_media":457795,"template":"","meta":{"_seopress_robots_primary_cat":"","_seopress_titles_title":"","_seopress_titles_desc":"","_seopress_robots_index":""},"product_brand":[3407],"product_cat":[29,514,517],"product_tag":[3270],"class_list":{"0":"post-461334","1":"product","2":"type-product","3":"status-publish","4":"has-post-thumbnail","6":"product_brand-milwaukee","7":"product_cat-macchinari","8":"product_cat-altri-dispositivi","9":"product_cat-aspiratori-per-la-pulizia","10":"product_tag-import-milwau","11":"sws-gruppo-macchinari-de","12":"sws-conto-ricavi-merci-rivendita-macchinari-de","13":"sws-gruppo-iva-iva81-de","15":"first","16":"onbackorder","17":"sale","18":"purchasable","19":"product-type-simple"},"_links":{"self":[{"href":"https:\/\/lucacastelli.com\/de\/wp-json\/wp\/v2\/product\/461334","targetHints":{"allow":["GET"]}}],"collection":[{"href":"https:\/\/lucacastelli.com\/de\/wp-json\/wp\/v2\/product"}],"about":[{"href":"https:\/\/lucacastelli.com\/de\/wp-json\/wp\/v2\/types\/product"}],"wp:featuredmedia":[{"embeddable":true,"href":"https:\/\/lucacastelli.com\/de\/wp-json\/wp\/v2\/media\/457795"}],"wp:attachment":[{"href":"https:\/\/lucacastelli.com\/de\/wp-json\/wp\/v2\/media?parent=461334"}],"wp:term":[{"taxonomy":"product_brand","embeddable":true,"href":"https:\/\/lucacastelli.com\/de\/wp-json\/wp\/v2\/product_brand?post=461334"},{"taxonomy":"product_cat","embeddable":true,"href":"https:\/\/lucacastelli.com\/de\/wp-json\/wp\/v2\/product_cat?post=461334"},{"taxonomy":"product_tag","embeddable":true,"href":"https:\/\/lucacastelli.com\/de\/wp-json\/wp\/v2\/product_tag?post=461334"}],"curies":[{"name":"wp","href":"https:\/\/api.w.org\/{rel}","templated":true}]}}