{"id":461332,"date":"2025-06-15T04:26:30","date_gmt":"2025-06-15T02:26:30","guid":{"rendered":"https:\/\/lucacastelli.com\/prodotto\/hefter-2\/"},"modified":"2025-06-29T07:38:28","modified_gmt":"2025-06-29T05:38:28","slug":"hefter-2","status":"publish","type":"product","link":"https:\/\/lucacastelli.com\/de\/produkt\/hefter-2\/","title":{"rendered":"MILWAUKEE Tacker"},"content":{"rendered":"<p>Pr\u00e4zise und schnelle Befestigung auch auf Harth\u00f6lzern&lt;Br&gt;  Mindestzeit zwischen dem Abfeuern eines Clips und dem n\u00e4chsten&lt;Br&gt;  Minimaler Wartungsaufwand&lt;Br&gt;  Mehrere Brennd\u00fcsen sorgen f\u00fcr ein pr\u00e4zises Finish&lt;Br&gt;  Verriegeln des Ger\u00e4ts, bevor die Klammern im Magazin ausgehen&lt;Br&gt;  Geeignet f\u00fcr Schmierfette von 9,5 mm bis 38 mm&lt;Br&gt;  Bis zu 1.200 Klammern mit einem 2,0 Ah M18\u2122 REDLITHIUM\u2122 Akku&lt;Br&gt;  LED-Licht zur Ausleuchtung des Anwendungsbereichs&lt;Br&gt;  Die FUEL-Technologie\u2122 definiert kabellose Elektrowerkzeuge neu. B\u00fcrstenloser Motor, REDLINK PLUS-Elektronik\u2122 und REDLITHIUM-Akku\u2122 bieten \u00fcberlegene&lt;Leistung und Haltbarkeit br&gt; Funktioniert mit allen MILWAUKEE\u00ae M18-Akkus\u2122 <\/p>\n<p>BARCODE: 4058546298395<\/p>\n<p>Technische Daten<br \/>\n2.8 (M18 B2)<\/p>\n<p>2 x M18 B2 Akkupack, M12-18 FC Ladeger\u00e4t, HeavyDuty Koffer<\/p>\n","protected":false},"excerpt":{"rendered":"<p>Pr\u00e4zise und schnelle Befestigung auch auf Harth\u00f6lzern&lt;Br&gt; Mindestzeit zwischen dem Abfeuern eines Clips und dem n\u00e4chsten&lt;Br&gt; Minimaler Wartungsaufwand&lt;Br&gt; Mehrere Brennd\u00fcsen<\/p>\n","protected":false},"featured_media":457753,"template":"","meta":{"_seopress_robots_primary_cat":"","_seopress_titles_title":"","_seopress_titles_desc":"","_seopress_robots_index":""},"product_brand":[3407],"product_cat":[29,514],"product_tag":[3270],"class_list":{"0":"post-461332","1":"product","2":"type-product","3":"status-publish","4":"has-post-thumbnail","6":"product_brand-milwaukee","7":"product_cat-macchinari","8":"product_cat-altri-dispositivi","9":"product_tag-import-milwau","10":"sws-gruppo-macchinari-de","11":"sws-conto-ricavi-merci-rivendita-macchinari-de","12":"sws-gruppo-iva-iva81-de","14":"first","15":"onbackorder","16":"sale","17":"purchasable","18":"product-type-simple"},"_links":{"self":[{"href":"https:\/\/lucacastelli.com\/de\/wp-json\/wp\/v2\/product\/461332","targetHints":{"allow":["GET"]}}],"collection":[{"href":"https:\/\/lucacastelli.com\/de\/wp-json\/wp\/v2\/product"}],"about":[{"href":"https:\/\/lucacastelli.com\/de\/wp-json\/wp\/v2\/types\/product"}],"wp:featuredmedia":[{"embeddable":true,"href":"https:\/\/lucacastelli.com\/de\/wp-json\/wp\/v2\/media\/457753"}],"wp:attachment":[{"href":"https:\/\/lucacastelli.com\/de\/wp-json\/wp\/v2\/media?parent=461332"}],"wp:term":[{"taxonomy":"product_brand","embeddable":true,"href":"https:\/\/lucacastelli.com\/de\/wp-json\/wp\/v2\/product_brand?post=461332"},{"taxonomy":"product_cat","embeddable":true,"href":"https:\/\/lucacastelli.com\/de\/wp-json\/wp\/v2\/product_cat?post=461332"},{"taxonomy":"product_tag","embeddable":true,"href":"https:\/\/lucacastelli.com\/de\/wp-json\/wp\/v2\/product_tag?post=461332"}],"curies":[{"name":"wp","href":"https:\/\/api.w.org\/{rel}","templated":true}]}}