{"id":461327,"date":"2025-06-15T04:20:45","date_gmt":"2025-06-15T02:20:45","guid":{"rendered":"https:\/\/lucacastelli.com\/prodotto\/hefter\/"},"modified":"2025-06-29T07:38:25","modified_gmt":"2025-06-29T05:38:25","slug":"hefter","status":"publish","type":"product","link":"https:\/\/lucacastelli.com\/de\/produkt\/hefter\/","title":{"rendered":"MILWAUKEE Tacker"},"content":{"rendered":"<p>50 mm &lt;Nockenz\u00fcndung br&gt; Die Nachladezeit zwischen den Cambrettes wird dank ZollReady to Fire-Technologie minimiertZoll&lt;br&gt; Keine Gaspatronen erforderlich und keine Wartung erforderlich. Zuverl\u00e4ssigkeit und Effektivit\u00e4t machen diesen Hefter perfekt f\u00fcr die anspruchsvollsten Benutzer &lt;Br&gt;  Einstellungen werden ohne den Einsatz von Werkzeugen vorgenommen&lt;Br&gt;  Einfacher T\u00fcrzugang zum Entfernen festsitzender Cambrettes&lt;Br&gt;  Die Maschine stoppt automatisch, wenn die Cambrettes im Lader fertig sind&lt;Br&gt;  Z\u00fcnden Sie bis zu 600 Cambrettes pro Ladung mit einem 3,0-Ah-REDLITHIUM-Akku\u2122 ab&lt;Br&gt;  Das raffinierte Design erm\u00f6glicht eine klare Sicht w\u00e4hrend der Befestigungsphasen&lt;Br&gt;  MILWAUKEE\u00ae Cambrette Shooter von 40 bis 50 mm&lt;Br&gt;  Funktioniert mit allen Batterien der M18-Plattform\u2122<\/p>\n<p>BARCODE: 4058546376260<\/p>\n<p>Technische Daten<br \/>\n600<\/p>\n<p>2 x M18 HB3 Akkupack, M12-18 FC Ladeger\u00e4t, Transportkoffer<\/p>\n","protected":false},"excerpt":{"rendered":"<p>50 mm &lt;Nockenz\u00fcndung br&gt; Die Nachladezeit zwischen den Cambrettes wird dank ZollReady to Fire-Technologie minimiertZoll&lt;br&gt; Keine Gaspatronen erforderlich und keine<\/p>\n","protected":false},"featured_media":441929,"template":"","meta":{"_seopress_robots_primary_cat":"","_seopress_titles_title":"","_seopress_titles_desc":"","_seopress_robots_index":""},"product_brand":[3407],"product_cat":[29,514],"product_tag":[3270],"class_list":{"0":"post-461327","1":"product","2":"type-product","3":"status-publish","4":"has-post-thumbnail","6":"product_brand-milwaukee","7":"product_cat-macchinari","8":"product_cat-altri-dispositivi","9":"product_tag-import-milwau","10":"sws-gruppo-macchinari-de","11":"sws-conto-ricavi-merci-rivendita-macchinari-de","12":"sws-gruppo-iva-iva81-de","14":"first","15":"onbackorder","16":"sale","17":"purchasable","18":"product-type-simple"},"_links":{"self":[{"href":"https:\/\/lucacastelli.com\/de\/wp-json\/wp\/v2\/product\/461327","targetHints":{"allow":["GET"]}}],"collection":[{"href":"https:\/\/lucacastelli.com\/de\/wp-json\/wp\/v2\/product"}],"about":[{"href":"https:\/\/lucacastelli.com\/de\/wp-json\/wp\/v2\/types\/product"}],"wp:featuredmedia":[{"embeddable":true,"href":"https:\/\/lucacastelli.com\/de\/wp-json\/wp\/v2\/media\/441929"}],"wp:attachment":[{"href":"https:\/\/lucacastelli.com\/de\/wp-json\/wp\/v2\/media?parent=461327"}],"wp:term":[{"taxonomy":"product_brand","embeddable":true,"href":"https:\/\/lucacastelli.com\/de\/wp-json\/wp\/v2\/product_brand?post=461327"},{"taxonomy":"product_cat","embeddable":true,"href":"https:\/\/lucacastelli.com\/de\/wp-json\/wp\/v2\/product_cat?post=461327"},{"taxonomy":"product_tag","embeddable":true,"href":"https:\/\/lucacastelli.com\/de\/wp-json\/wp\/v2\/product_tag?post=461327"}],"curies":[{"name":"wp","href":"https:\/\/api.w.org\/{rel}","templated":true}]}}