{"id":461325,"date":"2025-06-14T03:26:56","date_gmt":"2025-06-14T01:26:56","guid":{"rendered":"https:\/\/lucacastelli.com\/prodotto\/schroepfmaschine-3\/"},"modified":"2025-06-29T07:39:23","modified_gmt":"2025-06-29T05:39:23","slug":"schroepfmaschine-3","status":"publish","type":"product","link":"https:\/\/lucacastelli.com\/de\/produkt\/schroepfmaschine-3\/","title":{"rendered":"MILWAUKEE Rump M\u00fchle"},"content":{"rendered":"<p>Maximale Leistung f\u00fcr schnelles und pr\u00e4zises Fixieren&lt;Br&gt;  Mindestzeit zwischen dem Abfeuern einer Kruppe und der n\u00e4chsten&lt;Br&gt;  Minimaler Wartungsaufwand&lt;Br&gt;  F\u00fcr saubere Abschl\u00fcsse k\u00f6nnen Sie die Bolzen waagerecht anbringen.&lt;Br&gt;  Mehrere Brennd\u00fcsen sorgen f\u00fcr ein pr\u00e4zises Finish&lt;Br&gt;  Geeignet f\u00fcr Anwendungen im spitzen Winkel&lt;Br&gt;  Werkzeuglose Einstellung der Hubtiefe&lt;Br&gt;  Werkzeugklemmen kurz bevor die B\u00fcrzel im Magazin ausgehen&lt;Br&gt;  Schie\u00dft bis zu 1.200 H\u00fcbe mit einem 2,0 Ah M18\u2122 REDLITHIUM\u2122 Akku&lt;Br&gt;  Einfacher Zugang zu verstopften Zwickeln&lt;Br&gt;  Integriertes LED-Licht zur Ausleuchtung des Arbeitsbereichs&lt;Br&gt;  Kompatibel mit allen MILWAUKEE\u00ae M18\u2122 Akkus<\/p>\n<p>BARCODE: 4058546290375<\/p>\n<p>Technische Daten<br \/>\n900<\/p>\n<p>Lieferung ohne Batterien, Lieferung ohne Ladeger\u00e4t, HeavyDuty Koffer<\/p>\n","protected":false},"excerpt":{"rendered":"<p>Maximale Leistung f\u00fcr schnelles und pr\u00e4zises Fixieren&lt;Br&gt; Mindestzeit zwischen dem Abfeuern einer Kruppe und der n\u00e4chsten&lt;Br&gt; Minimaler Wartungsaufwand&lt;Br&gt; F\u00fcr saubere<\/p>\n","protected":false},"featured_media":456945,"template":"","meta":{"_seopress_robots_primary_cat":"","_seopress_titles_title":"","_seopress_titles_desc":"","_seopress_robots_index":""},"product_brand":[3407],"product_cat":[29,514,552],"product_tag":[3270],"class_list":{"0":"post-461325","1":"product","2":"type-product","3":"status-publish","4":"has-post-thumbnail","6":"product_brand-milwaukee","7":"product_cat-macchinari","8":"product_cat-altri-dispositivi","9":"product_cat-chiodatrici","10":"product_tag-import-milwau","11":"sws-gruppo-macchinari-de","12":"sws-conto-ricavi-merci-rivendita-macchinari-de","13":"sws-gruppo-iva-iva81-de","15":"first","16":"onbackorder","17":"sale","18":"purchasable","19":"product-type-simple"},"_links":{"self":[{"href":"https:\/\/lucacastelli.com\/de\/wp-json\/wp\/v2\/product\/461325","targetHints":{"allow":["GET"]}}],"collection":[{"href":"https:\/\/lucacastelli.com\/de\/wp-json\/wp\/v2\/product"}],"about":[{"href":"https:\/\/lucacastelli.com\/de\/wp-json\/wp\/v2\/types\/product"}],"wp:featuredmedia":[{"embeddable":true,"href":"https:\/\/lucacastelli.com\/de\/wp-json\/wp\/v2\/media\/456945"}],"wp:attachment":[{"href":"https:\/\/lucacastelli.com\/de\/wp-json\/wp\/v2\/media?parent=461325"}],"wp:term":[{"taxonomy":"product_brand","embeddable":true,"href":"https:\/\/lucacastelli.com\/de\/wp-json\/wp\/v2\/product_brand?post=461325"},{"taxonomy":"product_cat","embeddable":true,"href":"https:\/\/lucacastelli.com\/de\/wp-json\/wp\/v2\/product_cat?post=461325"},{"taxonomy":"product_tag","embeddable":true,"href":"https:\/\/lucacastelli.com\/de\/wp-json\/wp\/v2\/product_tag?post=461325"}],"curies":[{"name":"wp","href":"https:\/\/api.w.org\/{rel}","templated":true}]}}