{"id":461316,"date":"2025-06-14T03:15:44","date_gmt":"2025-06-14T01:15:44","guid":{"rendered":"https:\/\/lucacastelli.com\/prodotto\/nagler-2\/"},"modified":"2025-06-29T07:39:09","modified_gmt":"2025-06-29T05:39:09","slug":"nagler-2","status":"publish","type":"product","link":"https:\/\/lucacastelli.com\/de\/produkt\/nagler-2\/","title":{"rendered":"MILWAUKEE Nagler"},"content":{"rendered":"<p>Pr\u00e4zise und schnelle Befestigung auch auf Harth\u00f6lzern&lt;Br&gt;  Minimale Zeit zwischen dem Abbrennen eines Nagels und dem n\u00e4chsten&lt;Br&gt;  Minimaler Wartungsaufwand&lt;Br&gt;  Einzelner sequenzieller Feuerungsmodus f\u00fcr pr\u00e4zise Anwendungen&lt;Br&gt;  Werkzeuglos einstellbare Hubtiefe&lt;Br&gt;  Werkzeugklemmen, kurz bevor die N\u00e4gel im Magazin ausgehen&lt;Br&gt;  Schie\u00dft bis zu 700 N\u00e4gel mit einem 5.0Ah REDLITHIUM\u2122 Akku&lt;Br&gt;  Kompatibel mit N\u00e4geln 30\u00b0 &#8211; 34\u00b0, L\u00e4nge 50 &#8211; 90 mm, Durchmesser 2,9 &#8211; 3,32 mm mit glattem oder Gewindeschaft, Halbkopf oder rund, aus jedem Material&lt;Br&gt;  Einfacher Zugang zu festsitzenden N\u00e4geln&lt;Br&gt;  LED-Licht zur Ausleuchtung des Arbeitsbereichs&lt;Br&gt;  Die FUEL-Technologie\u2122 definiert kabellose Elektrowerkzeuge neu. B\u00fcrstenloser Motor, REDLINK PLUS-Elektronik\u2122 und REDLITHIUM-Akku\u2122 bieten \u00fcberlegene&lt;Leistung und Haltbarkeit br&gt; Funktioniert mit allen MILWAUKEE\u00ae M18-Akkus\u2122 <\/p>\n<p>BARCODE: 4058546344795<\/p>\n<p>Technische Daten<br \/>\n18V<\/p>\n<p>2 x M18 B5 Akku, M12-18 FC Ladeger\u00e4t, Transportkoffer, Inbusschl\u00fcssel<\/p>\n","protected":false},"excerpt":{"rendered":"<p>Pr\u00e4zise und schnelle Befestigung auch auf Harth\u00f6lzern&lt;Br&gt; Minimale Zeit zwischen dem Abbrennen eines Nagels und dem n\u00e4chsten&lt;Br&gt; Minimaler Wartungsaufwand&lt;Br&gt; Einzelner<\/p>\n","protected":false},"featured_media":456837,"template":"","meta":{"_seopress_robots_primary_cat":"","_seopress_titles_title":"","_seopress_titles_desc":"","_seopress_robots_index":""},"product_brand":[3407],"product_cat":[29,514,552],"product_tag":[3270],"class_list":{"0":"post-461316","1":"product","2":"type-product","3":"status-publish","4":"has-post-thumbnail","6":"product_brand-milwaukee","7":"product_cat-macchinari","8":"product_cat-altri-dispositivi","9":"product_cat-chiodatrici","10":"product_tag-import-milwau","11":"sws-gruppo-macchinari-de","12":"sws-conto-ricavi-merci-rivendita-macchinari-de","13":"sws-gruppo-iva-iva81-de","15":"first","16":"onbackorder","17":"sale","18":"purchasable","19":"product-type-simple"},"_links":{"self":[{"href":"https:\/\/lucacastelli.com\/de\/wp-json\/wp\/v2\/product\/461316","targetHints":{"allow":["GET"]}}],"collection":[{"href":"https:\/\/lucacastelli.com\/de\/wp-json\/wp\/v2\/product"}],"about":[{"href":"https:\/\/lucacastelli.com\/de\/wp-json\/wp\/v2\/types\/product"}],"wp:featuredmedia":[{"embeddable":true,"href":"https:\/\/lucacastelli.com\/de\/wp-json\/wp\/v2\/media\/456837"}],"wp:attachment":[{"href":"https:\/\/lucacastelli.com\/de\/wp-json\/wp\/v2\/media?parent=461316"}],"wp:term":[{"taxonomy":"product_brand","embeddable":true,"href":"https:\/\/lucacastelli.com\/de\/wp-json\/wp\/v2\/product_brand?post=461316"},{"taxonomy":"product_cat","embeddable":true,"href":"https:\/\/lucacastelli.com\/de\/wp-json\/wp\/v2\/product_cat?post=461316"},{"taxonomy":"product_tag","embeddable":true,"href":"https:\/\/lucacastelli.com\/de\/wp-json\/wp\/v2\/product_tag?post=461316"}],"curies":[{"name":"wp","href":"https:\/\/api.w.org\/{rel}","templated":true}]}}