{"id":461304,"date":"2025-06-14T03:07:28","date_gmt":"2025-06-14T01:07:28","guid":{"rendered":"https:\/\/lucacastelli.com\/prodotto\/exzenterschleifer\/"},"modified":"2025-06-29T07:39:58","modified_gmt":"2025-06-29T05:39:58","slug":"exzenterschleifer","status":"publish","type":"product","link":"https:\/\/lucacastelli.com\/de\/produkt\/exzenterschleifer\/","title":{"rendered":"MILWAUKEE Exzenterschleifer"},"content":{"rendered":"<p>Der Milwaukee\u00ae Hochleistungsmotor liefert 14.000 bis 24.000 Leerlaufschwingungen pro Minute&lt;Br&gt;  Die REDLINK\u2122-Elektronik sch\u00fctzt das Ger\u00e4t und den Akku vor \u00dcberlastung und sorgt so f\u00fcr eine l\u00e4ngere Nutzungsdauer&lt;Br&gt;  Rad zur Auswahl von 6 verschiedenen Geschwindigkeiten je nach Art der Anwendung  &lt;Br&gt;  Staubbeh\u00e4lter mit Innenfilter&lt;Br&gt;  Universeller St\u00fctzteller f\u00fcr schnellen Wechsel der Schleifscheiben&lt;Br&gt;  Wiegt nur 1,6 kg&lt;Br&gt;  Mit Adapter f\u00fcr die Befestigung aller Staubsauger Milwaukee\u00ae.  &lt;Br&gt;  Die REDLITHIUM-Batterie\u2122 bietet eine \u00fcberlegene Konstruktion des Akkupacks, Elektronik und gleichbleibende Leistung, um mehr Laufzeit und mehr Arbeit \u00fcber die Lebensdauer der Batterie zu liefern&lt;Br&gt;  Funktioniert mit allen Milwaukee M18\u2122 Akkus  <\/p>\n<p>BARCODE: 4058546221744<\/p>\n<p>Technische Daten<br \/>\n1.6 (M18 B5)<\/p>\n<p>2 x M18 B5 Akku-Pack, M12-18 C Ladeger\u00e4t, Tasche<\/p>\n","protected":false},"excerpt":{"rendered":"<p>Der Milwaukee\u00ae Hochleistungsmotor liefert 14.000 bis 24.000 Leerlaufschwingungen pro Minute&lt;Br&gt; Die REDLINK\u2122-Elektronik sch\u00fctzt das Ger\u00e4t und den Akku vor \u00dcberlastung<\/p>\n","protected":false},"featured_media":456762,"template":"","meta":{"_seopress_robots_primary_cat":"","_seopress_titles_title":"","_seopress_titles_desc":"","_seopress_robots_index":""},"product_brand":[3407],"product_cat":[29,514],"product_tag":[3270],"class_list":{"0":"post-461304","1":"product","2":"type-product","3":"status-publish","4":"has-post-thumbnail","6":"product_brand-milwaukee","7":"product_cat-macchinari","8":"product_cat-altri-dispositivi","9":"product_tag-import-milwau","10":"sws-gruppo-macchinari-de","11":"sws-conto-ricavi-merci-rivendita-macchinari-de","12":"sws-gruppo-iva-iva81-de","14":"first","15":"onbackorder","16":"sale","17":"purchasable","18":"product-type-simple"},"_links":{"self":[{"href":"https:\/\/lucacastelli.com\/de\/wp-json\/wp\/v2\/product\/461304","targetHints":{"allow":["GET"]}}],"collection":[{"href":"https:\/\/lucacastelli.com\/de\/wp-json\/wp\/v2\/product"}],"about":[{"href":"https:\/\/lucacastelli.com\/de\/wp-json\/wp\/v2\/types\/product"}],"wp:featuredmedia":[{"embeddable":true,"href":"https:\/\/lucacastelli.com\/de\/wp-json\/wp\/v2\/media\/456762"}],"wp:attachment":[{"href":"https:\/\/lucacastelli.com\/de\/wp-json\/wp\/v2\/media?parent=461304"}],"wp:term":[{"taxonomy":"product_brand","embeddable":true,"href":"https:\/\/lucacastelli.com\/de\/wp-json\/wp\/v2\/product_brand?post=461304"},{"taxonomy":"product_cat","embeddable":true,"href":"https:\/\/lucacastelli.com\/de\/wp-json\/wp\/v2\/product_cat?post=461304"},{"taxonomy":"product_tag","embeddable":true,"href":"https:\/\/lucacastelli.com\/de\/wp-json\/wp\/v2\/product_tag?post=461304"}],"curies":[{"name":"wp","href":"https:\/\/api.w.org\/{rel}","templated":true}]}}