{"id":461302,"date":"2025-06-14T02:59:30","date_gmt":"2025-06-14T00:59:30","guid":{"rendered":"https:\/\/lucacastelli.com\/prodotto\/hobelmaschine\/"},"modified":"2025-06-29T07:39:42","modified_gmt":"2025-06-29T05:39:42","slug":"hobelmaschine","status":"publish","type":"product","link":"https:\/\/lucacastelli.com\/de\/produkt\/hobelmaschine\/","title":{"rendered":"MILWAUKEE Hobelmaschine"},"content":{"rendered":"<p>Bis zu 14.000 U\/min f\u00fcr perfekte Nachbearbeitungen&lt;Br&gt;  REDLINK-Elektronik\u2122 f\u00fcr erh\u00f6hten \u00dcberlastschutz&lt;Br&gt;  Die REDLITHIUM-Batterie\u2122 bietet eine \u00fcberlegene Konstruktion des Akkupacks, Elektronik und gleichbleibende Leistung, um mehr Laufzeit und mehr Arbeit \u00fcber die Lebensdauer der Batterie zu liefern&lt;Br&gt;  Schneller Materialabtrag dank 2 Hartmetall-Klingen f\u00fcr eine Hobelbreite von 82 mm&lt;Br&gt;  Hobeltiefenverstellung von 0 bis 2 mm, mit 20 Arretierpositionen f\u00fcr pr\u00e4zises Arbeiten&lt;Br&gt;  Bis zu 10,7 mm Falztiefe&lt;Br&gt;  Der Spanauswurf kann nach rechts oder links ausgerichtet werden&lt;Br&gt;  Vordere Schuhverl\u00e4ngerung f\u00fcr eine genaue und schnelle Positionierung der Ebene auf dem zu bearbeitenden Material&lt;Br&gt;  Der Fu\u00df befindet sich an der Unterseite des Schuhs, um das Material vor versehentlicher Besch\u00e4digung zu sch\u00fctzen&lt;Br&gt;  Individuelle Steuerung der Batteriezellen zur Optimierung der Lebensdauer des Akkupacks&lt;Br&gt;  Funktioniert mit allen MILWAUKEE\u00ae M18\u2122 Akkus<\/p>\n<p>BARCODE: 4002395137381<\/p>\n<p>Technische Daten<br \/>\n2.7 (M18 B4)<\/p>\n<p>2 x M18 B4-Akkupack, M12-18 C-Ladeger\u00e4t, Tragekoffer, Ladeger\u00e4t, 2 x 4,0 Ah Redlithium-Akkus, Staubbeutel, Klingen, Seitenf\u00fchrung\/Klinge und Tragekoffer<\/p>\n","protected":false},"excerpt":{"rendered":"<p>Bis zu 14.000 U\/min f\u00fcr perfekte Nachbearbeitungen&lt;Br&gt; REDLINK-Elektronik\u2122 f\u00fcr erh\u00f6hten \u00dcberlastschutz&lt;Br&gt; Die REDLITHIUM-Batterie\u2122 bietet eine \u00fcberlegene Konstruktion des Akkupacks, Elektronik<\/p>\n","protected":false},"featured_media":456704,"template":"","meta":{"_seopress_robots_primary_cat":"","_seopress_titles_title":"","_seopress_titles_desc":"","_seopress_robots_index":""},"product_brand":[3407],"product_cat":[29,514],"product_tag":[3270],"class_list":{"0":"post-461302","1":"product","2":"type-product","3":"status-publish","4":"has-post-thumbnail","6":"product_brand-milwaukee","7":"product_cat-macchinari","8":"product_cat-altri-dispositivi","9":"product_tag-import-milwau","10":"sws-gruppo-macchinari-de","11":"sws-conto-ricavi-merci-rivendita-macchinari-de","12":"sws-gruppo-iva-iva81-de","14":"first","15":"onbackorder","16":"sale","17":"purchasable","18":"product-type-simple"},"_links":{"self":[{"href":"https:\/\/lucacastelli.com\/de\/wp-json\/wp\/v2\/product\/461302","targetHints":{"allow":["GET"]}}],"collection":[{"href":"https:\/\/lucacastelli.com\/de\/wp-json\/wp\/v2\/product"}],"about":[{"href":"https:\/\/lucacastelli.com\/de\/wp-json\/wp\/v2\/types\/product"}],"wp:featuredmedia":[{"embeddable":true,"href":"https:\/\/lucacastelli.com\/de\/wp-json\/wp\/v2\/media\/456704"}],"wp:attachment":[{"href":"https:\/\/lucacastelli.com\/de\/wp-json\/wp\/v2\/media?parent=461302"}],"wp:term":[{"taxonomy":"product_brand","embeddable":true,"href":"https:\/\/lucacastelli.com\/de\/wp-json\/wp\/v2\/product_brand?post=461302"},{"taxonomy":"product_cat","embeddable":true,"href":"https:\/\/lucacastelli.com\/de\/wp-json\/wp\/v2\/product_cat?post=461302"},{"taxonomy":"product_tag","embeddable":true,"href":"https:\/\/lucacastelli.com\/de\/wp-json\/wp\/v2\/product_tag?post=461302"}],"curies":[{"name":"wp","href":"https:\/\/api.w.org\/{rel}","templated":true}]}}