{"id":461298,"date":"2025-06-15T05:06:56","date_gmt":"2025-06-15T03:06:56","guid":{"rendered":"https:\/\/lucacastelli.com\/prodotto\/bohrer-mit-perkussion-3\/"},"modified":"2025-06-29T07:37:19","modified_gmt":"2025-06-29T05:37:19","slug":"bohrer-mit-perkussion-3","status":"publish","type":"product","link":"https:\/\/lucacastelli.com\/de\/produkt\/bohrer-mit-perkussion-3\/","title":{"rendered":"MILWAUKEE Bohrhammer"},"content":{"rendered":"<p>Geringe Abmessungen (152 mm) erm\u00f6glichen den Zugang auf engstem Raum&lt;Br&gt;  45 Nm Drehmoment &#8211; Ausgezeichnetes Verh\u00e4ltnis zwischen Drehmoment und Gr\u00f6\u00dfe&lt;Br&gt;  Robustes 13 mm Metallfutter h\u00e4lt Bohrer oder Bits fest und erleichtert den Austausch&lt;Br&gt;  Mechanische Kupplung mit 13 Einstellungen, Wahlschalter f\u00fcr Schraubarbeiten ohne\/mit Schlag&lt;Br&gt;  G\u00fcrtelclip und LED-Licht&lt;Br&gt;  Die DNA unserer FUEL\u2122-Plattform definiert die kabellose Technologie neu. Der b\u00fcrstenlose POWERSTATE\u2122-Motor, die REDLITHIUM\u2122-Akkus und die intelligente REDLINK PLUS\u2122-Elektronik garantieren konkurrenzlose Leistung, Reichweite und Haltbarkeit&lt;br&gt; Kompatibel mit allen Milwaukee M12\u2122-Akkus <\/p>\n<p>BARCODE: 4058546376628<\/p>\n<p>Technische Daten<br \/>\n13<\/p>\n<p>2 x M12 B2 Akkupack, C12 C Ladeger\u00e4t, HeavyDuty Koffer<\/p>\n","protected":false},"excerpt":{"rendered":"<p>Geringe Abmessungen (152 mm) erm\u00f6glichen den Zugang auf engstem Raum&lt;Br&gt; 45 Nm Drehmoment &#8211; Ausgezeichnetes Verh\u00e4ltnis zwischen Drehmoment und Gr\u00f6\u00dfe&lt;Br&gt;<\/p>\n","protected":false},"featured_media":458093,"template":"","meta":{"_seopress_robots_primary_cat":"","_seopress_titles_title":"","_seopress_titles_desc":"","_seopress_robots_index":""},"product_brand":[3407],"product_cat":[29,514,549],"product_tag":[3270],"class_list":{"0":"post-461298","1":"product","2":"type-product","3":"status-publish","4":"has-post-thumbnail","6":"product_brand-milwaukee","7":"product_cat-macchinari","8":"product_cat-altri-dispositivi","9":"product_cat-trapani-e-avvitatori","10":"product_tag-import-milwau","11":"sws-gruppo-macchinari-de","12":"sws-conto-ricavi-merci-rivendita-macchinari-de","13":"sws-gruppo-iva-iva81-de","15":"first","16":"onbackorder","17":"sale","18":"purchasable","19":"product-type-simple"},"_links":{"self":[{"href":"https:\/\/lucacastelli.com\/de\/wp-json\/wp\/v2\/product\/461298","targetHints":{"allow":["GET"]}}],"collection":[{"href":"https:\/\/lucacastelli.com\/de\/wp-json\/wp\/v2\/product"}],"about":[{"href":"https:\/\/lucacastelli.com\/de\/wp-json\/wp\/v2\/types\/product"}],"wp:featuredmedia":[{"embeddable":true,"href":"https:\/\/lucacastelli.com\/de\/wp-json\/wp\/v2\/media\/458093"}],"wp:attachment":[{"href":"https:\/\/lucacastelli.com\/de\/wp-json\/wp\/v2\/media?parent=461298"}],"wp:term":[{"taxonomy":"product_brand","embeddable":true,"href":"https:\/\/lucacastelli.com\/de\/wp-json\/wp\/v2\/product_brand?post=461298"},{"taxonomy":"product_cat","embeddable":true,"href":"https:\/\/lucacastelli.com\/de\/wp-json\/wp\/v2\/product_cat?post=461298"},{"taxonomy":"product_tag","embeddable":true,"href":"https:\/\/lucacastelli.com\/de\/wp-json\/wp\/v2\/product_tag?post=461298"}],"curies":[{"name":"wp","href":"https:\/\/api.w.org\/{rel}","templated":true}]}}