{"id":461295,"date":"2025-06-15T05:00:04","date_gmt":"2025-06-15T03:00:04","guid":{"rendered":"https:\/\/lucacastelli.com\/prodotto\/absaugvorrichtung-4\/"},"modified":"2025-06-29T07:37:53","modified_gmt":"2025-06-29T05:37:53","slug":"absaugvorrichtung-4","status":"publish","type":"product","link":"https:\/\/lucacastelli.com\/de\/produkt\/absaugvorrichtung-4\/","title":{"rendered":"MILWAUKEE Absauganlagen"},"content":{"rendered":"<p>Absaugvorrichtung kompatibel mit allen Milwaukee\u00ae SDS-Plus-Bohrern und den meisten Werkzeugen mit Bundweite 41-61 mm&lt;Br&gt;  Mit einem 2,0 Ah M12-Akku k\u00f6nnen Sie mehr als 40 Minuten lang autonom arbeiten&lt;Br&gt;  Teleskopstange f\u00fcr den Einsatz mit SDS-Plus Bohrern bis 210 mm&lt;Br&gt;  Einstellbarer Tiefenmesser f\u00fcr pr\u00e4zise Anwendungen&lt;Br&gt;  Zwei austauschbare D\u00fcsen mit B\u00fcrsten f\u00fcr Bohrdurchmesser bis zu 30 mm (Durchmesser0,5-16mm, Durchmesser16-30mm)&lt;Br&gt;  2 Saugmodi: immer eingeschaltet oder mit automatischer Aktivierung beim Bohren&lt;Br&gt;  Schaltet sich 5 Sekunden nach dem Bohren aus, um maximale Sauberkeit zu gew\u00e4hrleisten&lt;Br&gt;  Ausgestattet mit HEPA-Filter der Klasse H13 mit Filterreinigungsmechanismus&lt;Br&gt;  Ausgestattet mit einem transparenten Tank f\u00fcr maximale Sichtbarkeit und einem Anschluss f\u00fcr Staubsauger mit 32 mm Durchmesser&lt;Br&gt;  Anzeige f\u00fcr verbleibende Ladung&lt;Br&gt;  12V Plattform: funktioniert mit allen Milwaukee\u00ae M12\u2122 Batterien  <\/p>\n<p>BARCODE: 4058546290887<\/p>\n<p>Technische Daten<br \/>\n2.00<\/p>\n<p>Lieferung ohne Batterien, Lieferung ohne Ladeger\u00e4t, Tasche, 2 D\u00fcsen, Seitengriff<\/p>\n","protected":false},"excerpt":{"rendered":"<p>Absaugvorrichtung kompatibel mit allen Milwaukee\u00ae SDS-Plus-Bohrern und den meisten Werkzeugen mit Bundweite 41-61 mm&lt;Br&gt; Mit einem 2,0 Ah M12-Akku k\u00f6nnen<\/p>\n","protected":false},"featured_media":458026,"template":"","meta":{"_seopress_robots_primary_cat":"","_seopress_titles_title":"","_seopress_titles_desc":"","_seopress_robots_index":""},"product_brand":[3407],"product_cat":[29,514],"product_tag":[3270],"class_list":{"0":"post-461295","1":"product","2":"type-product","3":"status-publish","4":"has-post-thumbnail","6":"product_brand-milwaukee","7":"product_cat-macchinari","8":"product_cat-altri-dispositivi","9":"product_tag-import-milwau","10":"sws-gruppo-macchinari-de","11":"sws-conto-ricavi-merci-rivendita-macchinari-de","12":"sws-gruppo-iva-iva81-de","14":"first","15":"onbackorder","16":"sale","17":"purchasable","18":"product-type-simple"},"_links":{"self":[{"href":"https:\/\/lucacastelli.com\/de\/wp-json\/wp\/v2\/product\/461295","targetHints":{"allow":["GET"]}}],"collection":[{"href":"https:\/\/lucacastelli.com\/de\/wp-json\/wp\/v2\/product"}],"about":[{"href":"https:\/\/lucacastelli.com\/de\/wp-json\/wp\/v2\/types\/product"}],"wp:featuredmedia":[{"embeddable":true,"href":"https:\/\/lucacastelli.com\/de\/wp-json\/wp\/v2\/media\/458026"}],"wp:attachment":[{"href":"https:\/\/lucacastelli.com\/de\/wp-json\/wp\/v2\/media?parent=461295"}],"wp:term":[{"taxonomy":"product_brand","embeddable":true,"href":"https:\/\/lucacastelli.com\/de\/wp-json\/wp\/v2\/product_brand?post=461295"},{"taxonomy":"product_cat","embeddable":true,"href":"https:\/\/lucacastelli.com\/de\/wp-json\/wp\/v2\/product_cat?post=461295"},{"taxonomy":"product_tag","embeddable":true,"href":"https:\/\/lucacastelli.com\/de\/wp-json\/wp\/v2\/product_tag?post=461295"}],"curies":[{"name":"wp","href":"https:\/\/api.w.org\/{rel}","templated":true}]}}