{"id":461288,"date":"2025-06-15T04:38:57","date_gmt":"2025-06-15T02:38:57","guid":{"rendered":"https:\/\/lucacastelli.com\/prodotto\/absaugvorrichtung-2\/"},"modified":"2025-06-29T07:38:40","modified_gmt":"2025-06-29T05:38:40","slug":"absaugvorrichtung-2","status":"publish","type":"product","link":"https:\/\/lucacastelli.com\/de\/produkt\/absaugvorrichtung-2\/","title":{"rendered":"MILWAUKEE Staubsauger"},"content":{"rendered":"<p>Hervorragende Absaugung, ideal f\u00fcr Holz, Metall und verschiedene Verarbeitungsr\u00fcckst\u00e4nde&lt;Br&gt;  HEPA-Filter mit einem Staubabscheidegrad von 99,7 Prozent&lt;Br&gt;  Wird mit Saugschlauch und Bodend\u00fcse geliefert&lt;Br&gt;  Praktisches Zubeh\u00f6r f\u00fcr jeden Bedarf (schmale und breite D\u00fcsen)&lt;Br&gt;  M\u00f6glichkeit, den Schalter zu sperren&lt;Br&gt;  Transparentes Geh\u00e4use erm\u00f6glicht st\u00e4ndige \u00dcberwachung der Restkapazit\u00e4t&lt;Br&gt;  Bis zu 23 Minuten Autonomie mit einem 5,0 Ah Akku&lt;Br&gt;  Kompatibel mit allen MILWAUKEE\u00ae M18\u2122 Akkus<\/p>\n<p>BARCODE: 4002395289998<\/p>\n<p>Technische Daten<br \/>\n1.9 (M18 B4)<\/p>\n<p>Lieferung ohne Batterien, Lieferung ohne Ladeger\u00e4t, Lieferung ohne Kitbox oder Beutel, Saugschlauch, Bodend\u00fcse<\/p>\n","protected":false},"excerpt":{"rendered":"<p>Hervorragende Absaugung, ideal f\u00fcr Holz, Metall und verschiedene Verarbeitungsr\u00fcckst\u00e4nde&lt;Br&gt; HEPA-Filter mit einem Staubabscheidegrad von 99,7 Prozent&lt;Br&gt; Wird mit Saugschlauch und<\/p>\n","protected":false},"featured_media":457874,"template":"","meta":{"_seopress_robots_primary_cat":"","_seopress_titles_title":"","_seopress_titles_desc":"","_seopress_robots_index":""},"product_brand":[3656],"product_cat":[1454,169,1475],"product_tag":[3272],"class_list":{"0":"post-461288","1":"product","2":"type-product","3":"status-publish","4":"has-post-thumbnail","6":"product_brand-milwaukee-de","7":"product_cat-andere-gerate","8":"product_cat-maschinen","9":"product_cat-staubsauger","10":"product_tag-import-milwau-de","11":"sws-gruppo-macchinari-de","12":"sws-conto-ricavi-merci-rivendita-macchinari-de","13":"sws-gruppo-iva-iva81-de","15":"first","16":"onbackorder","17":"sale","18":"purchasable","19":"product-type-simple"},"_links":{"self":[{"href":"https:\/\/lucacastelli.com\/de\/wp-json\/wp\/v2\/product\/461288","targetHints":{"allow":["GET"]}}],"collection":[{"href":"https:\/\/lucacastelli.com\/de\/wp-json\/wp\/v2\/product"}],"about":[{"href":"https:\/\/lucacastelli.com\/de\/wp-json\/wp\/v2\/types\/product"}],"wp:featuredmedia":[{"embeddable":true,"href":"https:\/\/lucacastelli.com\/de\/wp-json\/wp\/v2\/media\/457874"}],"wp:attachment":[{"href":"https:\/\/lucacastelli.com\/de\/wp-json\/wp\/v2\/media?parent=461288"}],"wp:term":[{"taxonomy":"product_brand","embeddable":true,"href":"https:\/\/lucacastelli.com\/de\/wp-json\/wp\/v2\/product_brand?post=461288"},{"taxonomy":"product_cat","embeddable":true,"href":"https:\/\/lucacastelli.com\/de\/wp-json\/wp\/v2\/product_cat?post=461288"},{"taxonomy":"product_tag","embeddable":true,"href":"https:\/\/lucacastelli.com\/de\/wp-json\/wp\/v2\/product_tag?post=461288"}],"curies":[{"name":"wp","href":"https:\/\/api.w.org\/{rel}","templated":true}]}}