{"id":461283,"date":"2025-06-15T04:43:03","date_gmt":"2025-06-15T02:43:03","guid":{"rendered":"https:\/\/lucacastelli.com\/prodotto\/radio-batterien-strom\/"},"modified":"2025-10-12T12:14:21","modified_gmt":"2025-10-12T10:14:21","slug":"radio-batterien-strom","status":"publish","type":"product","link":"https:\/\/lucacastelli.com\/de\/produkt\/radio-batterien-strom\/","title":{"rendered":"MILWAUKEE Radio Batterien\/Strom"},"content":{"rendered":"<p>AM\/FM-Radio mit digitalem Prozessor f\u00fcr perfekten Signalempfang&lt;Br&gt;  40-W-Lautsprecher f\u00fcr kraftvollen, klaren Klang&lt;Br&gt;  Wasserdichtes Fach zur Aufbewahrung von MP3-Playern und anderen Ger\u00e4ten&lt;Br&gt;  Verst\u00e4rkte Konstruktion und Metallgriffe, die auch den h\u00e4rtesten Bedingungen standhalten&lt;Br&gt;  Anpassbarer Equalizer und 10-stufige Voreinstellung&lt;Br&gt;  Digitaler Bluetooth-Empf\u00e4nger: kann Musik in einer Entfernung von bis zu 30 m von Ihrem Mobiltelefon, Computer oder Tablet abspielen&lt;Br&gt;  Eingebauter Flaschen\u00f6ffner&lt;Br&gt;  Integriertes 3-Ampere-Ladeger\u00e4t: Ladefunktion f\u00fcr M18\u2122-Akkus&lt;Br&gt;  Sicherer USB-Anschluss zum Aufladen von Mobiltelefonen und anderen Ger\u00e4ten&lt;Br&gt;  Vielseitigkeit: arbeitet mit 18V Milwaukee\u00ae M18\u2122 Plattform-Akkus oder mit Strom<\/p>\n<p>BARCODE: 4002395005420<\/p>\n<p>Technische<br \/>\nDaten 90<\/p>\n<p>Lieferung ohne Batterien, Lieferung ohne Ladeger\u00e4t, Lieferung ohne Kitbox oder Tasche<\/p>\n","protected":false},"excerpt":{"rendered":"<p>AM\/FM-Radio mit digitalem Prozessor f\u00fcr perfekten Signalempfang&lt;Br&gt; 40-W-Lautsprecher f\u00fcr kraftvollen, klaren Klang&lt;Br&gt; Wasserdichtes Fach zur Aufbewahrung von MP3-Playern und anderen<\/p>\n","protected":false},"featured_media":457911,"template":"","meta":{"_seopress_robots_primary_cat":"","_seopress_titles_title":"","_seopress_titles_desc":"","_seopress_robots_index":""},"product_brand":[3407],"product_cat":[29,514],"product_tag":[3270],"class_list":{"0":"post-461283","1":"product","2":"type-product","3":"status-publish","4":"has-post-thumbnail","6":"product_brand-milwaukee","7":"product_cat-macchinari","8":"product_cat-altri-dispositivi","9":"product_tag-import-milwau","10":"sws-gruppo-macchinari-de","11":"sws-conto-ricavi-merci-rivendita-macchinari-de","12":"sws-gruppo-iva-iva81-de","14":"first","15":"onbackorder","16":"sale","17":"purchasable","18":"product-type-simple"},"_links":{"self":[{"href":"https:\/\/lucacastelli.com\/de\/wp-json\/wp\/v2\/product\/461283","targetHints":{"allow":["GET"]}}],"collection":[{"href":"https:\/\/lucacastelli.com\/de\/wp-json\/wp\/v2\/product"}],"about":[{"href":"https:\/\/lucacastelli.com\/de\/wp-json\/wp\/v2\/types\/product"}],"wp:featuredmedia":[{"embeddable":true,"href":"https:\/\/lucacastelli.com\/de\/wp-json\/wp\/v2\/media\/457911"}],"wp:attachment":[{"href":"https:\/\/lucacastelli.com\/de\/wp-json\/wp\/v2\/media?parent=461283"}],"wp:term":[{"taxonomy":"product_brand","embeddable":true,"href":"https:\/\/lucacastelli.com\/de\/wp-json\/wp\/v2\/product_brand?post=461283"},{"taxonomy":"product_cat","embeddable":true,"href":"https:\/\/lucacastelli.com\/de\/wp-json\/wp\/v2\/product_cat?post=461283"},{"taxonomy":"product_tag","embeddable":true,"href":"https:\/\/lucacastelli.com\/de\/wp-json\/wp\/v2\/product_tag?post=461283"}],"curies":[{"name":"wp","href":"https:\/\/api.w.org\/{rel}","templated":true}]}}