{"id":461281,"date":"2025-06-15T04:35:07","date_gmt":"2025-06-15T02:35:07","guid":{"rendered":"https:\/\/lucacastelli.com\/prodotto\/absaugvorrichtung\/"},"modified":"2025-06-29T07:38:44","modified_gmt":"2025-06-29T05:38:44","slug":"absaugvorrichtung","status":"publish","type":"product","link":"https:\/\/lucacastelli.com\/de\/produkt\/absaugvorrichtung\/","title":{"rendered":"MILWAUKEE Staubsauger"},"content":{"rendered":"<p>Staubsauger f\u00fcr Feststoffe und Fl\u00fcssigkeiten mit max. Luftdurchsatz 1275 l\/min und 105 mbar&lt;Br&gt;  26 Minuten Laufzeit bei niedriger Intensit\u00e4t und 14 Minuten Laufzeit bei hoher Intensit\u00e4t (mit 6,0 Ah Akku)&lt;Br&gt;  HEPA-Filter mit einem Staubabscheidegrad von 99,97% (Partikel kleiner als 0,3 Mikrometer)&lt;Br&gt;  Integriertes System f\u00fcr den Transport von Schlauch und Zubeh\u00f6r&lt;Br&gt;  DEK 26 Kupplung zur einfachen Befestigung an Werkzeugen&lt;Br&gt;  Kompaktes Design: 5,0 kg, Fassungsverm\u00f6gen Feststoffe 5,7 l, Fassungsverm\u00f6gen Fl\u00fcssigkeit 6,1&lt;Br&gt;  Inklusive Wandmontageplatte f\u00fcr maximale Vielseitigkeit&lt;Br&gt;  Gebl\u00e4semodus zum Bewegen von Schutt&lt;Br&gt;  Die REDLINK-Elektronik\u2122 bietet \u00dcberlastschutz f\u00fcr Werkzeug und Akku f\u00fcr eine l\u00e4ngere Lebensdauer&lt;Br&gt;  Funktioniert mit allen MILWAUKEE\u00ae M12\u2122 Akkus<\/p>\n<p>BARCODE: 4058546341190<\/p>\n<p>Technische Daten<br \/>\nL<\/p>\n<p>Lieferung ohne Batterien, Lieferung ohne Ladeger\u00e4t, Lieferung ohne Kitbox oder Tasche, flache und verl\u00e4ngerte D\u00fcse, Schlauch, DEK26-Adapter, universeller HEPA-Filter, Wandmontageplatte<\/p>\n","protected":false},"excerpt":{"rendered":"<p>Staubsauger f\u00fcr Feststoffe und Fl\u00fcssigkeiten mit max. Luftdurchsatz 1275 l\/min und 105 mbar&lt;Br&gt; 26 Minuten Laufzeit bei niedriger Intensit\u00e4t und<\/p>\n","protected":false},"featured_media":457832,"template":"","meta":{"_seopress_robots_primary_cat":"","_seopress_titles_title":"","_seopress_titles_desc":"","_seopress_robots_index":""},"product_brand":[3656],"product_cat":[1454,169,1475],"product_tag":[3272],"class_list":{"0":"post-461281","1":"product","2":"type-product","3":"status-publish","4":"has-post-thumbnail","6":"product_brand-milwaukee-de","7":"product_cat-andere-gerate","8":"product_cat-maschinen","9":"product_cat-staubsauger","10":"product_tag-import-milwau-de","11":"sws-gruppo-macchinari-de","12":"sws-conto-ricavi-merci-rivendita-macchinari-de","13":"sws-gruppo-iva-iva81-de","15":"first","16":"onbackorder","17":"sale","18":"purchasable","19":"product-type-simple"},"_links":{"self":[{"href":"https:\/\/lucacastelli.com\/de\/wp-json\/wp\/v2\/product\/461281","targetHints":{"allow":["GET"]}}],"collection":[{"href":"https:\/\/lucacastelli.com\/de\/wp-json\/wp\/v2\/product"}],"about":[{"href":"https:\/\/lucacastelli.com\/de\/wp-json\/wp\/v2\/types\/product"}],"wp:featuredmedia":[{"embeddable":true,"href":"https:\/\/lucacastelli.com\/de\/wp-json\/wp\/v2\/media\/457832"}],"wp:attachment":[{"href":"https:\/\/lucacastelli.com\/de\/wp-json\/wp\/v2\/media?parent=461281"}],"wp:term":[{"taxonomy":"product_brand","embeddable":true,"href":"https:\/\/lucacastelli.com\/de\/wp-json\/wp\/v2\/product_brand?post=461281"},{"taxonomy":"product_cat","embeddable":true,"href":"https:\/\/lucacastelli.com\/de\/wp-json\/wp\/v2\/product_cat?post=461281"},{"taxonomy":"product_tag","embeddable":true,"href":"https:\/\/lucacastelli.com\/de\/wp-json\/wp\/v2\/product_tag?post=461281"}],"curies":[{"name":"wp","href":"https:\/\/api.w.org\/{rel}","templated":true}]}}