{"id":461279,"date":"2025-06-15T05:14:20","date_gmt":"2025-06-15T03:14:20","guid":{"rendered":"https:\/\/lucacastelli.com\/prodotto\/schraubendreher-bohrmaschine-4\/"},"modified":"2025-06-29T07:37:24","modified_gmt":"2025-06-29T05:37:24","slug":"schraubendreher-bohrmaschine-4","status":"publish","type":"product","link":"https:\/\/lucacastelli.com\/de\/produkt\/schraubendreher-bohrmaschine-4\/","title":{"rendered":"MILWAUKEE Bohrschrauber"},"content":{"rendered":"<p>\u00c4u\u00dferst kompaktes Design (151 mm) f\u00fcr den Zugang in engen R\u00e4umen&lt;Br&gt;  45 Nm Drehmoment &#8211; Ausgezeichnetes Verh\u00e4ltnis zwischen Drehmoment und Gr\u00f6\u00dfe&lt;Br&gt;  Robustes 13 mm Metallfutter h\u00e4lt Bohrer oder Bits fest und erleichtert den Austausch&lt;Br&gt;  Mechanische Kupplung mit 13 Einstellungen, Wahlschalter f\u00fcr Schraubarbeiten ohne\/mit Schlag&lt;Br&gt;  G\u00fcrtelclip und LED-Licht&lt;Br&gt;  Die DNA unserer FUEL\u2122-Plattform definiert die kabellose Technologie neu. Der b\u00fcrstenlose POWERSTATE\u2122-Motor, die REDLITHIUM\u2122-Akkus und die intelligente REDLINK PLUS\u2122-Elektronik garantieren un\u00fcbertroffene Leistung, Reichweite und Langlebigkeit&lt;br&gt; Kompatibel mit allen M12\u2122-Plattform-Akkus <\/p>\n<p>BARCODE: 4058546376673<\/p>\n<p>Technische Daten<br \/>\n12<\/p>\n<p>2 x M12 B2 Akkupack, C12 C Ladeger\u00e4t, HeavyDuty Koffer<\/p>\n","protected":false},"excerpt":{"rendered":"<p>\u00c4u\u00dferst kompaktes Design (151 mm) f\u00fcr den Zugang in engen R\u00e4umen&lt;Br&gt; 45 Nm Drehmoment &#8211; Ausgezeichnetes Verh\u00e4ltnis zwischen Drehmoment und<\/p>\n","protected":false},"featured_media":458172,"template":"","meta":{"_seopress_robots_primary_cat":"","_seopress_titles_title":"","_seopress_titles_desc":"","_seopress_robots_index":""},"product_brand":[3407],"product_cat":[29,514,549],"product_tag":[3270],"class_list":{"0":"post-461279","1":"product","2":"type-product","3":"status-publish","4":"has-post-thumbnail","6":"product_brand-milwaukee","7":"product_cat-macchinari","8":"product_cat-altri-dispositivi","9":"product_cat-trapani-e-avvitatori","10":"product_tag-import-milwau","11":"sws-gruppo-macchinari-de","12":"sws-conto-ricavi-merci-rivendita-macchinari-de","13":"sws-gruppo-iva-iva81-de","15":"first","16":"onbackorder","17":"sale","18":"purchasable","19":"product-type-simple"},"_links":{"self":[{"href":"https:\/\/lucacastelli.com\/de\/wp-json\/wp\/v2\/product\/461279","targetHints":{"allow":["GET"]}}],"collection":[{"href":"https:\/\/lucacastelli.com\/de\/wp-json\/wp\/v2\/product"}],"about":[{"href":"https:\/\/lucacastelli.com\/de\/wp-json\/wp\/v2\/types\/product"}],"wp:featuredmedia":[{"embeddable":true,"href":"https:\/\/lucacastelli.com\/de\/wp-json\/wp\/v2\/media\/458172"}],"wp:attachment":[{"href":"https:\/\/lucacastelli.com\/de\/wp-json\/wp\/v2\/media?parent=461279"}],"wp:term":[{"taxonomy":"product_brand","embeddable":true,"href":"https:\/\/lucacastelli.com\/de\/wp-json\/wp\/v2\/product_brand?post=461279"},{"taxonomy":"product_cat","embeddable":true,"href":"https:\/\/lucacastelli.com\/de\/wp-json\/wp\/v2\/product_cat?post=461279"},{"taxonomy":"product_tag","embeddable":true,"href":"https:\/\/lucacastelli.com\/de\/wp-json\/wp\/v2\/product_tag?post=461279"}],"curies":[{"name":"wp","href":"https:\/\/api.w.org\/{rel}","templated":true}]}}