{"id":461264,"date":"2025-06-15T05:21:46","date_gmt":"2025-06-15T03:21:46","guid":{"rendered":"https:\/\/lucacastelli.com\/prodotto\/bohrer-mit-perkussion\/"},"modified":"2025-06-29T07:37:25","modified_gmt":"2025-06-29T05:37:25","slug":"bohrer-mit-perkussion","status":"publish","type":"product","link":"https:\/\/lucacastelli.com\/de\/produkt\/bohrer-mit-perkussion\/","title":{"rendered":"MILWAUKEE Bohrhammer"},"content":{"rendered":"<p>Bohrhammer mit 6 Funktionen in 1, f\u00fcr maximale Vielseitigkeit&lt;Br&gt;  3 austauschbare Spindeln und 1\/4 Innensechskant f\u00fcr verschiedene Anwendungen&lt;Br&gt;  POWERSTATE\u2122 b\u00fcrstenloser Motor, entwickelt und gebaut von Milwaukee\u00ae&lt;Br&gt;  Das intelligente REDLINK PLUS-System\u2122 bietet einen fortschrittlichen digitalen \u00dcberlastungsschutz f\u00fcr Werkzeuge und Akkus und verbessert die Leistung des Werkzeugs unter Last erheblich.&lt;Br&gt;  Die REDLITHIUM-Batterie\u2122 bietet eine \u00fcberlegene Konstruktion des Akkupacks, Elektronik und gleichbleibende Leistung, um mehr Laufzeit und mehr Arbeit \u00fcber die Lebensdauer der Batterie zu liefern&lt;Br&gt;  13 mm Schnellspannfutter ohne Schl\u00fcssel, Futter mit Winkelgetriebe, 1\/4 Sechskant und Schnellspannfutter, 1\/4 Sechskant&lt;Br&gt;  Der 1\/4 Innensechskant f\u00fcr Bits wird direkt auf das Werkzeug aufgesetzt und reduziert die L\u00e4nge auf 125 mm f\u00fcr Arbeiten in engen R\u00e4umen&lt;Br&gt;  Metall-Planetengetriebe f\u00fcr maximale Haltbarkeit&lt;Br&gt;  LED-Licht zur Ausleuchtung des Arbeitsbereichs&lt;Br&gt;  Funktioniert mit allen Milwaukee M12\u2122-Akkus  <\/p>\n<p>BARCODE: 4058546220808<\/p>\n<p>Technische Daten<br \/>\n13<\/p>\n<p>Lieferung ohne Akkus, Lieferung ohne Ladeger\u00e4t, Lieferung ohne Kitbox oder Tasche, 13 mm FIXTEC Schnellspannbohrfutter<\/p>\n","protected":false},"excerpt":{"rendered":"<p>Bohrhammer mit 6 Funktionen in 1, f\u00fcr maximale Vielseitigkeit&lt;Br&gt; 3 austauschbare Spindeln und 1\/4 Innensechskant f\u00fcr verschiedene Anwendungen&lt;Br&gt; POWERSTATE\u2122 b\u00fcrstenloser<\/p>\n","protected":false},"featured_media":458238,"template":"","meta":{"_seopress_robots_primary_cat":"","_seopress_titles_title":"","_seopress_titles_desc":"","_seopress_robots_index":""},"product_brand":[3407],"product_cat":[29,514,549],"product_tag":[3270],"class_list":{"0":"post-461264","1":"product","2":"type-product","3":"status-publish","4":"has-post-thumbnail","6":"product_brand-milwaukee","7":"product_cat-macchinari","8":"product_cat-altri-dispositivi","9":"product_cat-trapani-e-avvitatori","10":"product_tag-import-milwau","11":"sws-gruppo-macchinari-de","12":"sws-conto-ricavi-merci-rivendita-macchinari-de","13":"sws-gruppo-iva-iva81-de","15":"first","16":"onbackorder","17":"sale","18":"purchasable","19":"product-type-simple"},"_links":{"self":[{"href":"https:\/\/lucacastelli.com\/de\/wp-json\/wp\/v2\/product\/461264","targetHints":{"allow":["GET"]}}],"collection":[{"href":"https:\/\/lucacastelli.com\/de\/wp-json\/wp\/v2\/product"}],"about":[{"href":"https:\/\/lucacastelli.com\/de\/wp-json\/wp\/v2\/types\/product"}],"wp:featuredmedia":[{"embeddable":true,"href":"https:\/\/lucacastelli.com\/de\/wp-json\/wp\/v2\/media\/458238"}],"wp:attachment":[{"href":"https:\/\/lucacastelli.com\/de\/wp-json\/wp\/v2\/media?parent=461264"}],"wp:term":[{"taxonomy":"product_brand","embeddable":true,"href":"https:\/\/lucacastelli.com\/de\/wp-json\/wp\/v2\/product_brand?post=461264"},{"taxonomy":"product_cat","embeddable":true,"href":"https:\/\/lucacastelli.com\/de\/wp-json\/wp\/v2\/product_cat?post=461264"},{"taxonomy":"product_tag","embeddable":true,"href":"https:\/\/lucacastelli.com\/de\/wp-json\/wp\/v2\/product_tag?post=461264"}],"curies":[{"name":"wp","href":"https:\/\/api.w.org\/{rel}","templated":true}]}}