{"id":461260,"date":"2025-06-15T05:42:53","date_gmt":"2025-06-15T03:42:53","guid":{"rendered":"https:\/\/lucacastelli.com\/prodotto\/winkelschlagschrauber\/"},"modified":"2025-06-29T07:36:49","modified_gmt":"2025-06-29T05:36:49","slug":"winkelschlagschrauber","status":"publish","type":"product","link":"https:\/\/lucacastelli.com\/de\/produkt\/winkelschlagschrauber\/","title":{"rendered":"MILWAUKEE Winkel-Schlagschrauber"},"content":{"rendered":"<p>Impulsschrauber mit extrem kompaktem Winkelkopf, nur 287 mm lang, ideal f\u00fcr enge R\u00e4ume (Abmessungen mm 287x54x70)&lt;Br&gt;  REDLINK\u2122 Elektronik sch\u00fctzt vor \u00dcberlastung und verbessert die Leistung des Werkzeugs&lt;Br&gt;  Metallgetriebe f\u00fcr lange Haltbarkeit und ein maximales Drehmoment von 68 Nm&lt;Br&gt;  Kompakter Winkelkopf mit einem Durchmesser von nur 35,6 mm&lt;Br&gt;  Design, das es erm\u00f6glicht, das Werkzeug in verschiedenen Positionen zu halten, um maximalen Komfort zu gew\u00e4hrleisten&lt;Br&gt;  Sechskant 1\/4&#8243; Innensechskant mit Schnellwechsel-Einsatz&lt;Br&gt;  St\u00e4ndige \u00dcberwachung jeder einzelnen Zelle, um einen effizienten Lade- und Entladezyklus des Akkus zu gew\u00e4hrleisten&lt;Br&gt;  Batterieladezustandsanzeige und LED-Licht&lt;Br&gt;  Die REDLITHIUM-Batterie\u2122 bietet eine \u00fcberlegene Konstruktion des Akkupacks, Elektronik und gleichbleibende Leistung, um mehr Laufzeit und mehr Arbeit \u00fcber die Lebensdauer der Batterie zu liefern&lt;Br&gt;  Funktioniert mit allen Milwaukee M12\u2122 Akkus<\/p>\n<p>BARCODE: 4002395167715<\/p>\n<p>Technische Daten<br \/>\nM12<\/p>\n<p>Lieferung ohne Batterien, Lieferung ohne Ladeger\u00e4t, Lieferung ohne Kitbox oder Tasche<\/p>\n","protected":false},"excerpt":{"rendered":"<p>Impulsschrauber mit extrem kompaktem Winkelkopf, nur 287 mm lang, ideal f\u00fcr enge R\u00e4ume (Abmessungen mm 287x54x70)&lt;Br&gt; REDLINK\u2122 Elektronik sch\u00fctzt vor<\/p>\n","protected":false},"featured_media":458418,"template":"","meta":{"_seopress_robots_primary_cat":"","_seopress_titles_title":"","_seopress_titles_desc":"","_seopress_robots_index":""},"product_brand":[3407],"product_cat":[29,514],"product_tag":[3270],"class_list":{"0":"post-461260","1":"product","2":"type-product","3":"status-publish","4":"has-post-thumbnail","6":"product_brand-milwaukee","7":"product_cat-macchinari","8":"product_cat-altri-dispositivi","9":"product_tag-import-milwau","10":"sws-gruppo-macchinari-de","11":"sws-conto-ricavi-merci-rivendita-macchinari-de","12":"sws-gruppo-iva-iva81-de","14":"first","15":"onbackorder","16":"sale","17":"purchasable","18":"product-type-simple"},"_links":{"self":[{"href":"https:\/\/lucacastelli.com\/de\/wp-json\/wp\/v2\/product\/461260","targetHints":{"allow":["GET"]}}],"collection":[{"href":"https:\/\/lucacastelli.com\/de\/wp-json\/wp\/v2\/product"}],"about":[{"href":"https:\/\/lucacastelli.com\/de\/wp-json\/wp\/v2\/types\/product"}],"wp:featuredmedia":[{"embeddable":true,"href":"https:\/\/lucacastelli.com\/de\/wp-json\/wp\/v2\/media\/458418"}],"wp:attachment":[{"href":"https:\/\/lucacastelli.com\/de\/wp-json\/wp\/v2\/media?parent=461260"}],"wp:term":[{"taxonomy":"product_brand","embeddable":true,"href":"https:\/\/lucacastelli.com\/de\/wp-json\/wp\/v2\/product_brand?post=461260"},{"taxonomy":"product_cat","embeddable":true,"href":"https:\/\/lucacastelli.com\/de\/wp-json\/wp\/v2\/product_cat?post=461260"},{"taxonomy":"product_tag","embeddable":true,"href":"https:\/\/lucacastelli.com\/de\/wp-json\/wp\/v2\/product_tag?post=461260"}],"curies":[{"name":"wp","href":"https:\/\/api.w.org\/{rel}","templated":true}]}}