{"id":461252,"date":"2025-06-15T05:51:43","date_gmt":"2025-06-15T03:51:43","guid":{"rendered":"https:\/\/lucacastelli.com\/prodotto\/schlagschrauber\/"},"modified":"2025-06-29T07:36:06","modified_gmt":"2025-06-29T05:36:06","slug":"schlagschrauber","status":"publish","type":"product","link":"https:\/\/lucacastelli.com\/de\/produkt\/schlagschrauber\/","title":{"rendered":"MILWAUKEE Schlagschrauber"},"content":{"rendered":"<p>F\u00fcr ein Anzugsmoment von bis zu 270 Nm und ein L\u00f6semoment von 300 Nm&lt;Br&gt;  DRIVE CONTROL-System mit 4 Modi, einschlie\u00dflich der Modi Auto Suht-Off und Bolt Removal, um ein zu starkes Anziehen zu verhindern und mehr Kontrolle beim L\u00f6sen der Schrauben zu erm\u00f6glichen&lt;Br&gt;  Verj\u00fcngtes Geh\u00e4useprofil 219 mm, f\u00fcr maximale Zug\u00e4nglichkeit&lt;Br&gt;  Kompakte Kopfgr\u00f6\u00dfe 71 mm, f\u00fcr Anwendungen in beengten R\u00e4umen&lt;Br&gt;  1\/2&#8243; Steckschl\u00fcssel mit Reibring f\u00fcr schnellen Wechsel der Steckschl\u00fcssel&lt;Br&gt;  LED-Licht zur Ausleuchtung des Anwendungsbereichs&lt;Br&gt;  Gummibeschichtung, resistent gegen korrosive Materialien und komfortabel&lt;Br&gt;  Die FUEL-Technologie\u2122 definiert kabellose Elektrowerkzeuge neu. B\u00fcrstenloser Motor, REDLINK PLUS-Elektronik\u2122 und REDLITHIUM-Akku\u2122 sorgen f\u00fcr \u00fcberlegene&lt;Leistung und Haltbarkeit br&gt; Funktioniert mit allen MILWAUKEE\u00ae M12-Akkus\u2122 <\/p>\n<p>BARCODE: 4058546295981<\/p>\n<p>Technische Daten<br \/>\n1.7 (M12 B4)<\/p>\n<p>Lieferung ohne Batterien, Lieferung ohne Ladeger\u00e4t, Lieferung ohne Kitbox oder Tasche<\/p>\n","protected":false},"excerpt":{"rendered":"<p>F\u00fcr ein Anzugsmoment von bis zu 270 Nm und ein L\u00f6semoment von 300 Nm&lt;Br&gt; DRIVE CONTROL-System mit 4 Modi, einschlie\u00dflich<\/p>\n","protected":false},"featured_media":458506,"template":"","meta":{"_seopress_robots_primary_cat":"","_seopress_titles_title":"","_seopress_titles_desc":"","_seopress_robots_index":""},"product_brand":[3407],"product_cat":[29,514],"product_tag":[3270],"class_list":{"0":"post-461252","1":"product","2":"type-product","3":"status-publish","4":"has-post-thumbnail","6":"product_brand-milwaukee","7":"product_cat-macchinari","8":"product_cat-altri-dispositivi","9":"product_tag-import-milwau","10":"sws-gruppo-macchinari-de","11":"sws-conto-ricavi-merci-rivendita-macchinari-de","12":"sws-gruppo-iva-iva81-de","14":"first","15":"onbackorder","16":"sale","17":"purchasable","18":"product-type-simple"},"_links":{"self":[{"href":"https:\/\/lucacastelli.com\/de\/wp-json\/wp\/v2\/product\/461252","targetHints":{"allow":["GET"]}}],"collection":[{"href":"https:\/\/lucacastelli.com\/de\/wp-json\/wp\/v2\/product"}],"about":[{"href":"https:\/\/lucacastelli.com\/de\/wp-json\/wp\/v2\/types\/product"}],"wp:featuredmedia":[{"embeddable":true,"href":"https:\/\/lucacastelli.com\/de\/wp-json\/wp\/v2\/media\/458506"}],"wp:attachment":[{"href":"https:\/\/lucacastelli.com\/de\/wp-json\/wp\/v2\/media?parent=461252"}],"wp:term":[{"taxonomy":"product_brand","embeddable":true,"href":"https:\/\/lucacastelli.com\/de\/wp-json\/wp\/v2\/product_brand?post=461252"},{"taxonomy":"product_cat","embeddable":true,"href":"https:\/\/lucacastelli.com\/de\/wp-json\/wp\/v2\/product_cat?post=461252"},{"taxonomy":"product_tag","embeddable":true,"href":"https:\/\/lucacastelli.com\/de\/wp-json\/wp\/v2\/product_tag?post=461252"}],"curies":[{"name":"wp","href":"https:\/\/api.w.org\/{rel}","templated":true}]}}