{"id":461247,"date":"2025-06-15T05:50:15","date_gmt":"2025-06-15T03:50:15","guid":{"rendered":"https:\/\/lucacastelli.com\/prodotto\/nietmaschine\/"},"modified":"2025-06-29T07:37:05","modified_gmt":"2025-06-29T05:37:05","slug":"nietmaschine","status":"publish","type":"product","link":"https:\/\/lucacastelli.com\/de\/produkt\/nietmaschine\/","title":{"rendered":"MILWAUKEE Nietmaschine"},"content":{"rendered":"<p>Erm\u00f6glicht bis zu 325 4,8 mm Edelstahlnieten mit einer Akkuladung (2,0 Ah)&lt;Br&gt;  Geeignet f\u00fcr das Anbringen von Aluminium-, Stahl-, Edelstahl- und Kupfernieten mit Durchmessern von 2,4 mm bis 4,8 mm&lt;Br&gt;  Hubl\u00e4nge: 20,32 mm&lt;Br&gt;  D\u00fcsen halten Nieten in jedem Winkel&lt;Br&gt;  Ohne Werkzeug zug\u00e4ngliche Klemmen und D\u00fcsenfach am Werkzeug&lt;Br&gt;  Ladestatusanzeige am Ger\u00e4t und LED-Licht zur Ausleuchtung des Anwendungsbereichs&lt;Br&gt;  Kompaktes Design: H\u00f6he 273 mm, Breite 67 mm, L\u00e4nge 240 mm (60 mm Ausguss, 100 mm Mittelteil, 80 mm Reservoir)&lt;Br&gt;  Integrierter G\u00fcrtelhaken und Schl\u00fcsselbandschlaufe&lt;Br&gt;  REDLITHIUM\u2122-Akku garantiert \u00fcberlegene Leistung, Haltbarkeit und Autonomie&lt;Br&gt;  Kompatibel mit allen Milwaukee\u00ae M12\u2122-Akkus<\/p>\n<p>BARCODE: 4058546223502<\/p>\n<p>Technische Daten<br \/>\n12<\/p>\n<p>1 x M12 B2 Akkupack, C12 C Ladeger\u00e4t, HeavyDuty Koffer<\/p>\n","protected":false},"excerpt":{"rendered":"<p>Erm\u00f6glicht bis zu 325 4,8 mm Edelstahlnieten mit einer Akkuladung (2,0 Ah)&lt;Br&gt; Geeignet f\u00fcr das Anbringen von Aluminium-, Stahl-, Edelstahl-<\/p>\n","protected":false},"featured_media":458460,"template":"","meta":{"_seopress_robots_primary_cat":"","_seopress_titles_title":"","_seopress_titles_desc":"","_seopress_robots_index":""},"product_brand":[3407],"product_cat":[29,514],"product_tag":[3270],"class_list":{"0":"post-461247","1":"product","2":"type-product","3":"status-publish","4":"has-post-thumbnail","6":"product_brand-milwaukee","7":"product_cat-macchinari","8":"product_cat-altri-dispositivi","9":"product_tag-import-milwau","10":"sws-gruppo-macchinari-de","11":"sws-conto-ricavi-merci-rivendita-macchinari-de","12":"sws-gruppo-iva-iva81-de","14":"first","15":"onbackorder","16":"sale","17":"purchasable","18":"product-type-simple"},"_links":{"self":[{"href":"https:\/\/lucacastelli.com\/de\/wp-json\/wp\/v2\/product\/461247","targetHints":{"allow":["GET"]}}],"collection":[{"href":"https:\/\/lucacastelli.com\/de\/wp-json\/wp\/v2\/product"}],"about":[{"href":"https:\/\/lucacastelli.com\/de\/wp-json\/wp\/v2\/types\/product"}],"wp:featuredmedia":[{"embeddable":true,"href":"https:\/\/lucacastelli.com\/de\/wp-json\/wp\/v2\/media\/458460"}],"wp:attachment":[{"href":"https:\/\/lucacastelli.com\/de\/wp-json\/wp\/v2\/media?parent=461247"}],"wp:term":[{"taxonomy":"product_brand","embeddable":true,"href":"https:\/\/lucacastelli.com\/de\/wp-json\/wp\/v2\/product_brand?post=461247"},{"taxonomy":"product_cat","embeddable":true,"href":"https:\/\/lucacastelli.com\/de\/wp-json\/wp\/v2\/product_cat?post=461247"},{"taxonomy":"product_tag","embeddable":true,"href":"https:\/\/lucacastelli.com\/de\/wp-json\/wp\/v2\/product_tag?post=461247"}],"curies":[{"name":"wp","href":"https:\/\/api.w.org\/{rel}","templated":true}]}}