{"id":461235,"date":"2025-06-15T06:14:18","date_gmt":"2025-06-15T04:14:18","guid":{"rendered":"https:\/\/lucacastelli.com\/prodotto\/ratsche-4\/"},"modified":"2025-06-29T07:35:31","modified_gmt":"2025-06-29T05:35:31","slug":"ratsche-4","status":"publish","type":"product","link":"https:\/\/lucacastelli.com\/de\/produkt\/ratsche-4\/","title":{"rendered":"MILWAUKEE Ratsche"},"content":{"rendered":"<p>Mit einem maximalen Drehmoment von bis zu 47 Nm und 450 U\/min f\u00fcr extrem schnelle Anwendungen&lt;Br&gt;  19 mm flacher Kopf f\u00fcr maximalen Zugang in engen R\u00e4umen&lt;Br&gt;  Variabler Geschwindigkeitsschalter f\u00fcr maximale Kontrolle w\u00e4hrend der Anwendung&lt;Br&gt;  FUEL\u2122 Technologie und Getriebegeh\u00e4use aus rostfreiem Stahl sorgen f\u00fcr eine l\u00e4ngere Lebensdauer der Werkzeuge&lt;Br&gt;  Gummigriff, widersteht intensiver Nutzung und bietet maximalen Komfort&lt;Br&gt;  Batterieladezustandsanzeige und LED-Licht zur Beleuchtung des Anwendungsbereichs&lt;Br&gt;  Garantiert das Verschrauben und L\u00f6sen von 210 M8-Schrauben mit einer einzigen Akkuladung (2,0 Ah)&lt;Br&gt;  Die FUEL-Technologie\u2122 definiert kabellose Elektrowerkzeuge neu. B\u00fcrstenloser Motor, REDLINK PLUS-Elektronik\u2122 und REDLITHIUM-Akku\u2122 sorgen f\u00fcr \u00fcberlegene&lt;Leistung und Haltbarkeit br&gt; Funktioniert mit allen MILWAUKEE\u00ae M12-Akkus\u2122 <\/p>\n<p>BARCODE: 4058546341053<\/p>\n<p>Technische<br \/>\nDaten Aucun sac ni box fourni<\/p>\n<p>Lieferung ohne Batterien, Lieferung ohne Ladeger\u00e4t, Lieferung ohne Kitbox oder Tasche<\/p>\n","protected":false},"excerpt":{"rendered":"<p>Mit einem maximalen Drehmoment von bis zu 47 Nm und 450 U\/min f\u00fcr extrem schnelle Anwendungen&lt;Br&gt; 19 mm flacher Kopf<\/p>\n","protected":false},"featured_media":458722,"template":"","meta":{"_seopress_robots_primary_cat":"","_seopress_titles_title":"","_seopress_titles_desc":"","_seopress_robots_index":""},"product_brand":[3407],"product_cat":[29,514],"product_tag":[3270],"class_list":{"0":"post-461235","1":"product","2":"type-product","3":"status-publish","4":"has-post-thumbnail","6":"product_brand-milwaukee","7":"product_cat-macchinari","8":"product_cat-altri-dispositivi","9":"product_tag-import-milwau","10":"sws-gruppo-macchinari-de","11":"sws-conto-ricavi-merci-rivendita-macchinari-de","12":"sws-gruppo-iva-iva81-de","14":"first","15":"onbackorder","16":"sale","17":"purchasable","18":"product-type-simple"},"_links":{"self":[{"href":"https:\/\/lucacastelli.com\/de\/wp-json\/wp\/v2\/product\/461235","targetHints":{"allow":["GET"]}}],"collection":[{"href":"https:\/\/lucacastelli.com\/de\/wp-json\/wp\/v2\/product"}],"about":[{"href":"https:\/\/lucacastelli.com\/de\/wp-json\/wp\/v2\/types\/product"}],"wp:featuredmedia":[{"embeddable":true,"href":"https:\/\/lucacastelli.com\/de\/wp-json\/wp\/v2\/media\/458722"}],"wp:attachment":[{"href":"https:\/\/lucacastelli.com\/de\/wp-json\/wp\/v2\/media?parent=461235"}],"wp:term":[{"taxonomy":"product_brand","embeddable":true,"href":"https:\/\/lucacastelli.com\/de\/wp-json\/wp\/v2\/product_brand?post=461235"},{"taxonomy":"product_cat","embeddable":true,"href":"https:\/\/lucacastelli.com\/de\/wp-json\/wp\/v2\/product_cat?post=461235"},{"taxonomy":"product_tag","embeddable":true,"href":"https:\/\/lucacastelli.com\/de\/wp-json\/wp\/v2\/product_tag?post=461235"}],"curies":[{"name":"wp","href":"https:\/\/api.w.org\/{rel}","templated":true}]}}