{"id":461206,"date":"2025-06-15T06:21:23","date_gmt":"2025-06-15T04:21:23","guid":{"rendered":"https:\/\/lucacastelli.com\/prodotto\/ratsche\/"},"modified":"2025-06-29T07:35:34","modified_gmt":"2025-06-29T05:35:34","slug":"ratsche","status":"publish","type":"product","link":"https:\/\/lucacastelli.com\/de\/produkt\/ratsche\/","title":{"rendered":"MILWAUKEE Ratsche"},"content":{"rendered":"<p>Kraftvoll und schnell mit einem Drehmoment von 47 Nm und 250 U\/min&lt;Br&gt;  Die REDLINK\u2122-Elektronik sch\u00fctzt das Ger\u00e4t und den Akku vor \u00dcberlastung&lt;Br&gt;  Verst\u00e4rkte Karkasse f\u00fcr erh\u00f6hte Haltbarkeit&lt;Br&gt;  Kompakter Kopf, ideal f\u00fcr Arbeiten in beengten R\u00e4umen&lt;Br&gt;  Variabler Geschwindigkeitsschalter f\u00fcr mehr Kontrolle bei Anwendungen&lt;Br&gt;  \u00dcberwachung der einzelnen Batteriezellen, um einen homogenen Verbrauch des Batteriepacks sowie eine gr\u00f6\u00dfere Autonomie und Haltbarkeit im Laufe der Zeit zu gew\u00e4hrleisten&lt;Br&gt;  Batterieladezustandsanzeige und LED-Licht zur Beleuchtung des Arbeitsbereichs&lt;Br&gt;  Die REDLITHIUM-Batterie\u2122 bietet eine \u00fcberlegene Konstruktion des Akkupacks, Elektronik und gleichbleibende Leistung, um mehr Laufzeit und mehr Arbeit \u00fcber die Lebensdauer der Batterie zu liefern&lt;Br&gt;  12-V-Plattform: kompatibel mit allen Milwaukee\u00ae M12\u2122-Akkus  <\/p>\n<p>BARCODE: 4002395002030<\/p>\n<p>Technische Daten<br \/>\n12<\/p>\n<p>1 x M12 B2 Akkupack, C12 C Ladeger\u00e4t, Tasche<\/p>\n","protected":false},"excerpt":{"rendered":"<p>Kraftvoll und schnell mit einem Drehmoment von 47 Nm und 250 U\/min&lt;Br&gt; Die REDLINK\u2122-Elektronik sch\u00fctzt das Ger\u00e4t und den Akku<\/p>\n","protected":false},"featured_media":458764,"template":"","meta":{"_seopress_robots_primary_cat":"","_seopress_titles_title":"","_seopress_titles_desc":"","_seopress_robots_index":""},"product_brand":[3656],"product_cat":[1454,169],"product_tag":[3272],"class_list":{"0":"post-461206","1":"product","2":"type-product","3":"status-publish","4":"has-post-thumbnail","6":"product_brand-milwaukee-de","7":"product_cat-andere-gerate","8":"product_cat-maschinen","9":"product_tag-import-milwau-de","10":"sws-gruppo-macchinari-de","11":"sws-conto-ricavi-merci-rivendita-macchinari-de","12":"sws-gruppo-iva-iva81-de","14":"first","15":"onbackorder","16":"sale","17":"purchasable","18":"product-type-simple"},"_links":{"self":[{"href":"https:\/\/lucacastelli.com\/de\/wp-json\/wp\/v2\/product\/461206","targetHints":{"allow":["GET"]}}],"collection":[{"href":"https:\/\/lucacastelli.com\/de\/wp-json\/wp\/v2\/product"}],"about":[{"href":"https:\/\/lucacastelli.com\/de\/wp-json\/wp\/v2\/types\/product"}],"wp:featuredmedia":[{"embeddable":true,"href":"https:\/\/lucacastelli.com\/de\/wp-json\/wp\/v2\/media\/458764"}],"wp:attachment":[{"href":"https:\/\/lucacastelli.com\/de\/wp-json\/wp\/v2\/media?parent=461206"}],"wp:term":[{"taxonomy":"product_brand","embeddable":true,"href":"https:\/\/lucacastelli.com\/de\/wp-json\/wp\/v2\/product_brand?post=461206"},{"taxonomy":"product_cat","embeddable":true,"href":"https:\/\/lucacastelli.com\/de\/wp-json\/wp\/v2\/product_cat?post=461206"},{"taxonomy":"product_tag","embeddable":true,"href":"https:\/\/lucacastelli.com\/de\/wp-json\/wp\/v2\/product_tag?post=461206"}],"curies":[{"name":"wp","href":"https:\/\/api.w.org\/{rel}","templated":true}]}}