{"id":461203,"date":"2025-06-15T06:22:47","date_gmt":"2025-06-15T04:22:47","guid":{"rendered":"https:\/\/lucacastelli.com\/prodotto\/fettpresse\/"},"modified":"2025-06-29T07:35:38","modified_gmt":"2025-06-29T05:35:38","slug":"fettpresse-2","status":"publish","type":"product","link":"https:\/\/lucacastelli.com\/de\/produkt\/fettpresse-2\/","title":{"rendered":"MILWAUKEE Fettpresse"},"content":{"rendered":"<p>Leistungsstarker 12V-Motor \u00fcbt einen Druck von \u00fcber 562 bar aus&lt;Br&gt;  REDLINK\u2122-Elektronik sch\u00fctzt das Ger\u00e4t und den Akku vor \u00dcberlastung&lt;Br&gt;  Maximale Autonomie, bis zu 7 Patronen mit einer Ladung&lt;Br&gt;  Ergonomisch und handlich, nur 355 mm lang und 3,2 kg schwer&lt;Br&gt;  Ventil f\u00fcr \u00fcbersch\u00fcssige Luft&lt;Br&gt;  Integriertes Schlauchgeh\u00e4use&lt;Br&gt;  Drei Anwendungsm\u00f6glichkeiten mit Kartusche, Beh\u00e4lter und Absaugung&lt;Br&gt;  Fassungsverm\u00f6gen des Beh\u00e4lters: 400 ml Kartusche, 473 ml lose&lt;Br&gt;  \u00dcberwachung der einzelnen Batteriezellen, um einen homogenen Verbrauch des Batteriepacks sowie eine gr\u00f6\u00dfere Autonomie und Haltbarkeit im Laufe der Zeit zu gew\u00e4hrleisten&lt;Br&gt;  Batterieladezustandsanzeige und LED-Licht zur Beleuchtung des Arbeitsbereichs&lt;Br&gt;  Die REDLITHIUM-Batterie\u2122 bietet eine \u00fcberlegene Konstruktion des Akkupacks, Elektronik und gleichbleibende Leistung, um mehr Laufzeit und mehr Arbeit \u00fcber die Lebensdauer der Batterie zu liefern&lt;Br&gt;  12V Plattform: funktioniert mit allen Milwaukee\u00ae M12\u2122 Batterien<\/p>\n<p>BARCODE: 4002395000951<\/p>\n<p>Technische Daten<br \/>\n3.2 (M12 B4)<\/p>\n<p>Lieferung ohne Batterien, Lieferung ohne Ladeger\u00e4t, Lieferung ohne Kitbox oder Tasche, 14,4 mm Schlauch mit Schutzfeder<\/p>\n","protected":false},"excerpt":{"rendered":"<p>Leistungsstarker 12V-Motor \u00fcbt einen Druck von \u00fcber 562 bar aus&lt;Br&gt; REDLINK\u2122-Elektronik sch\u00fctzt das Ger\u00e4t und den Akku vor \u00dcberlastung&lt;Br&gt; Maximale<\/p>\n","protected":false},"featured_media":458790,"template":"","meta":{"_seopress_robots_primary_cat":"","_seopress_titles_title":"","_seopress_titles_desc":"","_seopress_robots_index":""},"product_brand":[3407],"product_cat":[29,514],"product_tag":[3270],"class_list":{"0":"post-461203","1":"product","2":"type-product","3":"status-publish","4":"has-post-thumbnail","6":"product_brand-milwaukee","7":"product_cat-macchinari","8":"product_cat-altri-dispositivi","9":"product_tag-import-milwau","10":"sws-gruppo-macchinari-de","11":"sws-conto-ricavi-merci-rivendita-macchinari-de","12":"sws-gruppo-iva-iva81-de","14":"first","15":"onbackorder","16":"sale","17":"purchasable","18":"product-type-simple"},"_links":{"self":[{"href":"https:\/\/lucacastelli.com\/de\/wp-json\/wp\/v2\/product\/461203","targetHints":{"allow":["GET"]}}],"collection":[{"href":"https:\/\/lucacastelli.com\/de\/wp-json\/wp\/v2\/product"}],"about":[{"href":"https:\/\/lucacastelli.com\/de\/wp-json\/wp\/v2\/types\/product"}],"wp:featuredmedia":[{"embeddable":true,"href":"https:\/\/lucacastelli.com\/de\/wp-json\/wp\/v2\/media\/458790"}],"wp:attachment":[{"href":"https:\/\/lucacastelli.com\/de\/wp-json\/wp\/v2\/media?parent=461203"}],"wp:term":[{"taxonomy":"product_brand","embeddable":true,"href":"https:\/\/lucacastelli.com\/de\/wp-json\/wp\/v2\/product_brand?post=461203"},{"taxonomy":"product_cat","embeddable":true,"href":"https:\/\/lucacastelli.com\/de\/wp-json\/wp\/v2\/product_cat?post=461203"},{"taxonomy":"product_tag","embeddable":true,"href":"https:\/\/lucacastelli.com\/de\/wp-json\/wp\/v2\/product_tag?post=461203"}],"curies":[{"name":"wp","href":"https:\/\/api.w.org\/{rel}","templated":true}]}}