{"id":461198,"date":"2025-06-15T06:29:02","date_gmt":"2025-06-15T04:29:02","guid":{"rendered":"https:\/\/lucacastelli.com\/prodotto\/silikonpistole-5\/"},"modified":"2026-04-16T02:31:39","modified_gmt":"2026-04-16T00:31:39","slug":"silikonpistole-5","status":"publish","type":"product","link":"https:\/\/lucacastelli.com\/de\/produkt\/silikonpistole-5\/","title":{"rendered":"MILWAUKEE Silikonpistole"},"content":{"rendered":"<p>Bis zu 1780 N Leistung&lt;br&gt; REDLINK\u2122-Elektronik sch\u00fctzt Werkzeug und Akku vor \u00dcberlastung&lt;br&gt; Optimale Leistung mit den meisten auf dem Markt erh\u00e4ltlichen Dicht- und Klebstoffen&lt;br&gt; Anti-Tropf-Funktion zur Vermeidung von unbeabsichtigtem Materialaustritt&lt;br&gt; Geschwindigkeitsregler mit 6 Stufen f\u00fcr maximale Kontrolle&lt;br&gt; Robuster Kolben f\u00fcr konstanten Vorschub und vollst\u00e4ndige Entleerung der Kartusche&lt;br&gt; \u00dcberwachung der einzelnen Akkuzellen f\u00fcr gleichm\u00e4\u00dfigen Verbrauch des Akkupacks sowie l\u00e4ngere Laufzeit und Lebensdauer&lt;br&gt; Akku-Ladezustandsanzeige&lt;br&gt; Der REDLITHIUM\u2122-Akku bietet \u00fcberlegene Akkupack-Konstruktion, Elektronik und konstante Leistung f\u00fcr mehr Laufzeit und mehr Arbeit w\u00e4hrend der Akkulebensdauer&lt;br&gt; 12V-Plattform: funktioniert mit allen Milwaukee\u00ae M12\u2122-Akkus<\/p>\n<p>BARCODE: 4002395002283<\/p>\n<p>Technische Daten<br \/>\n0<\/p>\n<p>Geliefert ohne Akkus, geliefert ohne Ladeger\u00e4t, geliefert ohne Kitbox oder Tasche, 600 ml Kartusche<\/p>\n","protected":false},"excerpt":{"rendered":"<p>Bis zu 1780 N Leistung&lt;br&gt; REDLINK\u2122-Elektronik sch\u00fctzt Werkzeug und Akku vor \u00dcberlastung&lt;br&gt; Optimale Leistung mit den meisten auf dem Markt<\/p>\n","protected":false},"featured_media":458861,"template":"","meta":{"_seopress_robots_primary_cat":"none","_seopress_titles_title":"","_seopress_titles_desc":"","_seopress_robots_index":""},"product_brand":[3407],"product_cat":[29,514],"product_tag":[3270],"class_list":{"0":"post-461198","1":"product","2":"type-product","3":"status-publish","4":"has-post-thumbnail","6":"product_brand-milwaukee","7":"product_cat-macchinari","8":"product_cat-altri-dispositivi","9":"product_tag-import-milwau","10":"sws-gruppo-macchinari-de","11":"sws-conto-ricavi-merci-rivendita-macchinari-de","12":"sws-gruppo-iva-iva81-de","14":"first","15":"onbackorder","16":"sale","17":"purchasable","18":"product-type-simple"},"_links":{"self":[{"href":"https:\/\/lucacastelli.com\/de\/wp-json\/wp\/v2\/product\/461198","targetHints":{"allow":["GET"]}}],"collection":[{"href":"https:\/\/lucacastelli.com\/de\/wp-json\/wp\/v2\/product"}],"about":[{"href":"https:\/\/lucacastelli.com\/de\/wp-json\/wp\/v2\/types\/product"}],"wp:featuredmedia":[{"embeddable":true,"href":"https:\/\/lucacastelli.com\/de\/wp-json\/wp\/v2\/media\/458861"}],"wp:attachment":[{"href":"https:\/\/lucacastelli.com\/de\/wp-json\/wp\/v2\/media?parent=461198"}],"wp:term":[{"taxonomy":"product_brand","embeddable":true,"href":"https:\/\/lucacastelli.com\/de\/wp-json\/wp\/v2\/product_brand?post=461198"},{"taxonomy":"product_cat","embeddable":true,"href":"https:\/\/lucacastelli.com\/de\/wp-json\/wp\/v2\/product_cat?post=461198"},{"taxonomy":"product_tag","embeddable":true,"href":"https:\/\/lucacastelli.com\/de\/wp-json\/wp\/v2\/product_tag?post=461198"}],"curies":[{"name":"wp","href":"https:\/\/api.w.org\/{rel}","templated":true}]}}