{"id":461183,"date":"2025-06-15T06:37:22","date_gmt":"2025-06-15T04:37:22","guid":{"rendered":"https:\/\/lucacastelli.com\/prodotto\/kompressor\/"},"modified":"2025-06-29T07:35:13","modified_gmt":"2025-06-29T05:35:13","slug":"kompressor","status":"publish","type":"product","link":"https:\/\/lucacastelli.com\/de\/produkt\/kompressor\/","title":{"rendered":"MILWAUKEE Kompressor"},"content":{"rendered":"<p>Kompakter Kompressor zum schnellen Aufpumpen von Auto- und Transporterreifen&lt;Br&gt;  Ausgestattet mit effizientem Motor und Pumpe&lt;Br&gt;  Schwingungsd\u00e4mpfende Gummilager&lt;Br&gt;  Automatisches Abschaltsystem, sobald der gew\u00e4hlte Druck erreicht ist&lt;Br&gt;  LCD-Display mit Druck- und Batterieladezustandsanzeige&lt;Br&gt;  Aufbewahrungsm\u00f6glichkeit f\u00fcr Schlauch und Zubeh\u00f6r am Ger\u00e4t&lt;Br&gt;  Der REDLITHIUM\u2122-Akku sorgt f\u00fcr eine fortschrittliche Konstruktion des Akkus und eine gleichbleibende Leistung, um eine l\u00e4ngere Lebensdauer des Akkus zu gew\u00e4hrleisten und die Lebensdauer des Akkus zu maximieren (Akku separat erh\u00e4ltlich)&lt;Br&gt;  Kompatibel mit allen MILWAUKEE\u00ae M12\u2122 Akkus&lt;Br&gt;  Maximale Kapazit\u00e4t 8,27 bar (120 PSI)&lt;Br&gt;  Funktioniert mit allen MILWAUKEE\u00ae M12\u2122Akkus<\/p>\n<p>BARCODE: 4058546220693<\/p>\n<p>Technische Daten<br \/>\n1.6 (M12 B2)<\/p>\n<p>Lieferung ohne Batterien, Lieferung ohne Ladeger\u00e4t, Lieferung ohne Kitbox oder Tasche, 1 x Aufblasd\u00fcse, 1 x Nadeladapter, 1 x Presta-Adapter, 1 x Schrader-Adapter<\/p>\n","protected":false},"excerpt":{"rendered":"<p>Kompakter Kompressor zum schnellen Aufpumpen von Auto- und Transporterreifen&lt;Br&gt; Ausgestattet mit effizientem Motor und Pumpe&lt;Br&gt; Schwingungsd\u00e4mpfende Gummilager&lt;Br&gt; Automatisches Abschaltsystem, sobald<\/p>\n","protected":false},"featured_media":458914,"template":"","meta":{"_seopress_robots_primary_cat":"","_seopress_titles_title":"","_seopress_titles_desc":"","_seopress_robots_index":""},"product_brand":[3656],"product_cat":[1454,1469,169],"product_tag":[3272],"class_list":{"0":"post-461183","1":"product","2":"type-product","3":"status-publish","4":"has-post-thumbnail","6":"product_brand-milwaukee-de","7":"product_cat-andere-gerate","8":"product_cat-kompressoren","9":"product_cat-maschinen","10":"product_tag-import-milwau-de","11":"sws-gruppo-macchinari-de","12":"sws-conto-ricavi-merci-rivendita-macchinari-de","13":"sws-gruppo-iva-iva81-de","15":"first","16":"onbackorder","17":"sale","18":"purchasable","19":"product-type-simple"},"_links":{"self":[{"href":"https:\/\/lucacastelli.com\/de\/wp-json\/wp\/v2\/product\/461183","targetHints":{"allow":["GET"]}}],"collection":[{"href":"https:\/\/lucacastelli.com\/de\/wp-json\/wp\/v2\/product"}],"about":[{"href":"https:\/\/lucacastelli.com\/de\/wp-json\/wp\/v2\/types\/product"}],"wp:featuredmedia":[{"embeddable":true,"href":"https:\/\/lucacastelli.com\/de\/wp-json\/wp\/v2\/media\/458914"}],"wp:attachment":[{"href":"https:\/\/lucacastelli.com\/de\/wp-json\/wp\/v2\/media?parent=461183"}],"wp:term":[{"taxonomy":"product_brand","embeddable":true,"href":"https:\/\/lucacastelli.com\/de\/wp-json\/wp\/v2\/product_brand?post=461183"},{"taxonomy":"product_cat","embeddable":true,"href":"https:\/\/lucacastelli.com\/de\/wp-json\/wp\/v2\/product_cat?post=461183"},{"taxonomy":"product_tag","embeddable":true,"href":"https:\/\/lucacastelli.com\/de\/wp-json\/wp\/v2\/product_tag?post=461183"}],"curies":[{"name":"wp","href":"https:\/\/api.w.org\/{rel}","templated":true}]}}