{"id":461179,"date":"2025-06-15T06:35:30","date_gmt":"2025-06-15T04:35:30","guid":{"rendered":"https:\/\/lucacastelli.com\/prodotto\/silikonpistole\/"},"modified":"2025-06-29T07:35:02","modified_gmt":"2025-06-29T05:35:02","slug":"silikonpistole","status":"publish","type":"product","link":"https:\/\/lucacastelli.com\/de\/produkt\/silikonpistole\/","title":{"rendered":"MILWAUKEE Silikonpistole"},"content":{"rendered":"<p>Bis zu 1780 N Leistung&lt;Br&gt;  REDLINK\u2122-Elektronik sch\u00fctzt das Ger\u00e4t und den Akku vor \u00dcberlastung&lt;Br&gt;  Optimierte Leistung mit den meisten Dicht- und Klebemitteln auf dem Markt&lt;Br&gt;  Anti-Tropf-Funktion, um ein versehentliches Versch\u00fctten von Material zu verhindern&lt;Br&gt;  Geschwindigkeitsw\u00e4hler mit 6 Geschwindigkeiten f\u00fcr maximale Kontrolle&lt;Br&gt;  Der robuste Kolben sorgt f\u00fcr konstanten Schub und den vollst\u00e4ndigen Auswurf des Materials aus der Patrone&lt;Br&gt;  \u00dcberwachung der einzelnen Batteriezellen, um einen homogenen Verbrauch des Batteriepacks sowie eine gr\u00f6\u00dfere Autonomie und Haltbarkeit im Laufe der Zeit zu gew\u00e4hrleisten&lt;Br&gt;  Anzeige des Ladezustands des Akkus&lt;Br&gt;  Die REDLITHIUM-Batterie\u2122 bietet eine \u00fcberlegene Konstruktion des Akkupacks, Elektronik und gleichbleibende Leistung, um mehr Laufzeit und mehr Arbeit \u00fcber die Lebensdauer der Batterie zu liefern&lt;Br&gt;  12V Plattform: funktioniert mit allen Milwaukee\u00ae M12\u2122 Batterien<\/p>\n<p>BARCODE: 4002395001866<\/p>\n<p>Technische<br \/>\nDaten Sac de transport<\/p>\n<p>1 x M12 B2 Akkupack, C12 C Ladeger\u00e4t, Tasche, 310 ml Halter<\/p>\n","protected":false},"excerpt":{"rendered":"<p>Bis zu 1780 N Leistung&lt;Br&gt; REDLINK\u2122-Elektronik sch\u00fctzt das Ger\u00e4t und den Akku vor \u00dcberlastung&lt;Br&gt; Optimierte Leistung mit den meisten Dicht-<\/p>\n","protected":false},"featured_media":458905,"template":"","meta":{"_seopress_robots_primary_cat":"","_seopress_titles_title":"","_seopress_titles_desc":"","_seopress_robots_index":""},"product_brand":[3656],"product_cat":[169,1454],"product_tag":[3272],"class_list":{"0":"post-461179","1":"product","2":"type-product","3":"status-publish","4":"has-post-thumbnail","6":"product_brand-milwaukee-de","7":"product_cat-maschinen","8":"product_cat-andere-gerate","9":"product_tag-import-milwau-de","10":"sws-gruppo-macchinari-de","11":"sws-conto-ricavi-merci-rivendita-macchinari-de","12":"sws-gruppo-iva-iva81-de","14":"first","15":"onbackorder","16":"sale","17":"purchasable","18":"product-type-simple"},"_links":{"self":[{"href":"https:\/\/lucacastelli.com\/de\/wp-json\/wp\/v2\/product\/461179","targetHints":{"allow":["GET"]}}],"collection":[{"href":"https:\/\/lucacastelli.com\/de\/wp-json\/wp\/v2\/product"}],"about":[{"href":"https:\/\/lucacastelli.com\/de\/wp-json\/wp\/v2\/types\/product"}],"wp:featuredmedia":[{"embeddable":true,"href":"https:\/\/lucacastelli.com\/de\/wp-json\/wp\/v2\/media\/458905"}],"wp:attachment":[{"href":"https:\/\/lucacastelli.com\/de\/wp-json\/wp\/v2\/media?parent=461179"}],"wp:term":[{"taxonomy":"product_brand","embeddable":true,"href":"https:\/\/lucacastelli.com\/de\/wp-json\/wp\/v2\/product_brand?post=461179"},{"taxonomy":"product_cat","embeddable":true,"href":"https:\/\/lucacastelli.com\/de\/wp-json\/wp\/v2\/product_cat?post=461179"},{"taxonomy":"product_tag","embeddable":true,"href":"https:\/\/lucacastelli.com\/de\/wp-json\/wp\/v2\/product_tag?post=461179"}],"curies":[{"name":"wp","href":"https:\/\/api.w.org\/{rel}","templated":true}]}}