{"id":461175,"date":"2025-06-15T06:47:14","date_gmt":"2025-06-15T04:47:14","guid":{"rendered":"https:\/\/lucacastelli.com\/prodotto\/bandsaege-3\/"},"modified":"2025-06-29T07:34:39","modified_gmt":"2025-06-29T05:34:39","slug":"bandsaege-3","status":"publish","type":"product","link":"https:\/\/lucacastelli.com\/de\/produkt\/bandsaege-3\/","title":{"rendered":"MILWAUKEE Bands\u00e4ge"},"content":{"rendered":"<p>Schneidkapazit\u00e4t bis zu 64 mm&lt;Br&gt;  Kompakt und leicht, ideal f\u00fcr einh\u00e4ndige \u00dcberkopfanwendungen&lt;Br&gt;  Schalter f\u00fcr variable Geschwindigkeit&lt;Br&gt;  Werkzeuglos einstellbarer Klingenschutz f\u00fcr maximale Sicherheit&lt;Br&gt;  Hebelgest\u00fctztes Klingenentnahmesystem f\u00fcr einfachen Klingenwechsel&lt;Br&gt;  Sicherheitsschalter&lt;Br&gt;  Verstellbarer Sockel ohne Werkzeug&lt;Br&gt;  Stabiler Haken zur Aufbewahrung des Werkzeugs&lt;Br&gt;  LED-Licht zur Ausleuchtung des Anwendungsbereichs&lt;Br&gt;  Die FUEL-Technologie\u2122 definiert kabellose Elektrowerkzeuge neu. B\u00fcrstenloser Motor, REDLINK PLUS-Elektronik\u2122 und REDLITHIUM-Akku\u2122 sorgen f\u00fcr \u00fcberlegene&lt;Leistung und Haltbarkeit br&gt; Funktioniert mit allen MILWAUKEE\u00ae M12-Akkus\u2122 <\/p>\n<p>BARCODE: 4058546346317<\/p>\n<p>Technische Daten Coffret<\/p>\n<p>Lieferung ohne Batterien, Lieferung ohne Ladeger\u00e4t, Tragetasche<\/p>\n","protected":false},"excerpt":{"rendered":"<p>Schneidkapazit\u00e4t bis zu 64 mm&lt;Br&gt; Kompakt und leicht, ideal f\u00fcr einh\u00e4ndige \u00dcberkopfanwendungen&lt;Br&gt; Schalter f\u00fcr variable Geschwindigkeit&lt;Br&gt; Werkzeuglos einstellbarer Klingenschutz f\u00fcr<\/p>\n","protected":false},"featured_media":459006,"template":"","meta":{"_seopress_robots_primary_cat":"","_seopress_titles_title":"","_seopress_titles_desc":"","_seopress_robots_index":""},"product_brand":[3407],"product_cat":[29,514],"product_tag":[3270],"class_list":{"0":"post-461175","1":"product","2":"type-product","3":"status-publish","4":"has-post-thumbnail","6":"product_brand-milwaukee","7":"product_cat-macchinari","8":"product_cat-altri-dispositivi","9":"product_tag-import-milwau","10":"sws-gruppo-macchinari-de","11":"sws-conto-ricavi-merci-rivendita-macchinari-de","12":"sws-gruppo-iva-iva81-de","14":"first","15":"onbackorder","16":"sale","17":"purchasable","18":"product-type-simple"},"_links":{"self":[{"href":"https:\/\/lucacastelli.com\/de\/wp-json\/wp\/v2\/product\/461175","targetHints":{"allow":["GET"]}}],"collection":[{"href":"https:\/\/lucacastelli.com\/de\/wp-json\/wp\/v2\/product"}],"about":[{"href":"https:\/\/lucacastelli.com\/de\/wp-json\/wp\/v2\/types\/product"}],"wp:featuredmedia":[{"embeddable":true,"href":"https:\/\/lucacastelli.com\/de\/wp-json\/wp\/v2\/media\/459006"}],"wp:attachment":[{"href":"https:\/\/lucacastelli.com\/de\/wp-json\/wp\/v2\/media?parent=461175"}],"wp:term":[{"taxonomy":"product_brand","embeddable":true,"href":"https:\/\/lucacastelli.com\/de\/wp-json\/wp\/v2\/product_brand?post=461175"},{"taxonomy":"product_cat","embeddable":true,"href":"https:\/\/lucacastelli.com\/de\/wp-json\/wp\/v2\/product_cat?post=461175"},{"taxonomy":"product_tag","embeddable":true,"href":"https:\/\/lucacastelli.com\/de\/wp-json\/wp\/v2\/product_tag?post=461175"}],"curies":[{"name":"wp","href":"https:\/\/api.w.org\/{rel}","templated":true}]}}