{"id":461166,"date":"2025-06-15T06:57:52","date_gmt":"2025-06-15T04:57:52","guid":{"rendered":"https:\/\/lucacastelli.com\/prodotto\/bandsaege\/"},"modified":"2025-06-29T07:34:18","modified_gmt":"2025-06-29T05:34:18","slug":"bandsaege","status":"publish","type":"product","link":"https:\/\/lucacastelli.com\/de\/produkt\/bandsaege\/","title":{"rendered":"MILWAUKEE Bands\u00e4ge"},"content":{"rendered":"<p>Bequeme Einhandbedienung &#8211; nur 3,2 kg Gewicht&lt;Br&gt;  REDLINK\u2122-Elektronik sch\u00fctzt das Ger\u00e4t und den Akku vor \u00dcberlastung&lt;Br&gt;  Vielseitigkeit: Schneidet zahlreiche Materialien wie Stahl, Edelstahl, Kupfer, Kunststoff, Aluminium&lt;Br&gt;  Vollst\u00e4ndig integrierte Klinge f\u00fcr erh\u00f6hten Schutz des Benutzers und praktische Entriegelung f\u00fcr schnellen Klingenwechsel&lt;Br&gt;  Kaltschneiden &#8211; ohne Funkenbildung&lt;Br&gt;  Sauberer Schnitt &#8211; hervorragende Werkzeugauswuchtung und Kugellager garantieren Stabilit\u00e4t und eine perfekte, gratfreie Schnittqualit\u00e4t&lt;Br&gt;  \u00dcberwachung der einzelnen Batteriezellen, um einen homogenen Verbrauch des Batteriepacks sowie eine gr\u00f6\u00dfere Autonomie und Haltbarkeit im Laufe der Zeit zu gew\u00e4hrleisten&lt;Br&gt;  Batterieladezustandsanzeige und LED-Licht zur Beleuchtung des Arbeitsbereichs&lt;Br&gt;  Die REDLITHIUM-Batterie\u2122 bietet eine \u00fcberlegene Konstruktion des Akkupacks, Elektronik und gleichbleibende Leistung, um mehr Laufzeit und mehr Arbeit \u00fcber die Lebensdauer der Batterie zu liefern&lt;Br&gt;  12V Plattform: funktioniert mit allen Milwaukee\u00ae M12\u2122 Batterien&lt;Br&gt;  Geliefert mit 18 Tpi Klinge<\/p>\n<p>BARCODE: 4002395002344<\/p>\n<p>Technische Daten<br \/>\n4.0<\/p>\n<p>2 x M12 B4 Akku, C12 C Ladeger\u00e4t, Transportkoffer, 18 Tpi Klinge<\/p>\n","protected":false},"excerpt":{"rendered":"<p>Bequeme Einhandbedienung &#8211; nur 3,2 kg Gewicht&lt;Br&gt; REDLINK\u2122-Elektronik sch\u00fctzt das Ger\u00e4t und den Akku vor \u00dcberlastung&lt;Br&gt; Vielseitigkeit: Schneidet zahlreiche Materialien<\/p>\n","protected":false},"featured_media":459106,"template":"","meta":{"_seopress_robots_primary_cat":"","_seopress_titles_title":"","_seopress_titles_desc":"","_seopress_robots_index":""},"product_brand":[3407],"product_cat":[29,514],"product_tag":[3270],"class_list":{"0":"post-461166","1":"product","2":"type-product","3":"status-publish","4":"has-post-thumbnail","6":"product_brand-milwaukee","7":"product_cat-macchinari","8":"product_cat-altri-dispositivi","9":"product_tag-import-milwau","10":"sws-gruppo-macchinari-de","11":"sws-conto-ricavi-merci-rivendita-macchinari-de","12":"sws-gruppo-iva-iva81-de","14":"first","15":"onbackorder","16":"sale","17":"purchasable","18":"product-type-simple"},"_links":{"self":[{"href":"https:\/\/lucacastelli.com\/de\/wp-json\/wp\/v2\/product\/461166","targetHints":{"allow":["GET"]}}],"collection":[{"href":"https:\/\/lucacastelli.com\/de\/wp-json\/wp\/v2\/product"}],"about":[{"href":"https:\/\/lucacastelli.com\/de\/wp-json\/wp\/v2\/types\/product"}],"wp:featuredmedia":[{"embeddable":true,"href":"https:\/\/lucacastelli.com\/de\/wp-json\/wp\/v2\/media\/459106"}],"wp:attachment":[{"href":"https:\/\/lucacastelli.com\/de\/wp-json\/wp\/v2\/media?parent=461166"}],"wp:term":[{"taxonomy":"product_brand","embeddable":true,"href":"https:\/\/lucacastelli.com\/de\/wp-json\/wp\/v2\/product_brand?post=461166"},{"taxonomy":"product_cat","embeddable":true,"href":"https:\/\/lucacastelli.com\/de\/wp-json\/wp\/v2\/product_cat?post=461166"},{"taxonomy":"product_tag","embeddable":true,"href":"https:\/\/lucacastelli.com\/de\/wp-json\/wp\/v2\/product_tag?post=461166"}],"curies":[{"name":"wp","href":"https:\/\/api.w.org\/{rel}","templated":true}]}}