{"id":461165,"date":"2025-06-15T07:00:51","date_gmt":"2025-06-15T05:00:51","guid":{"rendered":"https:\/\/lucacastelli.com\/prodotto\/nibbler\/"},"modified":"2025-06-29T07:34:15","modified_gmt":"2025-06-29T05:34:15","slug":"nibbler","status":"publish","type":"product","link":"https:\/\/lucacastelli.com\/de\/produkt\/nibbler\/","title":{"rendered":"MILWAUKEE Knabberer"},"content":{"rendered":"<p>Der erste 12V-Nibbler mit einer maximalen Schneidkapazit\u00e4t auf Kohlenstoffstahl von 1,6 mm, Edelstahl 1,2 mm, Aluminium 2,1 mm&lt;Br&gt;  Mit nur 1,6 kg Gewicht (inkl. 6,0 Ah Akku) ist er der leichteste Akku-Knabber auf dem Markt&lt;Br&gt;  Maximale Kontrolle f\u00fcr jede Art von Material, mit 5 Einstellungen ist es ideal f\u00fcr die Bearbeitung von Edelstahl und Aluminium&lt;Br&gt;  Zollauto controlZoll-Z\u00fcndsystem, startet langsam und erreicht die maximale Geschwindigkeit, wenn der Benutzer mit dem Schneiden beginnt&lt;Br&gt;  Einstellung der Schnittrichtung (90\u00b0) ohne den Einsatz von Werkzeugen&lt;Br&gt;  Werkzeugloses Aus- und Ersetzen von Zubeh\u00f6r&lt;Br&gt;  Ausgestattet mit einem Beutel f\u00fcr die Sammlung von Verarbeitungsabf\u00e4llen&lt;Br&gt;  LED-Leuchten erhellen den Arbeitsbereich&lt;Br&gt;  Integrierter G\u00fcrtelhaken und Kordelzug&lt;Br&gt;  Der b\u00fcrstenlose POWERSTATE-Motor\u2122 garantiert Leistung auch unter Belastung. Die REDLINK PLUS-Elektronik\u2122 bietet einen erh\u00f6hten \u00dcberlastungsschutz f\u00fcr Werkzeug und Akku und sorgt so f\u00fcr eine l\u00e4ngere Lebensdauer in Hochleistungsanwendungen, w\u00e4hrend die REDLITHIUM-Batterie\u2122 eine fortschrittliche Akkukonstruktion und eine gleichbleibende Leistung gew\u00e4hrleistet, um eine l\u00e4ngere Laufzeit zu bieten und die Batterielebensdauer&lt;zu maximieren br&gt; Funktioniert mit allen M12-Batterien\u2122 <\/p>\n<p>BARCODE: 4058546374136<\/p>\n<p>Technische<br \/>\nDaten 5<\/p>\n<p>2 x M12 B4 Akkupack, C12 C Ladeger\u00e4t, HeavyDuty Koffer, Matrix, Adapter, Matrixhalter, Auffangbeutel<\/p>\n","protected":false},"excerpt":{"rendered":"<p>Der erste 12V-Nibbler mit einer maximalen Schneidkapazit\u00e4t auf Kohlenstoffstahl von 1,6 mm, Edelstahl 1,2 mm, Aluminium 2,1 mm&lt;Br&gt; Mit nur<\/p>\n","protected":false},"featured_media":459135,"template":"","meta":{"_seopress_robots_primary_cat":"","_seopress_titles_title":"","_seopress_titles_desc":"","_seopress_robots_index":""},"product_brand":[3656],"product_cat":[1454,169],"product_tag":[3272],"class_list":{"0":"post-461165","1":"product","2":"type-product","3":"status-publish","4":"has-post-thumbnail","6":"product_brand-milwaukee-de","7":"product_cat-andere-gerate","8":"product_cat-maschinen","9":"product_tag-import-milwau-de","10":"sws-gruppo-macchinari-de","11":"sws-conto-ricavi-merci-rivendita-macchinari-de","12":"sws-gruppo-iva-iva81-de","14":"first","15":"onbackorder","16":"sale","17":"purchasable","18":"product-type-simple"},"_links":{"self":[{"href":"https:\/\/lucacastelli.com\/de\/wp-json\/wp\/v2\/product\/461165","targetHints":{"allow":["GET"]}}],"collection":[{"href":"https:\/\/lucacastelli.com\/de\/wp-json\/wp\/v2\/product"}],"about":[{"href":"https:\/\/lucacastelli.com\/de\/wp-json\/wp\/v2\/types\/product"}],"wp:featuredmedia":[{"embeddable":true,"href":"https:\/\/lucacastelli.com\/de\/wp-json\/wp\/v2\/media\/459135"}],"wp:attachment":[{"href":"https:\/\/lucacastelli.com\/de\/wp-json\/wp\/v2\/media?parent=461165"}],"wp:term":[{"taxonomy":"product_brand","embeddable":true,"href":"https:\/\/lucacastelli.com\/de\/wp-json\/wp\/v2\/product_brand?post=461165"},{"taxonomy":"product_cat","embeddable":true,"href":"https:\/\/lucacastelli.com\/de\/wp-json\/wp\/v2\/product_cat?post=461165"},{"taxonomy":"product_tag","embeddable":true,"href":"https:\/\/lucacastelli.com\/de\/wp-json\/wp\/v2\/product_tag?post=461165"}],"curies":[{"name":"wp","href":"https:\/\/api.w.org\/{rel}","templated":true}]}}